{"id":993,"date":"2025-10-10T10:21:33","date_gmt":"2025-10-10T10:21:33","guid":{"rendered":"https:\/\/pfaddervisionaere.de\/?page_id=993"},"modified":"2025-10-10T13:08:05","modified_gmt":"2025-10-10T13:08:05","slug":"italien","status":"publish","type":"page","link":"https:\/\/pfaddervisionaere.de\/en\/italien","title":{"rendered":"Italien"},"content":{"rendered":"<figure class=\"wp-block-image size-full\"><img loading=\"lazy\" decoding=\"async\" width=\"600\" height=\"400\" src=\"https:\/\/pfaddervisionaere.de\/wp-content\/uploads\/2025\/09\/Flag_of_Italy.png\" alt=\"\" class=\"wp-image-892\" srcset=\"https:\/\/pfaddervisionaere.de\/wp-content\/uploads\/2025\/09\/Flag_of_Italy.png 600w, https:\/\/pfaddervisionaere.de\/wp-content\/uploads\/2025\/09\/Flag_of_Italy-300x200.png 300w, https:\/\/pfaddervisionaere.de\/wp-content\/uploads\/2025\/09\/Flag_of_Italy-18x12.png 18w, https:\/\/pfaddervisionaere.de\/wp-content\/uploads\/2025\/09\/Flag_of_Italy-520x347.png 520w\" sizes=\"auto, (max-width: 600px) 100vw, 600px\" \/><\/figure>\n\n\n\n<p><em>For english version see below<\/em><\/p>\n\n\n\n<p><\/p>\n\n\n\n<p><strong>In welchem Land wird am meisten Schokolade gegessen?<\/strong><br>A) Deutschland<br>B) Lettland<br>C) Bulgarien<br>Notieren Sie sich bitte den Anfangsbuchstaben der richtigen Antwort.<\/p>\n\n\n\n<p><\/p>\n\n\n\n<p>S<em>ie befinden sich an der <strong>italienischen Tafel<\/strong> des PFAD DER VISION\u00c4RE (m\/w\/d).<\/em><\/p>\n\n\n\n<p><\/p>\n\n\n\n<p>Italien ist ebenfalls Gr\u00fcndungsmitglied der EU. Es war 1957 Teil der ersten sechs Staaten, die mit den R\u00f6mischen Vertr\u00e4gen den Grundstein legten.<\/p>\n\n\n\n<p>Wussten Sie, dass Italien weltweit die meisten UNESCO-Welterbest\u00e4tten hat \u2013 von Rom \u00fcber Venedig bis zu kleinen Bergd\u00f6rfern? Die \u00e4lteste Universit\u00e4t Europas steht in Bologna. Sie wurde 1088 gegr\u00fcndet. Kurios erscheint, dass es in Italien einen Uni-Kurs \u00fcber Pasta gibt.<br>Die EU half beim Schutz des Parmesans \u2013 mit Herkunftsbezeichnung und EU-Logo ist der K\u00e4se nun offiziell ein kulinarischer Schatz Italiens.<\/p>\n\n\n\n<p><\/p>\n\n\n\n<p><strong>Was verbindet uns?<\/strong><br>Italienisches Lebensgef\u00fchl findet man in Berlin \u00fcberall \u2013 von der Eisdiele bis zum Opernhaus. Die EU verbindet uns durch Kulturprojekte, Austauschprogramme und Tourismus. Italien ist einer der wichtigsten Partner Deutschlands in der EU.<\/p>\n\n\n\n<p>Europa steht aktuell vor gro\u00dfen Herausforderungen. ZUSAMMEN k\u00f6nnen wir die Herausforderungen BESSER bestehen\u2013 gemeinsam k\u00f6nnen wir mehr bewegen! Mischen Sie sich ein und sprechen Sie zum Beispiel Ihre EU-Beauftragten in den Bezirks\u00e4mtern an.<\/p>\n\n\n\n<p><\/p>\n\n\n\n<p><em>You are at the <strong>Italian table<\/strong> of the PATH OF THE VISIONARIES.<\/em><\/p>\n\n\n\n<p><\/p>\n\n\n\n<p>Italy is also a founding member of the EU. In 1957 it was part of the original six states that laid the foundation with the Roman Treaties.<\/p>\n\n\n\n<p>Did you know that Italy has the most UNESCO World Heritage Sites worldwide \u2014 from Rome to Venice to small mountain villages? The oldest university in Europe is in Bologna. It was founded in 1088. Curiously, there is even a university course about pasta in Italy. EU helped protect Parmigiano Reggiano \u2014 with origin labeling and EU logo the cheese is officially a culinary treasure of Italy.<\/p>\n\n\n\n<p><\/p>\n\n\n\n<p><strong>What connects us?<\/strong> The Italian way of life can be found everywhere in Berlin \u2014 from the ice cream shop to the opera house. The EU connects us through cultural projects, exchange programs, and tourism. Italy is one of Germany\u2019s most important partners in the EU.<\/p>\n\n\n\n<p>Europe currently faces major challenges. TOGETHER we can better meet these challenges \u2013 together we can move more! Get involved and, for example, speak to your EU commissioners in the district offices.<\/p>","protected":false},"excerpt":{"rendered":"<p>For english version see below In welchem Land wird am meisten Schokolade gegessen?A) DeutschlandB) LettlandC) BulgarienNotieren Sie sich bitte den Anfangsbuchstaben der richtigen Antwort. Sie befinden&#46;&#46;&#46;<\/p>","protected":false},"author":2,"featured_media":0,"parent":0,"menu_order":0,"comment_status":"closed","ping_status":"closed","template":"","meta":{"ub_ctt_via":"","pgc_sgb_lightbox_settings":"","footnotes":""},"class_list":["post-993","page","type-page","status-publish","hentry"],"featured_image_src":null,"_links":{"self":[{"href":"https:\/\/pfaddervisionaere.de\/en\/wp-json\/wp\/v2\/pages\/993","targetHints":{"allow":["GET"]}}],"collection":[{"href":"https:\/\/pfaddervisionaere.de\/en\/wp-json\/wp\/v2\/pages"}],"about":[{"href":"https:\/\/pfaddervisionaere.de\/en\/wp-json\/wp\/v2\/types\/page"}],"author":[{"embeddable":true,"href":"https:\/\/pfaddervisionaere.de\/en\/wp-json\/wp\/v2\/users\/2"}],"replies":[{"embeddable":true,"href":"https:\/\/pfaddervisionaere.de\/en\/wp-json\/wp\/v2\/comments?post=993"}],"version-history":[{"count":3,"href":"https:\/\/pfaddervisionaere.de\/en\/wp-json\/wp\/v2\/pages\/993\/revisions"}],"predecessor-version":[{"id":1100,"href":"https:\/\/pfaddervisionaere.de\/en\/wp-json\/wp\/v2\/pages\/993\/revisions\/1100"}],"wp:attachment":[{"href":"https:\/\/pfaddervisionaere.de\/en\/wp-json\/wp\/v2\/media?parent=993"}],"curies":[{"name":"wp","href":"https:\/\/api.w.org\/{rel}","templated":true}]}}