{"id":991,"date":"2025-10-10T10:21:59","date_gmt":"2025-10-10T10:21:59","guid":{"rendered":"https:\/\/pfaddervisionaere.de\/?page_id=991"},"modified":"2025-10-10T13:04:35","modified_gmt":"2025-10-10T13:04:35","slug":"deutschland","status":"publish","type":"page","link":"https:\/\/pfaddervisionaere.de\/en\/deutschland","title":{"rendered":"Deutschland"},"content":{"rendered":"<figure class=\"wp-block-image size-full is-resized\"><img loading=\"lazy\" decoding=\"async\" width=\"600\" height=\"400\" src=\"https:\/\/pfaddervisionaere.de\/wp-content\/uploads\/2025\/09\/Flag_of_Germany.png\" alt=\"\" class=\"wp-image-885\" style=\"width:840px;height:auto\" srcset=\"https:\/\/pfaddervisionaere.de\/wp-content\/uploads\/2025\/09\/Flag_of_Germany.png 600w, https:\/\/pfaddervisionaere.de\/wp-content\/uploads\/2025\/09\/Flag_of_Germany-300x200.png 300w, https:\/\/pfaddervisionaere.de\/wp-content\/uploads\/2025\/09\/Flag_of_Germany-18x12.png 18w, https:\/\/pfaddervisionaere.de\/wp-content\/uploads\/2025\/09\/Flag_of_Germany-520x347.png 520w\" sizes=\"auto, (max-width: 600px) 100vw, 600px\" \/><\/figure>\n\n\n\n<p><em>For english version see below<\/em><\/p>\n\n\n\n<p><\/p>\n\n\n\n<p><strong>Alles in Deutschland wird teurer! Ist das so?<\/strong><\/p>\n\n\n\n<p>Wussten Sie, dass die gemeinsame W\u00e4hrung u.a. durch den Wegfall der Preisschwankungen insgesamt die Kosten g\u00fcnstiger macht.<\/p>\n\n\n\n<p>Die EU tr\u00e4gt vor allem dazu bei, den Binnenmarkt zu st\u00e4rken, den Handel zu erleichtern und den Wettbewerb zu f\u00f6rdern.<\/p>\n\n\n\n<p>F\u00fcr den Einzelnen f\u00fchrt das in den meisten F\u00e4llen zu <strong>niedrigeren<\/strong> Preisen, weil Produkte aus anderen EU-L\u00e4ndern g\u00fcnstiger angeboten werden k\u00f6nnen. Au\u00dferdem profitieren Verbraucher durch den freien Waren- und Dienstleistungsverkehr von einer gr\u00f6\u00dferen Auswahl und oft auch von besseren Preisen.<\/p>\n\n\n\n<p>Obst und Gem\u00fcse zum Beispiel kann in vielen L\u00e4ndern der EU viel g\u00fcnstiger angebaut werden. Die hohen Lohnkosten in Deutschland w\u00fcrden die Produkte extrem verteuern, wenn sie nur aus Deutschland k\u00e4men und w\u00fcrden das Angebot sehr einschr\u00e4nken. Au\u00dferdem m\u00fcsste man f\u00fcr Importe hohe Z\u00f6lle zahlen, g\u00e4be es die EU nicht.<\/p>\n\n\n\n<p><\/p>\n\n\n\n<p><em>Sie befinden sich an der <strong>deutschen Tafel<\/strong> des PFAD DER VISION\u00c4RE (m\/w\/d).<\/em><\/p>\n\n\n\n<p><\/p>\n\n\n\n<p>Deutschland war von Anfang an in der EU dabei! 1957 gr\u00fcndete es zusammen mit f\u00fcnf anderen L\u00e4ndern die Europ\u00e4ische Wirtschaftsgemeinschaft \u2013 ein Vorl\u00e4ufer der EU. Seitdem ist Deutschland eine treibende Kraft in Europa.<\/p>\n\n\n\n<p>Wussten Sie, dass Deutschland nicht nur f\u00fcr Autobahn und Bratwurst bekannt ist? Es gibt \u00fcber 1\u202f500 Brotsorten \u2013 das \u201eBrotland Nr. 1\u201c hat sogar ein eigenes Brotinstitut. Und in M\u00fcnchen steht der gr\u00f6\u00dfte Technik-Flohmarkt Europas \u2013 mit allem von alten R\u00f6hren bis Hightech-Spielzeug. \u00dcberraschend ist auch, dass es in Deutschland mehr als 20\u202f000 Burgen und Schl\u00f6sser gibt \u2013 viele davon wie aus dem M\u00e4rchenbuch.<br>Die EU erm\u00f6glichte auch in Deutschland die Einf\u00fchrung des einheitlichen Ladekabels \u2013 weniger Kabelsalat, mehr Platz in der Schublade.<\/p>\n\n\n\n<p>Europa steht aktuell vor gro\u00dfen Herausforderungen. ZUSAMMEN k\u00f6nnen wir die Herausforderungen BESSER bestehen\u2013 gemeinsam k\u00f6nnen wir mehr bewegen! Mischen Sie sich ein und sprechen Sie zum Beispiel Ihre EU-Beauftragten in den Bezirks\u00e4mtern an.<\/p>\n\n\n\n<p><\/p>\n\n\n\n<p><strong>Everything in Germany is becoming more expensive! Is that so?<\/strong><\/p>\n\n\n\n<p>Did you know that the common currency, among other things, reduces price fluctuations, making costs generally cheaper. The EU mainly helps to strengthen the internal market, facilitate trade, and promote competition.<\/p>\n\n\n\n<p>For individuals this mostly leads to lower prices, as products from other EU countries can be offered more cheaply. Consumers benefit from freer movement of goods and services, a larger choice, and often better prices. For example, fruits and vegetables can be grown much cheaper in many EU countries. High wage costs in Germany would make products extremely expensive if they only came from Germany and would limit supply. Also, imports would have to pay high duties if the EU didn\u2019t exist.<\/p>\n\n\n\n<p><\/p>\n\n\n\n<p><em>You are at the <strong>German table<\/strong> of the PATH OF THE VISIONARIES.<\/em><\/p>\n\n\n\n<p><\/p>\n\n\n\n<p>Germany was involved from the start! In 1957 it, together with five other countries, founded the European Economic Community \u2014 a predecessor of the EU. Since then, Germany has been a driving force in Europe. Did you know Germany is not only known for the Autobahn and bratwurst? There are over 1,500 types of bread \u2014 \u201cBread Country No. 1\u201d even has its own bread institute. And in Munich lies Europe\u2019s largest tech flea market \u2014 from old tubes to high-tech toys. It\u2019s also surprising that there are more than 20,000 castles and palaces in Germany \u2014 many like out of a fairy tale. The EU also enabled the introduction of a single charging cable in Germany \u2014 less cable mess, more space in the drawer.<\/p>\n\n\n\n<p>Europe currently faces major challenges. TOGETHER we can better meet these challenges \u2013 together we can move more! Get involved and, for example, speak to your EU commissioners in the district offices.<\/p>","protected":false},"excerpt":{"rendered":"<p>For english version see below Alles in Deutschland wird teurer! Ist das so? Wussten Sie, dass die gemeinsame W\u00e4hrung u.a. durch den Wegfall der Preisschwankungen insgesamt&#46;&#46;&#46;<\/p>","protected":false},"author":2,"featured_media":0,"parent":0,"menu_order":0,"comment_status":"closed","ping_status":"closed","template":"","meta":{"ub_ctt_via":"","pgc_sgb_lightbox_settings":"","footnotes":""},"class_list":["post-991","page","type-page","status-publish","hentry"],"featured_image_src":null,"_links":{"self":[{"href":"https:\/\/pfaddervisionaere.de\/en\/wp-json\/wp\/v2\/pages\/991","targetHints":{"allow":["GET"]}}],"collection":[{"href":"https:\/\/pfaddervisionaere.de\/en\/wp-json\/wp\/v2\/pages"}],"about":[{"href":"https:\/\/pfaddervisionaere.de\/en\/wp-json\/wp\/v2\/types\/page"}],"author":[{"embeddable":true,"href":"https:\/\/pfaddervisionaere.de\/en\/wp-json\/wp\/v2\/users\/2"}],"replies":[{"embeddable":true,"href":"https:\/\/pfaddervisionaere.de\/en\/wp-json\/wp\/v2\/comments?post=991"}],"version-history":[{"count":3,"href":"https:\/\/pfaddervisionaere.de\/en\/wp-json\/wp\/v2\/pages\/991\/revisions"}],"predecessor-version":[{"id":1093,"href":"https:\/\/pfaddervisionaere.de\/en\/wp-json\/wp\/v2\/pages\/991\/revisions\/1093"}],"wp:attachment":[{"href":"https:\/\/pfaddervisionaere.de\/en\/wp-json\/wp\/v2\/media?parent=991"}],"curies":[{"name":"wp","href":"https:\/\/api.w.org\/{rel}","templated":true}]}}