{"id":989,"date":"2025-10-10T10:22:21","date_gmt":"2025-10-10T10:22:21","guid":{"rendered":"https:\/\/pfaddervisionaere.de\/?page_id=989"},"modified":"2025-10-10T13:06:44","modified_gmt":"2025-10-10T13:06:44","slug":"frankreich","status":"publish","type":"page","link":"https:\/\/pfaddervisionaere.de\/en\/frankreich","title":{"rendered":"Frankreich"},"content":{"rendered":"<figure class=\"wp-block-image size-full\"><img loading=\"lazy\" decoding=\"async\" width=\"600\" height=\"400\" src=\"https:\/\/pfaddervisionaere.de\/wp-content\/uploads\/2025\/09\/Flag_of_France-Thumbnail.png\" alt=\"\" class=\"wp-image-889\" srcset=\"https:\/\/pfaddervisionaere.de\/wp-content\/uploads\/2025\/09\/Flag_of_France-Thumbnail.png 600w, https:\/\/pfaddervisionaere.de\/wp-content\/uploads\/2025\/09\/Flag_of_France-Thumbnail-300x200.png 300w, https:\/\/pfaddervisionaere.de\/wp-content\/uploads\/2025\/09\/Flag_of_France-Thumbnail-18x12.png 18w, https:\/\/pfaddervisionaere.de\/wp-content\/uploads\/2025\/09\/Flag_of_France-Thumbnail-520x347.png 520w\" sizes=\"auto, (max-width: 600px) 100vw, 600px\" \/><\/figure>\n\n\n\n<p><em>For english version see below<\/em><\/p>\n\n\n\n<p><\/p>\n\n\n\n<p><strong>Vorschriften \u2026 Vorschriften \u2026 Vorschriften\u2026 Die EU \u00fcberreguliert unseren Alltag! Ist das so?<\/strong><\/p>\n\n\n\n<p>Wussten Sie, dass EU-Regelungen dazu beitragen, den Alltag sicherer und gerechter zu machen, anstatt ihn unn\u00f6tig zu erschweren? Die Europ\u00e4ische Union setzt Regeln und Standards, um den Binnenmarkt zu harmonisieren, den Verbraucherschutz zu st\u00e4rken und die Sicherheit zu gew\u00e4hrleisten.<\/p>\n\n\n\n<p>F\u00fcr den Einzelnen bedeutet das eine f\u00fcr alle geregelte Vertrauensgrundlage, z.B.: was im \u00d6l landet, im Wein, in S\u00e4ften oder im Bier. Ohne die EU-Regelungen h\u00e4tte man keinen Ausgleich f\u00fcr versp\u00e4tete oder gestrichene Fl\u00fcge, keine Standards bei Reisen, keine g\u00fcnstigen Telefontarife, kein R\u00fcckgaberecht beim Online-Shopping u.v.m. 1 EU-Regulierung ersetzt 27 unterschiedliche nationale Regelungen, denn viele Einzelstaat-Regeln sind weggefallen.<\/p>\n\n\n\n<p><\/p>\n\n\n\n<p><em>Sie befinden sich an der <strong>franz\u00f6sischen Tafel<\/strong> des PFAD DER VISION\u00c4RE (m\/w\/d).<\/em><\/p>\n\n\n\n<p><\/p>\n\n\n\n<p>Frankreich ist Gr\u00fcndungsmitglied der EU. Bereits 1957 unterzeichnete es die R\u00f6mischen Vertr\u00e4ge \u2013 gemeinsam mit Deutschland, Italien, Belgien, Luxemburg und den Niederlanden.<\/p>\n\n\n\n<p>Wussten Sie, dass Frankreich die meisten Zeitzonen der Welt besitzt? Das ist auf seine \u00dcberseegebiete zur\u00fcckzuf\u00fchren! Und in Frankreich wird j\u00e4hrlich mehr K\u00e4se gegessen als irgendwo sonst in Europa.<br>Die EU finanzierte die Wiederherstellung des Mont-Saint-Michel-Zugangs \u2013 jetzt ist die Insel wieder von Wasser umgeben und wirkt wie aus einem Fantasyfilm.<\/p>\n\n\n\n<p><\/p>\n\n\n\n<p><strong>Was verbindet uns?<\/strong><br>Deutschland und Frankreich bilden den \u201eMotor Europas\u201c. Berlin und Paris kooperieren eng \u2013 politisch, wirtschaftlich, kulturell. Die deutsch-franz\u00f6sische Freundschaft pr\u00e4gt den EU-Gedanken. Zahlreiche Austauschprogramme, St\u00e4dtepartnerschaften (z.\u202fB. Berlin \u2013 Paris) und EU-Initiativen verbinden unsere L\u00e4nder.<\/p>\n\n\n\n<p>Europa steht aktuell vor gro\u00dfen Herausforderungen. ZUSAMMEN k\u00f6nnen wir die Herausforderungen BESSER bestehen\u2013 gemeinsam k\u00f6nnen wir mehr bewegen! Mischen Sie sich ein und sprechen Sie zum Beispiel Ihre EU-Beauftragten in den Bezirks\u00e4mtern an.<\/p>\n\n\n\n<p><\/p>\n\n\n\n<p><strong>Regulations \u2026 Regulations \u2026 Regulations \u2026 Is the EU over-regulating our daily life? Is that true?<\/strong><\/p>\n\n\n\n<p>Did you know that EU rules help make daily life safer and fairer, rather than unnecessarily hindering it? The European Union sets rules and standards to harmonize the internal market, strengthen consumer protection, and ensure safety. For individuals, this means a uniformly regulated basis of trust, e.g.: what goes into oil, wine, juice, or beer. Without EU rules there would be no compensation for delayed or canceled flights, no standards for travel, no affordable mobile tariffs, no online shopping return rights, and more. One EU regulation replaces 27 different national regulations, as many country-specific rules have been dropped.<\/p>\n\n\n\n<p><\/p>\n\n\n\n<p><em>You are at the <strong>French table<\/strong> of the PATH OF THE VISIONARIES.<\/em><\/p>\n\n\n\n<p><\/p>\n\n\n\n<p>France is a founding member of the EU. In 1957 it signed the Roman Treaties, together with Germany, Italy, Belgium, Luxembourg, and the Netherlands.<\/p>\n\n\n\n<p>Did you know France has the most time zones in the world? This is due to its overseas territories! And in France, more cheese is eaten annually than anywhere else in Europe. The EU financed the restoration of the Mont-Saint-Michel access \u2014 now the island is again surrounded by water and looks like it\u2019s from a fantasy film.<\/p>\n\n\n\n<p><\/p>\n\n\n\n<p><strong>What connects us?<\/strong> Germany and France form the \u201cengine of Europe.\u201d Berlin and Paris cooperate closely \u2014 politically, economically, culturally. The German-French friendship shapes the EU idea. Numerous exchange programs, town-twinning (e.g., Berlin \u2013 Paris), and EU initiatives connect our countries.<\/p>\n\n\n\n<p>Europe currently faces major challenges. TOGETHER we can better meet these challenges \u2013 together we can move more! Get involved and, for example, speak to your EU commissioners in the district offices.<\/p>\n\n\n\n<p><\/p>\n\n\n\n<p><\/p>\n\n\n\n<p><\/p>\n\n\n\n<p><\/p>","protected":false},"excerpt":{"rendered":"<p>For english version see below Vorschriften \u2026 Vorschriften \u2026 Vorschriften\u2026 Die EU \u00fcberreguliert unseren Alltag! Ist das so? Wussten Sie, dass EU-Regelungen dazu beitragen, den Alltag&#46;&#46;&#46;<\/p>","protected":false},"author":2,"featured_media":0,"parent":0,"menu_order":0,"comment_status":"closed","ping_status":"closed","template":"","meta":{"ub_ctt_via":"","pgc_sgb_lightbox_settings":"","footnotes":""},"class_list":["post-989","page","type-page","status-publish","hentry"],"featured_image_src":null,"_links":{"self":[{"href":"https:\/\/pfaddervisionaere.de\/en\/wp-json\/wp\/v2\/pages\/989","targetHints":{"allow":["GET"]}}],"collection":[{"href":"https:\/\/pfaddervisionaere.de\/en\/wp-json\/wp\/v2\/pages"}],"about":[{"href":"https:\/\/pfaddervisionaere.de\/en\/wp-json\/wp\/v2\/types\/page"}],"author":[{"embeddable":true,"href":"https:\/\/pfaddervisionaere.de\/en\/wp-json\/wp\/v2\/users\/2"}],"replies":[{"embeddable":true,"href":"https:\/\/pfaddervisionaere.de\/en\/wp-json\/wp\/v2\/comments?post=989"}],"version-history":[{"count":4,"href":"https:\/\/pfaddervisionaere.de\/en\/wp-json\/wp\/v2\/pages\/989\/revisions"}],"predecessor-version":[{"id":1097,"href":"https:\/\/pfaddervisionaere.de\/en\/wp-json\/wp\/v2\/pages\/989\/revisions\/1097"}],"wp:attachment":[{"href":"https:\/\/pfaddervisionaere.de\/en\/wp-json\/wp\/v2\/media?parent=989"}],"curies":[{"name":"wp","href":"https:\/\/api.w.org\/{rel}","templated":true}]}}