{"id":987,"date":"2025-10-10T10:31:46","date_gmt":"2025-10-10T10:31:46","guid":{"rendered":"https:\/\/pfaddervisionaere.de\/?page_id=987"},"modified":"2026-02-16T10:54:37","modified_gmt":"2026-02-16T10:54:37","slug":"besser-zusammen","status":"publish","type":"page","link":"https:\/\/pfaddervisionaere.de\/en\/besser-zusammen","title":{"rendered":"Europa? &#8211; Besser zusammen!"},"content":{"rendered":"<p><\/p>\n\n\n\n<p><strong>Eine Aktion zum Thema Werte, Kulturen, aktuelle Unsicherheiten und Fragen \u00fcber Europa am 21. und 22. Oktober 2025.<\/strong><\/p>\n\n\n\n<figure class=\"wp-block-image size-large is-resized\"><img loading=\"lazy\" decoding=\"async\" width=\"726\" height=\"1024\" src=\"https:\/\/pfaddervisionaere.de\/wp-content\/uploads\/2026\/02\/2026_Plakat_Europa_besser_zusammen-726x1024.jpg\" alt=\"Plakat der Aktion &quot;Europa - besser zusammen&quot;\" class=\"wp-image-1181\" style=\"width:300px\" srcset=\"https:\/\/pfaddervisionaere.de\/wp-content\/uploads\/2026\/02\/2026_Plakat_Europa_besser_zusammen-726x1024.jpg 726w, https:\/\/pfaddervisionaere.de\/wp-content\/uploads\/2026\/02\/2026_Plakat_Europa_besser_zusammen-213x300.jpg 213w, https:\/\/pfaddervisionaere.de\/wp-content\/uploads\/2026\/02\/2026_Plakat_Europa_besser_zusammen-768x1083.jpg 768w, https:\/\/pfaddervisionaere.de\/wp-content\/uploads\/2026\/02\/2026_Plakat_Europa_besser_zusammen-9x12.jpg 9w, https:\/\/pfaddervisionaere.de\/wp-content\/uploads\/2026\/02\/2026_Plakat_Europa_besser_zusammen-720x1015.jpg 720w, https:\/\/pfaddervisionaere.de\/wp-content\/uploads\/2026\/02\/2026_Plakat_Europa_besser_zusammen.jpg 1000w\" sizes=\"auto, (max-width: 726px) 100vw, 726px\" \/><\/figure>\n\n\n\n<p>Europa \u2013 das klingt oft weit weg. In der Ausstellung EUROPA? &#8211; BESSER ZUSAMMEN! wird es ganz nah: 27 \u00fcberdimensionale Fragezeichen, kleine Spiele und Gespr\u00e4che laden dazu ein, neugierig zu sein, mitzureden und Neues \u00fcber Europa zu entdecken.<\/p>\n\n\n\n<p>Die Aktion in der Fu\u00dfg\u00e4ngerzone ist eine M\u00f6glichkeit, sich aktiv mit den gemeinsamen europ\u00e4ischen Werten, Kulturen und aktuellen Unsicherheiten auseinanderzusetzen und sich von der Vielfalt Europas inspirieren zu lassen. Mit kreativen Mitteln und provokanten Fragen regt EUROPA? &#8211; BESSER ZUSAMMEN! zum Nachdenken an.<\/p>\n\n\n\n<p><\/p>\n\n\n\n<p>Auf den Seiten der EU-L\u00e4nder finden Sie Fragen, Aussagen und Antworten, die viele B\u00fcrgerinnen und B\u00fcrger Europas interessieren. Vielleicht l\u00f6st sich sogar mancher Mythos \u00fcber die EU.<\/p>\n\n\n\n<p><\/p>\n\n\n\n<figure class=\"wp-block-image size-full is-resized\"><a href=\"https:\/\/pfaddervisionaere.de\/en\/interviews-zu-europa-2\/\"><img loading=\"lazy\" decoding=\"async\" width=\"522\" height=\"396\" src=\"https:\/\/pfaddervisionaere.de\/wp-content\/uploads\/2026\/02\/2-1.jpg\" alt=\"\" class=\"wp-image-1183\" style=\"width:200px\" srcset=\"https:\/\/pfaddervisionaere.de\/wp-content\/uploads\/2026\/02\/2-1.jpg 522w, https:\/\/pfaddervisionaere.de\/wp-content\/uploads\/2026\/02\/2-1-300x228.jpg 300w, https:\/\/pfaddervisionaere.de\/wp-content\/uploads\/2026\/02\/2-1-16x12.jpg 16w\" sizes=\"auto, (max-width: 522px) 100vw, 522px\" \/><\/a><\/figure>\n\n\n\n<p>Im Rahmen der Aktion wurden \u00fcber 50 Menschen interviewt und nach ihrer Meinung zu Europa befragt. <a href=\"https:\/\/pfaddervisionaere.de\/en\/interviews-zu-europa-2\/\" data-type=\"link\" data-id=\"https:\/\/pfaddervisionaere.de\/interviews-zu-europa-2\">Finden Sie hier ihre Antworten<\/a>.<\/p>\n\n\n\n<p><\/p>\n\n\n\n<p>Wir freuen uns \u00fcber Ihr Feedback! Speichern Sie einfach <a href=\"https:\/\/pfaddervisionaere.de\/wp-content\/uploads\/2025\/10\/Feedbackbogen_Europa_besser_zusammen.pdf\">das ausgef\u00fcllte PDF<\/a> auf Ihrem Computer und mailen es anschlie\u00dfend an <a href=\"mailto:info@kunstwelt-berlin.de\">info[at]kunstwelt-berlin.de<\/a><\/p>\n\n\n\n<p><\/p>\n\n\n\n<div class=\"wp-block-columns is-layout-flex wp-container-core-columns-is-layout-9d6595d7 wp-block-columns-is-layout-flex\">\n<div class=\"wp-block-column is-layout-flow wp-block-column-is-layout-flow\">\n<figure class=\"wp-block-image size-full is-resized is-style-rounded\"><a href=\"https:\/\/pfaddervisionaere.de\/en\/frankreich\/\"><img loading=\"lazy\" decoding=\"async\" width=\"80\" height=\"53\" src=\"https:\/\/pfaddervisionaere.de\/wp-content\/uploads\/2025\/10\/flag_of_france-thumbnail09.png\" alt=\"\" class=\"wp-image-996\" style=\"object-fit:cover;width:80px;height:53px\" srcset=\"https:\/\/pfaddervisionaere.de\/wp-content\/uploads\/2025\/10\/flag_of_france-thumbnail09.png 80w, https:\/\/pfaddervisionaere.de\/wp-content\/uploads\/2025\/10\/flag_of_france-thumbnail09-18x12.png 18w\" sizes=\"auto, (max-width: 80px) 100vw, 80px\" \/><\/a><\/figure>\n\n\n\n<p>Frankreich<\/p>\n<\/div>\n\n\n\n<div class=\"wp-block-column is-layout-flow wp-block-column-is-layout-flow\">\n<figure class=\"wp-block-image size-full is-resized\"><a href=\"https:\/\/pfaddervisionaere.de\/en\/deutschland\/\"><img loading=\"lazy\" decoding=\"async\" width=\"80\" height=\"53\" src=\"https:\/\/pfaddervisionaere.de\/wp-content\/uploads\/2025\/10\/flag_of_germany10.png\" alt=\"\" class=\"wp-image-1001\" style=\"object-fit:cover;width:80px;height:53px\" srcset=\"https:\/\/pfaddervisionaere.de\/wp-content\/uploads\/2025\/10\/flag_of_germany10.png 80w, https:\/\/pfaddervisionaere.de\/wp-content\/uploads\/2025\/10\/flag_of_germany10-18x12.png 18w\" sizes=\"auto, (max-width: 80px) 100vw, 80px\" \/><\/a><\/figure>\n\n\n\n<p>Deutschland<\/p>\n<\/div>\n\n\n\n<div class=\"wp-block-column is-layout-flow wp-block-column-is-layout-flow\">\n<figure class=\"wp-block-image size-full is-resized\"><a href=\"https:\/\/pfaddervisionaere.de\/en\/italien\/\"><img loading=\"lazy\" decoding=\"async\" width=\"80\" height=\"53\" src=\"https:\/\/pfaddervisionaere.de\/wp-content\/uploads\/2025\/10\/flag_of_italy14.png\" alt=\"\" class=\"wp-image-1003\" style=\"object-fit:cover;width:80px;height:53px\" srcset=\"https:\/\/pfaddervisionaere.de\/wp-content\/uploads\/2025\/10\/flag_of_italy14.png 80w, https:\/\/pfaddervisionaere.de\/wp-content\/uploads\/2025\/10\/flag_of_italy14-18x12.png 18w\" sizes=\"auto, (max-width: 80px) 100vw, 80px\" \/><\/a><\/figure>\n\n\n\n<p>Italien<\/p>\n<\/div>\n<\/div>\n\n\n\n<div class=\"wp-block-columns is-layout-flex wp-container-core-columns-is-layout-9d6595d7 wp-block-columns-is-layout-flex\">\n<div class=\"wp-block-column is-layout-flow wp-block-column-is-layout-flow\">\n<figure class=\"wp-block-image size-full is-resized\"><a href=\"https:\/\/pfaddervisionaere.de\/en\/belgien\/\"><img loading=\"lazy\" decoding=\"async\" width=\"80\" height=\"53\" src=\"https:\/\/pfaddervisionaere.de\/wp-content\/uploads\/2025\/10\/flag_of_belgium02.png\" alt=\"\" class=\"wp-image-1004\" style=\"object-fit:cover;width:80px;height:53px\" srcset=\"https:\/\/pfaddervisionaere.de\/wp-content\/uploads\/2025\/10\/flag_of_belgium02.png 80w, https:\/\/pfaddervisionaere.de\/wp-content\/uploads\/2025\/10\/flag_of_belgium02-18x12.png 18w\" sizes=\"auto, (max-width: 80px) 100vw, 80px\" \/><\/a><\/figure>\n\n\n\n<p>Belgien<\/p>\n<\/div>\n\n\n\n<div class=\"wp-block-column is-layout-flow wp-block-column-is-layout-flow\">\n<figure class=\"wp-block-image size-full is-resized\"><a href=\"https:\/\/pfaddervisionaere.de\/en\/niederlande\/\"><img loading=\"lazy\" decoding=\"async\" width=\"80\" height=\"53\" src=\"https:\/\/pfaddervisionaere.de\/wp-content\/uploads\/2025\/10\/flag_of_the_netherlands27.png\" alt=\"\" class=\"wp-image-1064\" style=\"object-fit:cover;width:80px;height:53px\" srcset=\"https:\/\/pfaddervisionaere.de\/wp-content\/uploads\/2025\/10\/flag_of_the_netherlands27.png 80w, https:\/\/pfaddervisionaere.de\/wp-content\/uploads\/2025\/10\/flag_of_the_netherlands27-18x12.png 18w\" sizes=\"auto, (max-width: 80px) 100vw, 80px\" \/><\/a><\/figure>\n\n\n\n<p>Niederlande<\/p>\n<\/div>\n\n\n\n<div class=\"wp-block-column is-layout-flow wp-block-column-is-layout-flow\">\n<figure class=\"wp-block-image size-full is-resized\"><a href=\"https:\/\/pfaddervisionaere.de\/en\/luxemburg\/\"><img loading=\"lazy\" decoding=\"async\" width=\"80\" height=\"53\" src=\"https:\/\/pfaddervisionaere.de\/wp-content\/uploads\/2025\/10\/flag_of_luxembourg17.png\" alt=\"\" class=\"wp-image-1066\" style=\"object-fit:cover;width:80px;height:53px\" srcset=\"https:\/\/pfaddervisionaere.de\/wp-content\/uploads\/2025\/10\/flag_of_luxembourg17.png 80w, https:\/\/pfaddervisionaere.de\/wp-content\/uploads\/2025\/10\/flag_of_luxembourg17-18x12.png 18w\" sizes=\"auto, (max-width: 80px) 100vw, 80px\" \/><\/a><\/figure>\n\n\n\n<p>Luxemburg<\/p>\n<\/div>\n<\/div>\n\n\n\n<div class=\"wp-block-columns is-layout-flex wp-container-core-columns-is-layout-9d6595d7 wp-block-columns-is-layout-flex\">\n<div class=\"wp-block-column is-layout-flow wp-block-column-is-layout-flow\">\n<figure class=\"wp-block-image size-full is-resized\"><a href=\"https:\/\/pfaddervisionaere.de\/en\/irland\/\"><img loading=\"lazy\" decoding=\"async\" width=\"80\" height=\"53\" src=\"https:\/\/pfaddervisionaere.de\/wp-content\/uploads\/2025\/10\/flag_of_ireland13.png\" alt=\"\" class=\"wp-image-1067\" style=\"object-fit:cover;width:80px;height:53px\" srcset=\"https:\/\/pfaddervisionaere.de\/wp-content\/uploads\/2025\/10\/flag_of_ireland13.png 80w, https:\/\/pfaddervisionaere.de\/wp-content\/uploads\/2025\/10\/flag_of_ireland13-18x12.png 18w\" sizes=\"auto, (max-width: 80px) 100vw, 80px\" \/><\/a><\/figure>\n\n\n\n<p>Irland<\/p>\n<\/div>\n\n\n\n<div class=\"wp-block-column is-layout-flow wp-block-column-is-layout-flow\">\n<figure class=\"wp-block-image size-full is-resized\"><a href=\"https:\/\/pfaddervisionaere.de\/en\/daenemark\/\"><img loading=\"lazy\" decoding=\"async\" width=\"80\" height=\"53\" src=\"https:\/\/pfaddervisionaere.de\/wp-content\/uploads\/2025\/10\/flag_of_denmark06.png\" alt=\"\" class=\"wp-image-1068\" style=\"object-fit:cover;width:80px;height:53px\" srcset=\"https:\/\/pfaddervisionaere.de\/wp-content\/uploads\/2025\/10\/flag_of_denmark06.png 80w, https:\/\/pfaddervisionaere.de\/wp-content\/uploads\/2025\/10\/flag_of_denmark06-18x12.png 18w\" sizes=\"auto, (max-width: 80px) 100vw, 80px\" \/><\/a><\/figure>\n\n\n\n<p>D\u00e4nemark<\/p>\n<\/div>\n\n\n\n<div class=\"wp-block-column is-layout-flow wp-block-column-is-layout-flow\">\n<figure class=\"wp-block-image size-full is-resized\"><a href=\"https:\/\/pfaddervisionaere.de\/en\/griechenland\/\"><img loading=\"lazy\" decoding=\"async\" width=\"80\" height=\"53\" src=\"https:\/\/pfaddervisionaere.de\/wp-content\/uploads\/2025\/10\/flag_of_greece11.png\" alt=\"\" class=\"wp-image-1069\" style=\"object-fit:cover;width:80px;height:53px\" srcset=\"https:\/\/pfaddervisionaere.de\/wp-content\/uploads\/2025\/10\/flag_of_greece11.png 80w, https:\/\/pfaddervisionaere.de\/wp-content\/uploads\/2025\/10\/flag_of_greece11-18x12.png 18w\" sizes=\"auto, (max-width: 80px) 100vw, 80px\" \/><\/a><\/figure>\n\n\n\n<p>Griechenland<\/p>\n<\/div>\n<\/div>\n\n\n\n<div class=\"wp-block-columns is-layout-flex wp-container-core-columns-is-layout-9d6595d7 wp-block-columns-is-layout-flex\">\n<div class=\"wp-block-column is-layout-flow wp-block-column-is-layout-flow\">\n<figure class=\"wp-block-image size-full is-resized\"><a href=\"https:\/\/pfaddervisionaere.de\/en\/portugal\/\"><img loading=\"lazy\" decoding=\"async\" width=\"80\" height=\"53\" src=\"https:\/\/pfaddervisionaere.de\/wp-content\/uploads\/2025\/10\/flag_of_portugal20.png\" alt=\"\" class=\"wp-image-1070\" style=\"object-fit:cover;width:80px;height:53px\" srcset=\"https:\/\/pfaddervisionaere.de\/wp-content\/uploads\/2025\/10\/flag_of_portugal20.png 80w, https:\/\/pfaddervisionaere.de\/wp-content\/uploads\/2025\/10\/flag_of_portugal20-18x12.png 18w\" sizes=\"auto, (max-width: 80px) 100vw, 80px\" \/><\/a><\/figure>\n\n\n\n<p>Portugal<\/p>\n<\/div>\n\n\n\n<div class=\"wp-block-column is-layout-flow wp-block-column-is-layout-flow\">\n<figure class=\"wp-block-image size-full is-resized\"><a href=\"https:\/\/pfaddervisionaere.de\/en\/spanien\/\"><img loading=\"lazy\" decoding=\"async\" width=\"80\" height=\"53\" src=\"https:\/\/pfaddervisionaere.de\/wp-content\/uploads\/2025\/10\/flag_of_spain24.png\" alt=\"\" class=\"wp-image-1071\" style=\"object-fit:cover;width:80px;height:53px\" srcset=\"https:\/\/pfaddervisionaere.de\/wp-content\/uploads\/2025\/10\/flag_of_spain24.png 80w, https:\/\/pfaddervisionaere.de\/wp-content\/uploads\/2025\/10\/flag_of_spain24-18x12.png 18w\" sizes=\"auto, (max-width: 80px) 100vw, 80px\" \/><\/a><\/figure>\n\n\n\n<p>Spanien<\/p>\n<\/div>\n\n\n\n<div class=\"wp-block-column is-layout-flow wp-block-column-is-layout-flow\">\n<figure class=\"wp-block-image size-full is-resized\"><a href=\"https:\/\/pfaddervisionaere.de\/en\/oesterreich\/\"><img loading=\"lazy\" decoding=\"async\" width=\"80\" height=\"53\" src=\"https:\/\/pfaddervisionaere.de\/wp-content\/uploads\/2025\/10\/flag_of_austria01.png\" alt=\"\" class=\"wp-image-1072\" style=\"object-fit:cover;width:80px;height:53px\" srcset=\"https:\/\/pfaddervisionaere.de\/wp-content\/uploads\/2025\/10\/flag_of_austria01.png 80w, https:\/\/pfaddervisionaere.de\/wp-content\/uploads\/2025\/10\/flag_of_austria01-18x12.png 18w\" sizes=\"auto, (max-width: 80px) 100vw, 80px\" \/><\/a><\/figure>\n\n\n\n<p>\u00d6sterreich<\/p>\n<\/div>\n<\/div>\n\n\n\n<div class=\"wp-block-columns is-layout-flex wp-container-core-columns-is-layout-9d6595d7 wp-block-columns-is-layout-flex\">\n<div class=\"wp-block-column is-layout-flow wp-block-column-is-layout-flow\">\n<figure class=\"wp-block-image size-full is-resized\"><a href=\"https:\/\/pfaddervisionaere.de\/en\/schweden\/\"><img loading=\"lazy\" decoding=\"async\" width=\"80\" height=\"53\" src=\"https:\/\/pfaddervisionaere.de\/wp-content\/uploads\/2025\/10\/flag_of_sweden25.png\" alt=\"\" class=\"wp-image-1073\" style=\"object-fit:cover;width:80px;height:53px\" srcset=\"https:\/\/pfaddervisionaere.de\/wp-content\/uploads\/2025\/10\/flag_of_sweden25.png 80w, https:\/\/pfaddervisionaere.de\/wp-content\/uploads\/2025\/10\/flag_of_sweden25-18x12.png 18w\" sizes=\"auto, (max-width: 80px) 100vw, 80px\" \/><\/a><\/figure>\n\n\n\n<p>Schweden<\/p>\n<\/div>\n\n\n\n<div class=\"wp-block-column is-layout-flow wp-block-column-is-layout-flow\">\n<figure class=\"wp-block-image size-full is-resized\"><a href=\"https:\/\/pfaddervisionaere.de\/en\/finnland\/\"><img loading=\"lazy\" decoding=\"async\" width=\"80\" height=\"53\" src=\"https:\/\/pfaddervisionaere.de\/wp-content\/uploads\/2025\/10\/flag_of_finland08.png\" alt=\"\" class=\"wp-image-1074\" style=\"object-fit:cover;width:80px;height:53px\" srcset=\"https:\/\/pfaddervisionaere.de\/wp-content\/uploads\/2025\/10\/flag_of_finland08.png 80w, https:\/\/pfaddervisionaere.de\/wp-content\/uploads\/2025\/10\/flag_of_finland08-18x12.png 18w\" sizes=\"auto, (max-width: 80px) 100vw, 80px\" \/><\/a><\/figure>\n\n\n\n<p>Finnland<\/p>\n<\/div>\n\n\n\n<div class=\"wp-block-column is-layout-flow wp-block-column-is-layout-flow\">\n<figure class=\"wp-block-image size-full is-resized\"><a href=\"https:\/\/pfaddervisionaere.de\/en\/estland\/\"><img loading=\"lazy\" decoding=\"async\" width=\"80\" height=\"53\" src=\"https:\/\/pfaddervisionaere.de\/wp-content\/uploads\/2025\/10\/flag_of_estonia07.png\" alt=\"\" class=\"wp-image-1075\" style=\"object-fit:cover;width:80px;height:53px\" srcset=\"https:\/\/pfaddervisionaere.de\/wp-content\/uploads\/2025\/10\/flag_of_estonia07.png 80w, https:\/\/pfaddervisionaere.de\/wp-content\/uploads\/2025\/10\/flag_of_estonia07-18x12.png 18w\" sizes=\"auto, (max-width: 80px) 100vw, 80px\" \/><\/a><\/figure>\n\n\n\n<p>Estland<\/p>\n<\/div>\n<\/div>\n\n\n\n<div class=\"wp-block-columns is-layout-flex wp-container-core-columns-is-layout-9d6595d7 wp-block-columns-is-layout-flex\">\n<div class=\"wp-block-column is-layout-flow wp-block-column-is-layout-flow\">\n<figure class=\"wp-block-image size-full is-resized\"><a href=\"https:\/\/pfaddervisionaere.de\/en\/lettland\/\"><img loading=\"lazy\" decoding=\"async\" width=\"80\" height=\"53\" src=\"https:\/\/pfaddervisionaere.de\/wp-content\/uploads\/2025\/10\/flag_of_latvia15.png\" alt=\"\" class=\"wp-image-1076\" style=\"object-fit:cover;width:80px;height:53px\" srcset=\"https:\/\/pfaddervisionaere.de\/wp-content\/uploads\/2025\/10\/flag_of_latvia15.png 80w, https:\/\/pfaddervisionaere.de\/wp-content\/uploads\/2025\/10\/flag_of_latvia15-18x12.png 18w\" sizes=\"auto, (max-width: 80px) 100vw, 80px\" \/><\/a><\/figure>\n\n\n\n<p>Lettland<\/p>\n<\/div>\n\n\n\n<div class=\"wp-block-column is-layout-flow wp-block-column-is-layout-flow\">\n<figure class=\"wp-block-image size-full is-resized\"><a href=\"https:\/\/pfaddervisionaere.de\/en\/litauen\/\"><img loading=\"lazy\" decoding=\"async\" width=\"80\" height=\"53\" src=\"https:\/\/pfaddervisionaere.de\/wp-content\/uploads\/2025\/10\/flag_of_lithuania16.png\" alt=\"\" class=\"wp-image-1077\" style=\"object-fit:cover;width:80px;height:53px\" srcset=\"https:\/\/pfaddervisionaere.de\/wp-content\/uploads\/2025\/10\/flag_of_lithuania16.png 80w, https:\/\/pfaddervisionaere.de\/wp-content\/uploads\/2025\/10\/flag_of_lithuania16-18x12.png 18w\" sizes=\"auto, (max-width: 80px) 100vw, 80px\" \/><\/a><\/figure>\n\n\n\n<p>Litauen<\/p>\n<\/div>\n\n\n\n<div class=\"wp-block-column is-layout-flow wp-block-column-is-layout-flow\">\n<figure class=\"wp-block-image size-full is-resized\"><a href=\"https:\/\/pfaddervisionaere.de\/en\/polen\/\"><img loading=\"lazy\" decoding=\"async\" width=\"80\" height=\"53\" src=\"https:\/\/pfaddervisionaere.de\/wp-content\/uploads\/2025\/10\/flag_of_poland19.png\" alt=\"\" class=\"wp-image-1078\" style=\"object-fit:cover;width:80px;height:53px\" srcset=\"https:\/\/pfaddervisionaere.de\/wp-content\/uploads\/2025\/10\/flag_of_poland19.png 80w, https:\/\/pfaddervisionaere.de\/wp-content\/uploads\/2025\/10\/flag_of_poland19-18x12.png 18w\" sizes=\"auto, (max-width: 80px) 100vw, 80px\" \/><\/a><\/figure>\n\n\n\n<p>Polen<\/p>\n<\/div>\n<\/div>\n\n\n\n<div class=\"wp-block-columns is-layout-flex wp-container-core-columns-is-layout-9d6595d7 wp-block-columns-is-layout-flex\">\n<div class=\"wp-block-column is-layout-flow wp-block-column-is-layout-flow\">\n<figure class=\"wp-block-image size-full is-resized\"><a href=\"https:\/\/pfaddervisionaere.de\/en\/tschechien\/\"><img loading=\"lazy\" decoding=\"async\" width=\"80\" height=\"53\" src=\"https:\/\/pfaddervisionaere.de\/wp-content\/uploads\/2025\/10\/flag_of_the_czech_republic26.png\" alt=\"\" class=\"wp-image-1079\" style=\"object-fit:cover;width:80px;height:53px\" srcset=\"https:\/\/pfaddervisionaere.de\/wp-content\/uploads\/2025\/10\/flag_of_the_czech_republic26.png 80w, https:\/\/pfaddervisionaere.de\/wp-content\/uploads\/2025\/10\/flag_of_the_czech_republic26-18x12.png 18w\" sizes=\"auto, (max-width: 80px) 100vw, 80px\" \/><\/a><\/figure>\n\n\n\n<p>Tschechien<\/p>\n<\/div>\n\n\n\n<div class=\"wp-block-column is-layout-flow wp-block-column-is-layout-flow\">\n<figure class=\"wp-block-image size-full is-resized\"><a href=\"https:\/\/pfaddervisionaere.de\/en\/slowakei\/\"><img loading=\"lazy\" decoding=\"async\" width=\"80\" height=\"53\" src=\"https:\/\/pfaddervisionaere.de\/wp-content\/uploads\/2025\/10\/flag_of_slovakia22.png\" alt=\"\" class=\"wp-image-1080\" style=\"object-fit:cover;width:80px;height:53px\" srcset=\"https:\/\/pfaddervisionaere.de\/wp-content\/uploads\/2025\/10\/flag_of_slovakia22.png 80w, https:\/\/pfaddervisionaere.de\/wp-content\/uploads\/2025\/10\/flag_of_slovakia22-18x12.png 18w\" sizes=\"auto, (max-width: 80px) 100vw, 80px\" \/><\/a><\/figure>\n\n\n\n<p>Slowakei<\/p>\n<\/div>\n\n\n\n<div class=\"wp-block-column is-layout-flow wp-block-column-is-layout-flow\">\n<figure class=\"wp-block-image size-full is-resized\"><a href=\"https:\/\/pfaddervisionaere.de\/en\/ungarn\/\"><img loading=\"lazy\" decoding=\"async\" width=\"80\" height=\"53\" src=\"https:\/\/pfaddervisionaere.de\/wp-content\/uploads\/2025\/10\/flag_of_hungary12.png\" alt=\"\" class=\"wp-image-1081\" style=\"object-fit:cover;width:80px;height:53px\" srcset=\"https:\/\/pfaddervisionaere.de\/wp-content\/uploads\/2025\/10\/flag_of_hungary12.png 80w, https:\/\/pfaddervisionaere.de\/wp-content\/uploads\/2025\/10\/flag_of_hungary12-18x12.png 18w\" sizes=\"auto, (max-width: 80px) 100vw, 80px\" \/><\/a><\/figure>\n\n\n\n<p>Ungarn<\/p>\n<\/div>\n<\/div>\n\n\n\n<div class=\"wp-block-columns is-layout-flex wp-container-core-columns-is-layout-9d6595d7 wp-block-columns-is-layout-flex\">\n<div class=\"wp-block-column is-layout-flow wp-block-column-is-layout-flow\">\n<figure class=\"wp-block-image size-full is-resized\"><a href=\"https:\/\/pfaddervisionaere.de\/en\/slowenien\/\"><img loading=\"lazy\" decoding=\"async\" width=\"80\" height=\"53\" src=\"https:\/\/pfaddervisionaere.de\/wp-content\/uploads\/2025\/10\/flag_of_slovenia23.png\" alt=\"\" class=\"wp-image-1082\" style=\"object-fit:cover;width:80px;height:53px\" srcset=\"https:\/\/pfaddervisionaere.de\/wp-content\/uploads\/2025\/10\/flag_of_slovenia23.png 80w, https:\/\/pfaddervisionaere.de\/wp-content\/uploads\/2025\/10\/flag_of_slovenia23-18x12.png 18w\" sizes=\"auto, (max-width: 80px) 100vw, 80px\" \/><\/a><\/figure>\n\n\n\n<p>Slowenien<\/p>\n<\/div>\n\n\n\n<div class=\"wp-block-column is-layout-flow wp-block-column-is-layout-flow\">\n<figure class=\"wp-block-image size-full is-resized\"><a href=\"https:\/\/pfaddervisionaere.de\/en\/malta\/\"><img loading=\"lazy\" decoding=\"async\" width=\"80\" height=\"53\" src=\"https:\/\/pfaddervisionaere.de\/wp-content\/uploads\/2025\/10\/flag_of_malta18.png\" alt=\"\" class=\"wp-image-1083\" style=\"object-fit:cover;width:80px;height:53px\" srcset=\"https:\/\/pfaddervisionaere.de\/wp-content\/uploads\/2025\/10\/flag_of_malta18.png 80w, https:\/\/pfaddervisionaere.de\/wp-content\/uploads\/2025\/10\/flag_of_malta18-18x12.png 18w\" sizes=\"auto, (max-width: 80px) 100vw, 80px\" \/><\/a><\/figure>\n\n\n\n<p>Malta<\/p>\n<\/div>\n\n\n\n<div class=\"wp-block-column is-layout-flow wp-block-column-is-layout-flow\">\n<figure class=\"wp-block-image size-full is-resized\"><a href=\"https:\/\/pfaddervisionaere.de\/en\/zypern\/\"><img loading=\"lazy\" decoding=\"async\" width=\"80\" height=\"53\" src=\"https:\/\/pfaddervisionaere.de\/wp-content\/uploads\/2025\/10\/flag_of_cyprus05.png\" alt=\"\" class=\"wp-image-1084\" style=\"object-fit:cover;width:80px;height:53px\" srcset=\"https:\/\/pfaddervisionaere.de\/wp-content\/uploads\/2025\/10\/flag_of_cyprus05.png 80w, https:\/\/pfaddervisionaere.de\/wp-content\/uploads\/2025\/10\/flag_of_cyprus05-18x12.png 18w\" sizes=\"auto, (max-width: 80px) 100vw, 80px\" \/><\/a><\/figure>\n\n\n\n<p>Zypern<\/p>\n<\/div>\n<\/div>\n\n\n\n<div class=\"wp-block-columns is-layout-flex wp-container-core-columns-is-layout-9d6595d7 wp-block-columns-is-layout-flex\">\n<div class=\"wp-block-column is-layout-flow wp-block-column-is-layout-flow\">\n<figure class=\"wp-block-image size-full is-resized\"><a href=\"https:\/\/pfaddervisionaere.de\/en\/bulgarien\/\"><img loading=\"lazy\" decoding=\"async\" width=\"80\" height=\"53\" src=\"https:\/\/pfaddervisionaere.de\/wp-content\/uploads\/2025\/10\/flag_of_bulgaria03.png\" alt=\"\" class=\"wp-image-1085\" style=\"object-fit:cover;width:80px;height:53px\" srcset=\"https:\/\/pfaddervisionaere.de\/wp-content\/uploads\/2025\/10\/flag_of_bulgaria03.png 80w, https:\/\/pfaddervisionaere.de\/wp-content\/uploads\/2025\/10\/flag_of_bulgaria03-18x12.png 18w\" sizes=\"auto, (max-width: 80px) 100vw, 80px\" \/><\/a><\/figure>\n\n\n\n<p>Bulgarien<\/p>\n<\/div>\n\n\n\n<div class=\"wp-block-column is-layout-flow wp-block-column-is-layout-flow\">\n<figure class=\"wp-block-image size-full is-resized\"><a href=\"https:\/\/pfaddervisionaere.de\/en\/rumaenien\/\"><img loading=\"lazy\" decoding=\"async\" width=\"80\" height=\"53\" src=\"https:\/\/pfaddervisionaere.de\/wp-content\/uploads\/2025\/10\/flag_of_romania21.png\" alt=\"\" class=\"wp-image-1086\" style=\"object-fit:cover;width:80px;height:53px\" srcset=\"https:\/\/pfaddervisionaere.de\/wp-content\/uploads\/2025\/10\/flag_of_romania21.png 80w, https:\/\/pfaddervisionaere.de\/wp-content\/uploads\/2025\/10\/flag_of_romania21-18x12.png 18w\" sizes=\"auto, (max-width: 80px) 100vw, 80px\" \/><\/a><\/figure>\n\n\n\n<p>Rum\u00e4nien<\/p>\n<\/div>\n\n\n\n<div class=\"wp-block-column is-layout-flow wp-block-column-is-layout-flow\">\n<figure class=\"wp-block-image size-full is-resized\"><a href=\"https:\/\/pfaddervisionaere.de\/en\/kroatien\/\"><img loading=\"lazy\" decoding=\"async\" width=\"80\" height=\"53\" src=\"https:\/\/pfaddervisionaere.de\/wp-content\/uploads\/2025\/10\/flag_of_croatia04.png\" alt=\"\" class=\"wp-image-1087\" style=\"object-fit:cover;width:80px;height:53px\" srcset=\"https:\/\/pfaddervisionaere.de\/wp-content\/uploads\/2025\/10\/flag_of_croatia04.png 80w, https:\/\/pfaddervisionaere.de\/wp-content\/uploads\/2025\/10\/flag_of_croatia04-18x12.png 18w\" sizes=\"auto, (max-width: 80px) 100vw, 80px\" \/><\/a><\/figure>\n\n\n\n<p>Kroatien<\/p>\n<\/div>\n<\/div>\n\n\n\n<p><\/p>","protected":false},"excerpt":{"rendered":"<p>Eine Aktion zum Thema Werte, Kulturen, aktuelle Unsicherheiten und Fragen \u00fcber Europa am 21. und 22. Oktober 2025. Europa \u2013 das klingt oft weit weg. In&#46;&#46;&#46;<\/p>","protected":false},"author":2,"featured_media":0,"parent":0,"menu_order":0,"comment_status":"closed","ping_status":"closed","template":"","meta":{"ub_ctt_via":"","pgc_sgb_lightbox_settings":"","footnotes":""},"class_list":["post-987","page","type-page","status-publish","hentry"],"featured_image_src":null,"_links":{"self":[{"href":"https:\/\/pfaddervisionaere.de\/en\/wp-json\/wp\/v2\/pages\/987","targetHints":{"allow":["GET"]}}],"collection":[{"href":"https:\/\/pfaddervisionaere.de\/en\/wp-json\/wp\/v2\/pages"}],"about":[{"href":"https:\/\/pfaddervisionaere.de\/en\/wp-json\/wp\/v2\/types\/page"}],"author":[{"embeddable":true,"href":"https:\/\/pfaddervisionaere.de\/en\/wp-json\/wp\/v2\/users\/2"}],"replies":[{"embeddable":true,"href":"https:\/\/pfaddervisionaere.de\/en\/wp-json\/wp\/v2\/comments?post=987"}],"version-history":[{"count":23,"href":"https:\/\/pfaddervisionaere.de\/en\/wp-json\/wp\/v2\/pages\/987\/revisions"}],"predecessor-version":[{"id":1194,"href":"https:\/\/pfaddervisionaere.de\/en\/wp-json\/wp\/v2\/pages\/987\/revisions\/1194"}],"wp:attachment":[{"href":"https:\/\/pfaddervisionaere.de\/en\/wp-json\/wp\/v2\/media?parent=987"}],"curies":[{"name":"wp","href":"https:\/\/api.w.org\/{rel}","templated":true}]}}