{"id":58,"date":"2021-10-19T15:04:51","date_gmt":"2021-10-19T15:04:51","guid":{"rendered":"http:\/\/pfaddervisionaere.de\/wp\/?page_id=58"},"modified":"2023-02-13T16:02:04","modified_gmt":"2023-02-13T16:02:04","slug":"team","status":"publish","type":"page","link":"https:\/\/pfaddervisionaere.de\/en\/team","title":{"rendered":"The Team"},"content":{"rendered":"<p class=\" translation-block\">The non-profit organization Kunstwelt e.V. Berlin which is in charge of the city art project\nPATH OF VISIONARIES was founded in 1999. Its board members are leading a team which consists of people specialized in different areas for the realization of the project.<\/p>\n\n\n\n<p><strong>KUNSTWELT CHAIR<\/strong>:&nbsp;<a rel=\"noreferrer noopener\" href=\"http:\/\/kristijanapenava.de\/\" target=\"_blank\">Kristijana Penava<\/a><\/p>\n\n\n\n<p><strong>CONCEPT and PROJECT MANAGEMENT: <\/strong><a rel=\"noreferrer noopener\" href=\"http:\/\/bonger.de\/\" target=\"_blank\">Bonger Voges<\/a><br><strong>DESIGN and VISUAL CONCEPT:<\/strong>&nbsp;Daniela Haitzler and Marcel Fleiner<br><strong>REALIZATION:<\/strong>&nbsp;<a href=\"http:\/\/www.rainerfest.de\">Rainer Fest<\/a>; Hantusch, Sohland; Mayersche Hofkunst Anstalt, M\u00fcnchen; EOS, N\u00fcrnberg<\/p>\n\n\n\n<p><strong>CONSULTING<\/strong>: Architekten Kauschke und Partner, Berlin<br><strong>TECHNICAL CONSULTING<\/strong>: Dipl.-Ing. Reinhard M\u00f6hler, Berlin;<br>Dipl.-Ing. Architektin Esmer \u00dclker, Berlin<br><strong>WEB PROGRAMMING<\/strong>: Ma Web &amp; Pc Manuel Pahl, Berlin<br><strong>CIVIL ENGINEERING<\/strong>: AKAR Tiefbau GmbH Berlin \/ KEMNA GmbH Berlin<br><strong>TEXTS and QUOTATIONS<\/strong>: Die Botschaften der EU-Mitgliedstaaten<\/p>\n\n\n\n<p><\/p>\n\n\n\n<p><strong>WE WOULD LIKE TO THANK OUR EMPLOYEES FROM THE BOTTOM OF OUR HEARTS FOR THE ELABORATE PREPARATORY WORK<\/strong>:<\/p>\n\n\n\n<p>David Baumert, Hannelore Blankenheim, Diana Drogan, Anna Eichhorn, Silvia Giesen, Czeslaw Gorski, Alexander Hese, Nina Horstmann, Michael Lesnik, Maria Maibohm, Reinhard M\u00f6hler, Tom Radau, Markus Raschdorf, Katja Runge, Manaf Saeed, Stella Sander, Antonia Schaller, Michael Springer, Judith Pohl, Nina Stukenbrock, Jenny Lauro, Gera Eickhoff, Tobias Buddensieg, Willy Rachow, Rouven Noffer, Axel Gerke, Hans-Gerhard Kauschke, Simona M\u00fcller, Candy Hartmann, Karin Konrad, Ingrid Krause, Nadine May, Christine Piwek, Manuel Pahl, Cornelius Gerhardt, Juan Manuel Gil Langenbacher, Marion Heinemann, Elena Balan, Vannesa Villacres, Claire Dudin, Sophia Elz, Elisa Schroer, Sylwia Rafinska, Savvas Karmaniolas, \u00c9va Szentgy\u00f6rgyv\u00f6lgyi, R\u00fcdiger Krawatzki, Dipl.-Ing. Thomas Schuster, Edzard van Hove, Ivana Mayer, Astrid Houssay, Dietlinde K\u00e4mpfe, Sascha-Andr\u00e9 Liehr, Elke Barth, Stefanie Uhlich, Achim Schulz.<\/p>","protected":false},"excerpt":{"rendered":"<p>Tr\u00e4ger der Stadtkunstprojektes PFAD DER VISION\u00c4RE ist der im Jahr 1999 gegr\u00fcndete gemeinn\u00fctzige Verein&nbsp;Kunstwelt e.V. Berlin. Unter der Leitung des Vorstandes ist ein Mitarbeiterteam aus verschiedenen&#46;&#46;&#46;<\/p>","protected":false},"author":1,"featured_media":0,"parent":0,"menu_order":0,"comment_status":"closed","ping_status":"closed","template":"","meta":{"ub_ctt_via":"","pgc_sgb_lightbox_settings":"","footnotes":""},"class_list":["post-58","page","type-page","status-publish","hentry"],"featured_image_src":null,"_links":{"self":[{"href":"https:\/\/pfaddervisionaere.de\/en\/wp-json\/wp\/v2\/pages\/58","targetHints":{"allow":["GET"]}}],"collection":[{"href":"https:\/\/pfaddervisionaere.de\/en\/wp-json\/wp\/v2\/pages"}],"about":[{"href":"https:\/\/pfaddervisionaere.de\/en\/wp-json\/wp\/v2\/types\/page"}],"author":[{"embeddable":true,"href":"https:\/\/pfaddervisionaere.de\/en\/wp-json\/wp\/v2\/users\/1"}],"replies":[{"embeddable":true,"href":"https:\/\/pfaddervisionaere.de\/en\/wp-json\/wp\/v2\/comments?post=58"}],"version-history":[{"count":7,"href":"https:\/\/pfaddervisionaere.de\/en\/wp-json\/wp\/v2\/pages\/58\/revisions"}],"predecessor-version":[{"id":787,"href":"https:\/\/pfaddervisionaere.de\/en\/wp-json\/wp\/v2\/pages\/58\/revisions\/787"}],"wp:attachment":[{"href":"https:\/\/pfaddervisionaere.de\/en\/wp-json\/wp\/v2\/media?parent=58"}],"curies":[{"name":"wp","href":"https:\/\/api.w.org\/{rel}","templated":true}]}}