{"id":32,"date":"2021-10-06T18:10:06","date_gmt":"2021-10-06T18:10:06","guid":{"rendered":"http:\/\/pfaddervisionaere.de\/wp\/?page_id=32"},"modified":"2022-03-29T14:05:39","modified_gmt":"2022-03-29T14:05:39","slug":"schirmherren","status":"publish","type":"page","link":"https:\/\/pfaddervisionaere.de\/en\/schirmherren","title":{"rendered":"Auspices"},"content":{"rendered":"<p><strong>Since March 30. the PATH OF VISIONARIES is under the patronage of the Governing Mayor of Berlin, Franziska Giffey<\/strong><\/p>\n\n\n\n<p><\/p>\n\n\n\n<p><strong>PATRON OF THE PATH OF VISIONARIES (2011 to 2014)<\/strong><\/p>\n\n\n\n<figure class=\"wp-block-image is-resized portrait\"><img loading=\"lazy\" decoding=\"async\" src=\"http:\/\/pfaddervisionaere.de\/GLOBAL\/BILDER\/schirm_bokowa.jpg\" alt=\"\" width=\"84\" height=\"102\"\/><\/figure>\n\n\n\n<p><strong>Irina Bokowa<\/strong><br>Former Director-General of the&nbsp;<strong>UNESCO<\/strong><br>United Nations Educational, Scientific and Cultural Organization<\/p>\n\n\n\n<p><strong>EHEMALIGE SCHIRMHERREN DES PFAD DER VISION\u00c4RE \u2013 EU<\/strong><\/p>\n\n\n\n<figure class=\"wp-block-image portrait\"><img decoding=\"async\" src=\"http:\/\/pfaddervisionaere.de\/GLOBAL\/BILDER\/schirm_juncki.jpg\" alt=\"\"\/><\/figure>\n\n\n\n<p><strong>Dr. Jean-Claude Juncker<\/strong><\/p>\n\n\n\n<p>former President of the European Commission<\/p>\n\n\n\n<figure class=\"wp-block-image portrait\"><img decoding=\"async\" src=\"http:\/\/pfaddervisionaere.de\/GLOBAL\/BILDER\/schirm_redi.jpg\" alt=\"\"\/><\/figure>\n\n\n\n<p><strong>Viviane Reding<\/strong><br>Former Member of the European Commission, Justice, Fundamental Rights and Citizenship<\/p>\n\n\n\n<p><strong>SCHIRMHERR DES PFAD DER VISION\u00c4RE (2008)<\/strong><\/p>\n\n\n\n<figure class=\"wp-block-image portrait\"><img decoding=\"async\" src=\"http:\/\/pfaddervisionaere.de\/GLOBAL\/BILDER\/schirm_wowi.jpg\" alt=\"\"\/><\/figure>\n\n\n\n<p><strong>Klaus Wowereit<\/strong><br>former Governing Mayor of Berlin<\/p>\n\n\n\n<p><strong>FORMER NATIONAL PATRONS OF THE PATH OF VISIONARIES \u2013 EU (2006)<\/strong><\/p>\n\n\n\n<figure class=\"wp-block-image portrait\"><img decoding=\"async\" src=\"http:\/\/pfaddervisionaere.de\/GLOBAL\/BILDER\/schirm_wille.jpg\" alt=\"\"\/><\/figure>\n\n\n\n<p><strong>S.E. a.D., Lode Willems<\/strong><br>ehemaliger Botschafter, Belgien<\/p>\n\n\n\n<figure class=\"wp-block-image portrait\"><img decoding=\"async\" src=\"http:\/\/pfaddervisionaere.de\/GLOBAL\/BILDER\/schirm_plugi.jpg\" alt=\"\"\/><\/figure>\n\n\n\n<p><strong>I.E. a.D., Dr. Meglena Plugtschieva<\/strong><br>ehemalige Botschafterin, Bulgarien<\/p>\n\n\n\n<figure class=\"wp-block-image portrait\"><img decoding=\"async\" src=\"http:\/\/pfaddervisionaere.de\/GLOBAL\/BILDER\/schirm_sonder.jpg\" alt=\"\"\/><\/figure>\n\n\n\n<p><strong>S.E. a.D., Carsten S\u00f8ndergaard<\/strong><br>ehemaliger Botschafter, D\u00e4nemark<\/p>\n\n\n\n<figure class=\"wp-block-image portrait\"><img decoding=\"async\" src=\"http:\/\/pfaddervisionaere.de\/GLOBAL\/BILDER\/schirm_nyb.jpg\" alt=\"\"\/><\/figure>\n\n\n\n<p><strong>S.E. a.D., Ren\u00e9 Nyberg<\/strong><br>ehemaliger Botschafter, Finnland<\/p>\n\n\n\n<figure class=\"wp-block-image portrait\"><img decoding=\"async\" src=\"http:\/\/pfaddervisionaere.de\/GLOBAL\/BILDER\/schirm_torri.jpg\" alt=\"\"\/><\/figure>\n\n\n\n<p><strong>S.E. a.D, Sir Peter James Torry<\/strong><br>ehemaliger Botschafter, Gro\u00dfbritannien<\/p>\n\n\n\n<figure class=\"wp-block-image portrait\"><img decoding=\"async\" src=\"http:\/\/pfaddervisionaere.de\/GLOBAL\/BILDER\/schirm_huigi.jpg\" alt=\"\"\/><\/figure>\n\n\n\n<p><strong>S.E. a.D., Se\u00e1n O&#8217;Huiginn<\/strong><br>ehemaliger Botschafter, Irland<\/p>\n\n\n\n<figure class=\"wp-block-image portrait\"><img decoding=\"async\" src=\"http:\/\/pfaddervisionaere.de\/GLOBAL\/BILDER\/schirm_puri.jpg\" alt=\"\"\/><\/figure>\n\n\n\n<p><strong>S.E. a.D., Antonio Puri Purini<\/strong><br>ehemaliger Botschafter, Italien<\/p>\n\n\n\n<figure class=\"wp-block-image portrait\"><img decoding=\"async\" src=\"http:\/\/pfaddervisionaere.de\/GLOBAL\/BILDER\/schirm_virsis.jpg\" alt=\"\"\/><\/figure>\n\n\n\n<p><strong>S.E. a.D., M\u00e3rtin\u0161 Virsis<\/strong><br>ehemaliger Botschafter, Lettland<\/p>\n\n\n\n<figure class=\"wp-block-image portrait\"><img decoding=\"async\" src=\"http:\/\/pfaddervisionaere.de\/GLOBAL\/BILDER\/schirm_igni.jpg\" alt=\"\"\/><\/figure>\n\n\n\n<p><strong>S.E. a.D., Evaldas Ignatavicius<\/strong><br>ehemaliger Botschafter, Litauen<\/p>\n\n\n\n<figure class=\"wp-block-image portrait\"><img decoding=\"async\" src=\"http:\/\/pfaddervisionaere.de\/GLOBAL\/BILDER\/schirm_grech.jpg\" alt=\"\"\/><\/figure>\n\n\n\n<p><strong>S.E. a.D., Dr. John Grech<\/strong><br>ehemaliger Botschafter, Malta<\/p>\n\n\n\n<figure class=\"wp-block-image portrait\"><img decoding=\"async\" src=\"http:\/\/pfaddervisionaere.de\/GLOBAL\/BILDER\/schirm_prosl.jpg\" alt=\"\"\/><\/figure>\n\n\n\n<p><strong>S.E. a.D., Dr. Christian Prosl<\/strong><br>ehemaliger Botschafter, \u00d6sterreich<\/p>\n\n\n\n<figure class=\"wp-block-image portrait\"><img decoding=\"async\" src=\"http:\/\/pfaddervisionaere.de\/GLOBAL\/BILDER\/schirm_byrti.jpg\" alt=\"\"\/><\/figure>\n\n\n\n<p><strong>S.E. a.D., Dr. Andrzej Byrt<\/strong><br>ehemaliger Botschafter, Polen<\/p>\n\n\n\n<figure class=\"wp-block-image portrait\"><img decoding=\"async\" src=\"http:\/\/pfaddervisionaere.de\/GLOBAL\/BILDER\/schirm_valli.jpg\" alt=\"\"\/><\/figure>\n\n\n\n<p><strong>S.E. a.D., Jo\u00e3o de Vallera<\/strong><br>ehemaliger Botschafter, Portugal<\/p>\n\n\n\n<figure class=\"wp-block-image portrait\"><img decoding=\"async\" src=\"http:\/\/pfaddervisionaere.de\/GLOBAL\/BILDER\/schirm_thami.jpg\" alt=\"\"\/><\/figure>\n\n\n\n<p><strong>S.E. a.D.; Carl Tham<\/strong><br>ehemaliger Botschafter, Schweden<\/p>\n\n\n\n<figure class=\"wp-block-image portrait\"><img decoding=\"async\" src=\"http:\/\/pfaddervisionaere.de\/GLOBAL\/BILDER\/schirm_korcok.jpg\" alt=\"\"\/><\/figure>\n\n\n\n<p><strong>S.E. a.D., Ivan Kor\u010dok<\/strong><br>ehemaliger Botschafter, Slowakei<\/p>\n\n\n\n<figure class=\"wp-block-image portrait\"><img decoding=\"async\" src=\"http:\/\/pfaddervisionaere.de\/GLOBAL\/BILDER\/schirm_lazar.jpg\" alt=\"\"\/><\/figure>\n\n\n\n<p><strong>S.E. a.D., Dr. Boris Lazar<\/strong><br>ehemaliger Botschafter der Tschechischen Republik<\/p>\n\n\n\n<figure class=\"wp-block-image portrait\"><img decoding=\"async\" src=\"http:\/\/pfaddervisionaere.de\/GLOBAL\/BILDER\/schirm_peisch.jpg\" alt=\"\"\/><\/figure>\n\n\n\n<p><strong>S.E. a.D., Dr. S\u00e1ndor Peisch<\/strong><br>ehemaliger Botschafter, Ungarn<\/p>\n\n\n\n<figure class=\"wp-block-image portrait\"><img decoding=\"async\" src=\"http:\/\/pfaddervisionaere.de\/GLOBAL\/BILDER\/schirm_marki.jpg\" alt=\"\"\/><\/figure>\n\n\n\n<p><strong>S.E. a.D., Leonidas S. Markides<\/strong><br>ehemaliger Botschafter, Zypern<\/p>\n\n\n\n<figure class=\"wp-block-image portrait\"><img decoding=\"async\" src=\"http:\/\/pfaddervisionaere.de\/GLOBAL\/BILDER\/schirm_reini.jpg\" alt=\"\"\/><\/figure>\n\n\n\n<p><strong>Cornelia Reinauer<\/strong><br>Bezirksb\u00fcrgermeisterin von Friedrichshain-Kreuzberg a. D. (bis 2006).<\/p>\n\n\n\n<figure class=\"wp-block-image portrait\"><img decoding=\"async\" src=\"http:\/\/pfaddervisionaere.de\/GLOBAL\/BILDER\/schirm_zeli.jpg\" alt=\"\"\/><\/figure>\n\n\n\n<p><strong>Joachim Zeller<\/strong><br>Bezirksb\u00fcrgermeister von Berlin Mitte a.D. (bis 2006).<br>Seit 2009 Mitglied des Europ\u00e4ischen Parlaments.<\/p>","protected":false},"excerpt":{"rendered":"<p>Seit 30. M\u00e4rz 2022 steht der PFAD DER VISION\u00c4RE unter der Schirmherrschaft der Regierenden B\u00fcrgermeisterin von Berlin, Franziska Giffey SCHIRMHERRIN DES PFAD DER VISION\u00c4RE (2011 bis&#46;&#46;&#46;<\/p>","protected":false},"author":1,"featured_media":0,"parent":0,"menu_order":0,"comment_status":"closed","ping_status":"closed","template":"","meta":{"ub_ctt_via":"","pgc_sgb_lightbox_settings":"","footnotes":""},"class_list":["post-32","page","type-page","status-publish","hentry"],"featured_image_src":null,"_links":{"self":[{"href":"https:\/\/pfaddervisionaere.de\/en\/wp-json\/wp\/v2\/pages\/32","targetHints":{"allow":["GET"]}}],"collection":[{"href":"https:\/\/pfaddervisionaere.de\/en\/wp-json\/wp\/v2\/pages"}],"about":[{"href":"https:\/\/pfaddervisionaere.de\/en\/wp-json\/wp\/v2\/types\/page"}],"author":[{"embeddable":true,"href":"https:\/\/pfaddervisionaere.de\/en\/wp-json\/wp\/v2\/users\/1"}],"replies":[{"embeddable":true,"href":"https:\/\/pfaddervisionaere.de\/en\/wp-json\/wp\/v2\/comments?post=32"}],"version-history":[{"count":5,"href":"https:\/\/pfaddervisionaere.de\/en\/wp-json\/wp\/v2\/pages\/32\/revisions"}],"predecessor-version":[{"id":657,"href":"https:\/\/pfaddervisionaere.de\/en\/wp-json\/wp\/v2\/pages\/32\/revisions\/657"}],"wp:attachment":[{"href":"https:\/\/pfaddervisionaere.de\/en\/wp-json\/wp\/v2\/media?parent=32"}],"curies":[{"name":"wp","href":"https:\/\/api.w.org\/{rel}","templated":true}]}}