{"id":30,"date":"2021-10-06T18:09:30","date_gmt":"2021-10-06T18:09:30","guid":{"rendered":"http:\/\/pfaddervisionaere.de\/wp\/?page_id=30"},"modified":"2023-02-15T22:46:00","modified_gmt":"2023-02-15T22:46:00","slug":"partner","status":"publish","type":"page","link":"https:\/\/pfaddervisionaere.de\/en\/partner","title":{"rendered":"Partner"},"content":{"rendered":"<p>The PATH OF VISIONARIES is organized by the non-profit association<br>KUNSTWELT e.V. BERLIN. All proceeds will be used exclusively for the development, construction and maintenance of the installation.<\/p>\n\n\n\n<p>The PATH OF VISIONARIES in the pedestrian zone of Berlin's Friedrichstra\u00dfe was financed by private partners and sponsors (m\/f\/d). Partners are mentioned in our publications, on the website and, in the case of national funding, also on the respective national boards.<\/p>\n\n\n\n<p>The participation of states in the PATH OF VISIONARIES is independent of financial commitment.<\/p>\n\n\n\n<p>We cordially invite you to become a sponsor partner of the PATH OF VISIONARIES.<br>We will be happy to send you a detailed partner and sponsor concept.<\/p>\n\n\n\n<p><strong>SPONSORS<\/strong> We would like to thank from the bottom of our hearts for their joyful support to:<\/p>\n\n\n\n<p>\u2022 Land Berlin, vertreten durch das Bezirksamt Friedrichshain-Kreuzberg                                                         \u2022 Salzgitter AG, Deutschland<br>\u2022 J\u00fcdisches Museum, Berlin<br>\u2022 Gro\u00dfherzogtum Luxemburg<br>\u2022 Ministerium f\u00fcr Kultur und religi\u00f6se Angelegenheiten, Rum\u00e4nien<br>\u2022 Procuratio, Deutschland<br>\u2022 Ministerium f\u00fcr Bildung und Kultur, Zypern<br>\u2022 Bundesagentur f\u00fcr Arbeit, Berlin-Mitte<br>\u2022 Gewobag, Berlin<br>\u2022 Botschaft des Vereinigten K\u00f6nigreichs Gro\u00dfbritannien und Nordirland, Berlin<br>\u2022 Tschechisches Zentrum<br>\u2022 \u00d6sterreichisches Kulturforum<br>\u2022 Wunschquartier, Berlin<br>\u2022 Botschaft des K\u00f6nigreichs Schweden, Berlin<br>\u2022 Europ\u00e4ische Kommission<br>\u2022 united communications GmbH<br>\u2022 Botschaft des Staates Israel, Berlin<br>\u2022 Botschaft der Vereinigten Staaten von Amerika, Berlin<br>\u2022 Botschaft des F\u00fcrstentums Liechtenstein, Berlin <\/p>\n\n\n\n<p><\/p>\n\n\n\n<p><strong>OUR PARTNERS<\/strong><\/p>\n\n\n\n<p><strong>EU Member States<\/strong><\/p>\n\n\n\n<p>\u2022 Belgische Botschaft, Berlin<br>\u2022 Belgische Botschaft, Berlin (Vertretung der Franz\u00f6sischen Gemeinschaft Belgiens und der Wallonischen Region)<br>\u2022 Belgische Botschaft, Berlin (Vertretung der Fl\u00e4mischen Gemeinschaft Belgiens und der Fl\u00e4mischen Region)<br>\u2022 Botschaft der Republik Bulgarien, Berlin<br>\u2022 K\u00f6niglich D\u00e4nische Botschaft, Berlin<br>\u2022 Bundespresseamt, Deutschland, Berlin<br>\u2022 Botschaft der Republik Estland, Berlin<br>\u2022 Botschaft der Republik Finnland, Berlin<br>\u2022 Botschaft der Franz\u00f6sischen Republik, Berlin<br>\u2022 Botschaft der Republik Griechenland, Berlin<br>\u2022 Botschaft des vereinigten K\u00f6nigreiches Gro\u00dfbritannien und Nordirland, Berlin<br>\u2022 Botschaft von Irland, Berlin<br>\u2022 Italienische Botschaft, Berlin<br>\u2022 Botschaft der Republik Lettland, Berlin<br>\u2022 Botschaft der Republik Litauen, Berlin<br>\u2022 Botschaft des Gro\u00dfherzogtums Luxemburg, Berlin<br>\u2022 Botschaft der Republik Malta, Berlin<br>\u2022 Botschaft des K\u00f6nigreichs der Niederlande, Berlin<br>\u2022 \u00d6sterreichische Botschaft, Berlin<br>\u2022 Botschaft der Republik Polen, Berlin<br>\u2022 Botschaft von Portugal, Berlin<br>\u2022 Botschaft von Rum\u00e4nien, Berlin<br>\u2022 Schwedische Botschaft, Berlin<br>\u2022 Botschaft der Slowakischen Republik, Berlin<br>\u2022 Botschaft der Republik Slowenien, Berlin<br>\u2022 Botschaft von Spanien, Berlin<br>\u2022 Botschaft der Tschechischen Republik, Berlin<br>\u2022 Botschaft der Republik Ungarn, Berlin<br>\u2022 Botschaft der Republik Zypern, Berlin<br>\u2022 Botschaft der Republik Kroatien, Berlin<\/p>\n\n\n\n<p><strong>UNESCO - Memberstates<\/strong><\/p>\n\n\n\n<p>\u2022 Botschaft der Republik Albanien, Berlin<br>\u2022 Botschaft der Arabischen Republik \u00c4gypten, Berlin<br>\u2022 Botschaft des F\u00fcrstentums Andorra, Br\u00fcssel<br>\u2022 Botschaft der Republik Armenien, Berlin<br>\u2022 Botschaft der Republik Aserbaidschan, Berlin<br>\u2022 Botschaft der Demokratischen Bundesrepublik \u00c4thiopien, Berlin<br>\u2022 Australische Botschaft, Berlin<br>\u2022 Botschaft der Volksrepublik Bangladesch, Berlin<br>\u2022 Botschaft der Republik Belarus, Berlin<br>\u2022 Botschaft der Republik Benin, Berlin<br>\u2022 Botschaft von Bosnien und Herzegowina, Berlin<br>\u2022 Botschaft der F\u00f6derativen Republik Brasilien, Berlin<br>\u2022 Botschaft von Burkina Faso, Berlin<br>\u2022 Botschaft der Republik Burundi, Berlin<br>\u2022 Botschaft der Republik Chile, Berlin<br>\u2022 Botschaft der Volksrepublik China, Berlin<br>\u2022 Botschaft der Republik Costa Rica, Berlin<br>\u2022 Botschaft der Republik Cote d&#8217;Ivoire, Berlin<br>\u2022 Botschaft der Dominikanischen Republik, Berlin<br>\u2022 Botschaft der Republik Ecuador, Berlin<br>\u2022 Botschaft der Republik El Salvador, Berlin<br>\u2022 Botschaft des Staates Eritrea, Berlin<br>\u2022 Botschaft der Republik Fidschi-Inseln, Br\u00fcssel<br>\u2022 Botschaft der Republik Gambia, Br\u00fcssel<br>\u2022 Botschaft von Georgien, Berlin<br>\u2022 Botschaft der Republik Ghana, Berlin<br>\u2022 Botschaft der Republik Guatemala, Berlin<br>\u2022 Botschaft der Republik Guinea, Berlin<br>\u2022 Botschaft der Kooperativen Republik Guyana, Br\u00fcssel<br>\u2022 Botschaft der Republik Haiti, Berlin<br>\u2022 Botschaft der Republik Honduras, Berlin<br>\u2022 Botschaft der Republik Indien, Berlin<br>\u2022 Botschaft der Republik Irak, Berlin<br>\u2022 Botschaft der Islamischen Republik Iran, Berlin<br>\u2022 Botschaft von Island, Berlin<br>\u2022 Botschaft des Staates Israel, Berlin<br>\u2022 Botschaft von Jamaika, Berlin<br>\u2022 Botschaft der Republik Jemen, Berlin<br>\u2022 Botschaft des Haschemitischen K\u00f6nigreichs Jordanien, Berlin<br>\u2022 Botschaft von Kanada, Berlin<br>\u2022 Botschaft der Republik Kap Verde, Berlin<br>\u2022 Botschaft der Republik Kasachstan, Berlin<br>\u2022 Botschaft des Staates Katar, Berlin<br>\u2022 Botschaft der Republik Kenia, Berlin<br>\u2022 Botschaft der Kirgisischen Republik, Berlin<br>\u2022 Botschaft der Republik Kroatien, Berlin<br>\u2022 Botschaft der Republik Kuba, Berlin<br>\u2022 Botschaft des K\u00f6nigreichs Lesotho, Berlin<br>\u2022 Botschaft des Libanon, Berlin<br>\u2022 Botschaft des F\u00fcrstentums Liechtenstein, Berlin<br>\u2022 Botschaft der Republik Madagaskar, Falkensee (Brandenburg)<br>\u2022 Botschaft der Republik Malawi, Berlin<br>\u2022 Botschaft von Malaysia, Berlin<br>\u2022 Botschaft der Republik Mali, Berlin<br>\u2022 Botschaft der Republik Makedonien, Berlin<br>\u2022 Botschaft des K\u00f6nigreichs Marokko, Berlin<br>\u2022 Botschaft der Republik Mauritius, Berlin<br>\u2022 Botschaft von Mexiko, Berlin<br>\u2022 Botschaft der Republik Moldau, Berlin<br>\u2022 Botschaft der Mongolei, Berlin<br>\u2022 Botschaft von Montenegro, Berlin<br>\u2022 Botschaft der Republik Namibia, Berlin<br>\u2022 Botschaft der Demokratischen Bundesrepublik Nepal, Berlin<br>\u2022 Botschaft von Neuseeland, Berlin<br>\u2022 Botschaft der Republik Nicaragua, Berlin<br>\u2022 Botschaft der Bundesrepublik Nigeria, Berlin<br>\u2022 Botschaft des K\u00f6nigreichs Norwegen, Berlin<br>\u2022 Botschaft von Pakistan, Berlin<br>\u2022 Botschaft der Republik Panama, Berlin<br>\u2022 Botschaft der Republik Peru, Berlin<br>\u2022 Botschaft der Republik der Phillipinen, Berlin<br>\u2022 Botschaft der Republik Ruanda, Berlin<br>\u2022 Botschaft der Russischen F\u00f6deration, Berlin<br>\u2022 Botschaft der Republik Sambia, Berlin<br>\u2022 Botschaft der Republik Senegal, Berlin<br>\u2022 Botschaft der Republik Serbien, Berlin<br>\u2022 Botschaft der Republik Singapur, Berlin<br>\u2022 Honorarkonsul von St. Lucia, Bad Homburg v.d. H\u00f6he<br>\u2022 Kanzlei der Botschaft von St. Vincent und den Grenadinen, London<br>\u2022 Botschaft der Republik S\u00fcdafrika, Berlin<br>\u2022 Botschaft der Republik Sudan, Berlin<br>\u2022 Botschaft der Republik Suriname, Den Haag<br>\u2022 Botschaft des K\u00f6nigreichs Swasiland, Br\u00fcssel<br>\u2022 Botschaft der Arabischen Republik Syrien, Berlin<br>\u2022 Botschaft der Republik Tadschikistan, Berlin<br>\u2022 Botschaft des K\u00f6nigreichs Thailand, Berlin<br>\u2022 Botschaft der Republik Trinidad und Tobago, London<br>\u2022 Botschaft der Tunesischen Republik, Berlin<br>\u2022 Botschaft der Republik T\u00fcrkei, Berlin<br>\u2022 Botschaft von Turkmenistan, Berlin<br>\u2022 Botschaft der Ukraine, Berlin<br>\u2022 Botschaft der Republik \u00d6stlich des Uruguay, Berlin<br>\u2022 Botschaft der Republik Usbekistan, Berlin<br>\u2022 Botschaft der Bolivarischen Republik Venezuela, Berlin<br>\u2022 Botschaft der Vereinigten Staaten von Amerika, Berlin<br>\u2022 Botschaft der Zentralafrikanischen Republik, Paris<\/p>\n\n\n\n<p><strong>We would like to thank you for the advice:<\/strong><\/p>\n\n\n\n<p>\u2022 Niels Bohr Archive, Berlin \u2022 Karen Blixen Museum, Rungsted Kyst, Kopenhagen \u2022 Soren Kierkegaard Research Centre at Copenhagen University, Kopenhagen \u2022 Kolleg Friedrich Nietzsche, Weimar \u2022 Goethe-Gesellschaft Berlin e.V., Berlin \u2022 institut fran\u00e7ais, Berlin \u2022 Griechische Kulturstiftung, Berlin \u2022 Societ\u00e0 Dante Alighieri, Berlin \u2022 Italienischer Freundeskreis e.V. Berlin \u2022 Lettisches Zentrum, M\u00fcnster \u2022 Lettland Institut, Riga \u2022 Institut f\u00fcr Niederlandistik, FU Berlin \u2022 Kulturforum, Berlin \u2022 Slowakisches Institut, Berlin \u2022 Tschechisches Zentrum, Berlin \u2022 Instituto Cervantes, Berlin \u2022 Collegium Hungaricum, Berlin \u2022 Deutsch &#8211; Zyprisches Forum, Dortmund \u2022 Senatsverwaltung f\u00fcr Stadtentwicklung, Berlin \u2022 Bezirksamt Friedrichshain-Kreuzberg, Berlin \u2022 Quartiersmanagement am Mehringplatz, Berlin \u2022 Gewobag Wohnungsbaugesellschaft in Berlin mbH \u2022 Mieterbeirat der Gewobag, ehem. W.I.R. Wohnungsbaugesellschaft Berlin mbH \u2022 Hermes Hausverwaltung, Berlin \u2022 F\u00f6rderkreis der Selbst\u00e4ndigen und Gewerbetreibenden s\u00fcdliche Friedrichstadt, Berlin \u2022 Das Corps GmbH, Berlin \u2022 Def.-Design M\u00fcnchen \u2022 United communications GmbH Berlin \u2022 AKAR Tiefbau GmbH Berlin \u2022 eichler pro \u2022 Russisches Haus der Wissenschaft und Kultur, Berlin<\/p>\n\n\n\n<h4 class=\"wp-block-heading\">We would like to thank the executing companies:<\/h4>\n\n\n\n<p>Rainer Fest, Bildhauer, Glash\u00fctte; Firma KEMNA GmbH, Berlin; Ingenieurb\u00fcro Gruppe Planwerk, Berlin; Planungsb\u00fcro Treibhaus und Lavaland, Berlin; Firma Hantusch GmbH; Gr\u00fcnBerlin GmbH<\/p>","protected":false},"excerpt":{"rendered":"<p>Der PFAD DER VISION\u00c4RE (m\/w\/d) wird von dem gemeinn\u00fctzigen VereinKUNSTWELT e.V. BERLIN organisiert und unterhalten. Alle Einnahmen werden ausschlie\u00dflich zur Entwicklung, Errichtung und Pflege der Installation&#46;&#46;&#46;<\/p>","protected":false},"author":1,"featured_media":0,"parent":0,"menu_order":0,"comment_status":"closed","ping_status":"closed","template":"","meta":{"ub_ctt_via":"","pgc_sgb_lightbox_settings":"","footnotes":""},"class_list":["post-30","page","type-page","status-publish","hentry"],"featured_image_src":null,"_links":{"self":[{"href":"https:\/\/pfaddervisionaere.de\/en\/wp-json\/wp\/v2\/pages\/30","targetHints":{"allow":["GET"]}}],"collection":[{"href":"https:\/\/pfaddervisionaere.de\/en\/wp-json\/wp\/v2\/pages"}],"about":[{"href":"https:\/\/pfaddervisionaere.de\/en\/wp-json\/wp\/v2\/types\/page"}],"author":[{"embeddable":true,"href":"https:\/\/pfaddervisionaere.de\/en\/wp-json\/wp\/v2\/users\/1"}],"replies":[{"embeddable":true,"href":"https:\/\/pfaddervisionaere.de\/en\/wp-json\/wp\/v2\/comments?post=30"}],"version-history":[{"count":14,"href":"https:\/\/pfaddervisionaere.de\/en\/wp-json\/wp\/v2\/pages\/30\/revisions"}],"predecessor-version":[{"id":799,"href":"https:\/\/pfaddervisionaere.de\/en\/wp-json\/wp\/v2\/pages\/30\/revisions\/799"}],"wp:attachment":[{"href":"https:\/\/pfaddervisionaere.de\/en\/wp-json\/wp\/v2\/media?parent=30"}],"curies":[{"name":"wp","href":"https:\/\/api.w.org\/{rel}","templated":true}]}}