{"id":25,"date":"2021-10-06T18:07:38","date_gmt":"2021-10-06T18:07:38","guid":{"rendered":"http:\/\/pfaddervisionaere.de\/wp\/?page_id=25"},"modified":"2023-02-13T15:59:45","modified_gmt":"2023-02-13T15:59:45","slug":"auswahlverfahren","status":"publish","type":"page","link":"https:\/\/pfaddervisionaere.de\/en\/auswahlverfahren","title":{"rendered":"Selection process"},"content":{"rendered":"<p>Embassies of the EU member states, for its enlargement, the embassies of the UN member states each proposed three authors with a quote as a possible representative for your country to the jury. The quotes stand for humanity and international understanding. Together, they represent the cultural richness and diversity of the world's states.<\/p>\n\n\n\n<p>The jury of representatives of science, culture, business and politics selects from the submitted proposals in a majority procedure the quote that represents the respective country on the PATH OF VISIONARIES in Berlin's Friedrichstra\u00dfe. In the spirit of the idea of the project, the jury pays attention to a balance between the choice of persons and the quotations.<\/p>\n\n\n\n<p><strong>Members of the Jury PATH OF VISIONARIES OF THE WORLD:<\/strong><\/p>\n\n\n\n<p>\u2022 Representatives of national and international institutions as well as people who have distinguished themselves through their commitment for the international dialogue<br>\u2022 Representatives of important institutions settled along the Berliner Friedrichstrasse<br>\u2022 Representatives of the cultural, political and economical fields in Berlin, especially in the districts concerned: Berlin Mitte and Friedrichshain-Kreuzberg<br>Friedrichshain-Kreuzberg und Berlin-Mitte<\/p>\n\n\n\n<p><strong>ABOUT THE PERSON OF THE REPRESENTATIVE:<\/strong><br><\/p>\n\n\n\n<p><strong>The selection criteria apply to the suggestions of the embassies.<\/strong><\/p>\n\n\n\n<p>\u2022 The representative as well as the quotation stand for the values, culture and identity of his\/her country.<br>\u2022 The representative comes preferably from the fields of science, culture, economy or sports. Personalities who primarily played or still play a religious or political role cannot be suggested. Country founders are an exception.<br>\u2022 The representative is widely known in his\/her national culture's sphere.<br>\u2022 Quotations from fairy tales or myths are well accepted.<br>\u2022 After checking the conditions and possibilities previously mentioned, a passage from the national anthem or proverbs can also be proposed.<\/p>\n\n\n\n<p><strong>THE QUOTATION:<\/strong><\/p>\n\n\n\n<p>\u2022 represents the author's philosophy of life<br>\u2022 illustrates what central theme the author's vision carries<br>\u2022 conveys a universally understandable meaning<br>\u2022 promotes harmony between the peoples<br>\u2022 encourages respect, conciliation and integration<br>\u2022 should not be longer than 180 characters (shorter texts are welcome)<\/p>\n\n\n\n<p><\/p>\n\n\n\n<p><strong>MEMBERS OF THE JURY PATH OF VISIONARIES 2006 (EU):<\/strong><\/p>\n\n\n\n<p>\u2022 Reinhard B\u00fctikofer, Bundesgesch\u00e4ftsf\u00fchrer B\u00fcndnis 90 \/ Die Gr\u00fcnen, Berlin<br>\u2022 Dr. Zsusza Breier, Gesellschaft zur F\u00f6rderung der Kultur im erweiterten Europa e.V., Berlin<br>\u2022 Michael Cramer, Europaabgeordneter B\u00fcndnis 90 \/ Die Gr\u00fcnen, Berlin<br>\u2022 Michael Cullen, Mitinitiator der Reichstagverh\u00fcllung, Berlin<br>\u2022 Thea Dorn, Autorin, Berlin<br>\u2022 Prof. Manfred Eichel, Gesellschaft zur F\u00f6rderung der Kultur im erweiterten Europa, Berlin<br>\u2022 Prof. Dr. Franz-Theo Gottwald, Schweisfurth-Stiftung, M\u00fcnchen<br>\u2022 Romy Haag, Entertainerin \/ Autorin, Berlin<br>\u2022 Regina Hellwig-Schmid, Culture Management, Regensburg<br>\u2022 Inka Jochum, Vorsitzende des Dana e. V., M\u00fcnchen<br>\u2022 Britt Kanya, Model, Berlin<br>\u2022 Dr. Heidi Knake-Werner, ehem. Senatorin f\u00fcr Gesundheit, Soziales und Verbraucherschutz, PDS, Berlin<br>\u2022 Dr. Silvana Koch-Mehrin, ehem. Europaabgeordnete FDP, Berlin<br>\u2022 Prof. Dr. Wolf Lepenies, Wissenschaftskolleg Berlin<br>\u2022 Prof. Dr. iur. P. C. Mayer-Tasch, ehem. Rektor Hochschule f\u00fcr Politik, M\u00fcnchen<br>\u2022 Dr. Claudia Lux, ehem. Generaldirektorin der Zentral- und Landesbibliotheken Berlin<br>\u2022 Prof. Max L\u00fcscher, Bern<br>\u2022 Jean Gabriel Mitterand, Galerist, Paris<br>\u2022 Michael M\u00fcller, ehem. Regierender B\u00fcrgermeister von Berlin<br>\u2022 Hans-Peter Nerger, ehem. Gesch\u00e4ftsf\u00fchrer Berlin Touristik Marketing GmbH, Berlin<br>\u2022 Prof. Klaus Palm, Pr\u00e4sident Deutsches Farbenzentrum, Berlin<br>\u2022 Sissy Perlinger, Entertainerin, M\u00fcnchen<br>\u2022 S.H. Georg Friedrich Prinz von Preu\u00dfen, Chef des Hauses Hohenzollern, Berlin<br>\u2022 Cornelia Reinauer, ehem. Bezirksb\u00fcrgermeisterin Friedrichshain-Kreuzberg, PDS, Berlin<br>\u2022 Dagmar Roth-Behrendt, ehem. Europaabgeordnete SPD, Berlin<br>\u2022 Dr. Gerhard Sabathil, ehem. Leiter der Vertretung der Europ\u00e4ischen Kommission in Deutschland, Berlin<br>\u2022 Prof. Dr. Rudolf Sch\u00e4fer, ehem. Dekan Fakult\u00e4t f\u00fcr Architektur Umwelt Gesellschaft, TU Berlin<br>\u2022 Ralf Schmerberg, Filmproduzent, Berlin<br>\u2022 Ingo Schmitt, ehem. Europaabgeordneter CDU, Berlin<br>\u2022 Karin Schubert, ehem. Senatorin f\u00fcr Justiz, SPD, Berlin<br>\u2022 Marie-Louise Schwarz-Schilling, Autorin, Berlin<br>\u2022 Friede Springer, Verlegerin, Berlin<br>\u2022 Prof. Dr. Friedrich-Leopold Freiherr von Stechow, ehem. Gesch\u00e4ftsf\u00fchrer Partner f\u00fcr Berlin, Berlin<br>\u2022 Alice Str\u00f6ver, ehem. MdA, Vors. d. Ausschusses f\u00fcr kulturelle Angelegh. Kultur- u. Medienpolitik, Berlin<br>\u2022 Prof. Dr. Christoph St\u00f6lzl, ehem. Vizepr\u00e4sident Abgeordnetenhaus Berlin, CDU, Berlin<br>\u2022 Brigitte von Welser, ehem. Gesch\u00e4ftsf\u00fchrerin, Gasteig Kulturzentrum, M\u00fcnchen<br>\u2022 Prof. Dr. Rudolf Wienands, ehem. Architektur und Gestaltung, TU M\u00fcnchen<br>\u2022 Monika Helbig, ehem. Bevollm\u00e4chtigte beim Bund und Europabeauftragte des Landes Berlin<br>\u2022 Roland Engels, ehem. Gesch\u00e4ftsf\u00fchrer der Berlin Partner GmbH<\/p>","protected":false},"excerpt":{"rendered":"<p>F\u00fcr den PFAD DER VISION\u00c4RE (m\/w\/d) haben die Botschaften der EU-Mitgliedsstatten, f\u00fcr seine Erweiterung, die Botschaften der UNO-Mitgliedstaaten jeweils drei Autoren\/ Autorinnen mit einem Zitat als&#46;&#46;&#46;<\/p>","protected":false},"author":1,"featured_media":0,"parent":0,"menu_order":0,"comment_status":"closed","ping_status":"closed","template":"","meta":{"ub_ctt_via":"","pgc_sgb_lightbox_settings":"","footnotes":""},"class_list":["post-25","page","type-page","status-publish","hentry"],"featured_image_src":null,"_links":{"self":[{"href":"https:\/\/pfaddervisionaere.de\/en\/wp-json\/wp\/v2\/pages\/25","targetHints":{"allow":["GET"]}}],"collection":[{"href":"https:\/\/pfaddervisionaere.de\/en\/wp-json\/wp\/v2\/pages"}],"about":[{"href":"https:\/\/pfaddervisionaere.de\/en\/wp-json\/wp\/v2\/types\/page"}],"author":[{"embeddable":true,"href":"https:\/\/pfaddervisionaere.de\/en\/wp-json\/wp\/v2\/users\/1"}],"replies":[{"embeddable":true,"href":"https:\/\/pfaddervisionaere.de\/en\/wp-json\/wp\/v2\/comments?post=25"}],"version-history":[{"count":6,"href":"https:\/\/pfaddervisionaere.de\/en\/wp-json\/wp\/v2\/pages\/25\/revisions"}],"predecessor-version":[{"id":785,"href":"https:\/\/pfaddervisionaere.de\/en\/wp-json\/wp\/v2\/pages\/25\/revisions\/785"}],"wp:attachment":[{"href":"https:\/\/pfaddervisionaere.de\/en\/wp-json\/wp\/v2\/media?parent=25"}],"curies":[{"name":"wp","href":"https:\/\/api.w.org\/{rel}","templated":true}]}}