{"id":23,"date":"2021-10-06T18:07:17","date_gmt":"2021-10-06T18:07:17","guid":{"rendered":"http:\/\/pfaddervisionaere.de\/wp\/?page_id=23"},"modified":"2023-02-13T16:20:34","modified_gmt":"2023-02-13T16:20:34","slug":"standort","status":"publish","type":"page","link":"https:\/\/pfaddervisionaere.de\/en\/standort","title":{"rendered":"Location"},"content":{"rendered":"<iframe src=\"https:\/\/www.google.com\/maps\/embed?pb=!1m18!1m12!1m3!1d6212.47728684868!2d13.386835135593707!3d52.50126398100698!2m3!1f0!2f0!3f0!3m2!1i1024!2i768!4f13.1!3m3!1m2!1s0x47a8502b3484a815%3A0x5229d4fd3481a9f7!2sKunstwelt%20e.V.%20Berlin!5e0!3m2!1sde!2sde!4v1634658369592!5m2!1sde!2sde\" allowfullscreen=\"\" loading=\"lazy\" style=\"overflow:hidden;height:450px;width:100%; max-width: 100%; margin-bottom: 40px;\" width=\"100%\" height=\"450\"><\/iframe>\n\n\n\n<p>The PATH OF VISIONARIES \u2013 SIGNS FOR EUROPE is located in the pedestrian zone at the southern beginning of Berlin's Friedrichstra\u00dfe, near Mehringplatz. Mehringplatz, formerly Belle-Alliance-Platz, together with Hallesches Tor formed the southern city gate in Friederizian Berlin.<\/p>\n\n\n\n<p>As Belle Alliance Square, it got its name in the wake of the \"wars of freedom\" (Freiheitskriege) and underlined in a special way the striving of the European nations for sovereignty. To this day, the 19m high fountain sculpture of the Angel of Peace towers over the square (Cantian).<\/p>\n\n\n\n<p>The angel as goddess of peace Irene and goddess of victory Victoria stands for the old European idea that peace and war are interdependent. The PATH OF VISIONARIES interprets peace in a contemporary way as acting in dialogue, in recognition and respect and builds a bridge to modern times. The angel as a peacemaker became the symbol for the urban art project.<\/p>\n\n\n\n<p>Friedrichstra\u00dfe forms the historic north-south connection of two former city gates. The Oranienburger Tor and the Hallesches Tor. Since the fall of the Berlin Wall, it has regained its original significance as a multifaceted attraction in the center of Berlin.<\/p>\n\n\n\n<p>The PATH OF VISIONARIES underlines the outstanding urban importance as a place of international encounter. It invites you to be inspired by visionary thoughts and to experience the diversity of cultures.<\/p>\n\n\n\n<p>Public transport:<\/p>\n\n\n\n<figure class=\"wp-block-image icon\"><img decoding=\"async\" src=\"http:\/\/pfaddervisionaere.de\/GLOBAL\/BILDER\/u.gif\" alt=\"u.gif\"\/><\/figure>\n\n\n\n<p>&nbsp;1, 3, 6 Hallesches Tor<\/p>\n\n\n\n<figure class=\"wp-block-image icon\"><img decoding=\"async\" src=\"http:\/\/pfaddervisionaere.de\/GLOBAL\/BILDER\/bus.gif\" alt=\"bus.gif\"\/><\/figure>\n\n\n\n<p>&nbsp;M41, 248 Busbahnhof Hallesches Tor<\/p>\n\n\n\n<figure class=\"wp-block-image icon\"><img decoding=\"async\" src=\"http:\/\/pfaddervisionaere.de\/GLOBAL\/BILDER\/bus.gif\" alt=\"bus.gif\"\/><\/figure>\n\n\n\n<p>&nbsp;M41, 248 Willy-Brandt-Haus<\/p>\n\n\n\n<figure class=\"wp-block-image icon\"><img decoding=\"async\" src=\"http:\/\/pfaddervisionaere.de\/GLOBAL\/BILDER\/bus.gif\" alt=\"bus.gif\"\/><\/figure>\n\n\n\n<p>\u00a0248 IG Metall<\/p>\n\n\n\n\n\n<p><\/p>","protected":false},"excerpt":{"rendered":"<p>Der PFAD DER VISION\u00c4RE &#8211; ZEICHEN F\u00dcR EUROPA (m\/w\/d) befindet sich in der Fu\u00dfg\u00e4ngerzone am s\u00fcdlichen Beginn der Berliner Friedrichstra\u00dfe, nahe dem Mehringplatz. Der Mehringplatz, ehemals&#46;&#46;&#46;<\/p>","protected":false},"author":1,"featured_media":0,"parent":0,"menu_order":0,"comment_status":"closed","ping_status":"closed","template":"","meta":{"ub_ctt_via":"","pgc_sgb_lightbox_settings":"","footnotes":""},"class_list":["post-23","page","type-page","status-publish","hentry"],"featured_image_src":null,"_links":{"self":[{"href":"https:\/\/pfaddervisionaere.de\/en\/wp-json\/wp\/v2\/pages\/23","targetHints":{"allow":["GET"]}}],"collection":[{"href":"https:\/\/pfaddervisionaere.de\/en\/wp-json\/wp\/v2\/pages"}],"about":[{"href":"https:\/\/pfaddervisionaere.de\/en\/wp-json\/wp\/v2\/types\/page"}],"author":[{"embeddable":true,"href":"https:\/\/pfaddervisionaere.de\/en\/wp-json\/wp\/v2\/users\/1"}],"replies":[{"embeddable":true,"href":"https:\/\/pfaddervisionaere.de\/en\/wp-json\/wp\/v2\/comments?post=23"}],"version-history":[{"count":14,"href":"https:\/\/pfaddervisionaere.de\/en\/wp-json\/wp\/v2\/pages\/23\/revisions"}],"predecessor-version":[{"id":790,"href":"https:\/\/pfaddervisionaere.de\/en\/wp-json\/wp\/v2\/pages\/23\/revisions\/790"}],"wp:attachment":[{"href":"https:\/\/pfaddervisionaere.de\/en\/wp-json\/wp\/v2\/media?parent=23"}],"curies":[{"name":"wp","href":"https:\/\/api.w.org\/{rel}","templated":true}]}}