{"id":19,"date":"2021-10-06T18:06:18","date_gmt":"2021-10-06T18:06:18","guid":{"rendered":"http:\/\/pfaddervisionaere.de\/wp\/?page_id=19"},"modified":"2023-02-13T15:50:01","modified_gmt":"2023-02-13T15:50:01","slug":"idee","status":"publish","type":"page","link":"https:\/\/pfaddervisionaere.de\/en\/idee","title":{"rendered":"Concept"},"content":{"rendered":"<figure class=\"wp-block-image\"><img decoding=\"async\" src=\"http:\/\/pfaddervisionaere.de\/GLOBAL\/BILDER\/PdVdW%20Banner%20-%20Idee.png\" alt=\"\"\/><\/figure>\n\n\n\n<p>The PATH OF VISIONARIES - SIGNS FOR EUROPE located at the pedestrian zone of Friedrichstra\u00dfe in the heart of Berlin. Each Member State is represented with a quote from an outstanding personality on a \"Panel of Nations\". Together they form a bond of shared values, visions and the diversity of cultures of the European Community.<\/p>\n\n\n\n<p>The panels are arranged according to the order of their membership.<\/p>\n\n\n\n<p>The PATH OF VISIONARIES - a permanent sign for peace and internationality.<\/p>\n\n\n\n<p><\/p>\n\n\n\n<p>UNESCO, the United Nations Educational, Scientific and Cultural Organization, shows its attachment to the project with its own contribution to the PATH OF VISIONARIES, in the form of a floor plaque.<\/p>\n\n\n\n<p><strong>\u201cSince wars begin in the minds of men,<br>it is in the minds of men that the defences of peace must be constructed.\u201d<\/strong><br>(First sentence from the CONSTITUTION of UNESCO and official quotation contribution of UNESCO to the PATH OF VISIONARIES in Berlin).<\/p>\n\n\n\n<p>Special thanks to:<br>Ms. Irina Bokowa, Director-General of UNESCO, former patron of the PATH OF THE VISIONARIES OF THE WORLD <\/p>\n\n\n\n<p>Dr. Jean-Claude Juncker, former President of the European Commission, patron of the PATH OF VISIONARIES during his term of office. <\/p>\n\n\n\n<figure class=\"wp-block-embed is-type-video is-provider-youtube wp-block-embed-youtube wp-embed-aspect-16-9 wp-has-aspect-ratio\"><div class=\"wp-block-embed__wrapper\">\n<div class=\"video-container\"><iframe loading=\"lazy\" title=\"Interview zum Stadtkunstprojekt PFAD DER VISION\u00c4RE, Berlin\" width=\"740\" height=\"416\" src=\"https:\/\/www.youtube.com\/embed\/bgFAVl2FC7Y?feature=oembed\" frameborder=\"0\" allow=\"accelerometer; autoplay; clipboard-write; encrypted-media; gyroscope; picture-in-picture; web-share\" allowfullscreen><\/iframe><\/div>\n<\/div><\/figure>\n\n\n\n<p><strong>Location<\/strong><\/p>\n\n\n<div class=\"pgc-sgb-cb wp-block-pgcsimplygalleryblock-masonry\" data-gallery-id=\"5f967429\"><div class=\"sgb-preloader\" id=\"pr_5f967429\">\n\t<div class=\"sgb-square\" style=\"background:#d4d4d4\"><\/div>\n\t<div class=\"sgb-square\" style=\"background:#d4d4d4\"><\/div>\n\t<div class=\"sgb-square\" style=\"background:#d4d4d4\"><\/div>\n\t<div class=\"sgb-square\" style=\"background:#d4d4d4\"><\/div><\/div><div class=\"simply-gallery-amp pgc_sgb_slider\" style=\"display: none;\"><div class=\"sgb-gallery\"><div class=\"sgb-item\"><a href=\"https:\/\/pfaddervisionaere.de\/en\/idee\/idee_01\/\"><img decoding=\"async\" alt=\"\" width=\"260\" height=\"212\" loading=\"lazy\" src=\"http:\/\/pfaddervisionaere.de\/wp-content\/uploads\/2021\/10\/idee_01.jpeg\"\/><\/a><\/div><div class=\"sgb-item\"><a href=\"https:\/\/pfaddervisionaere.de\/en\/idee\/bap_-luftbild-um-1935\/\"><img decoding=\"async\" alt=\"\" width=\"260\" height=\"212\" loading=\"lazy\" src=\"http:\/\/pfaddervisionaere.de\/wp-content\/uploads\/2021\/10\/BAP_-Luftbild-um-1935.png\"\/><\/a><\/div><\/div><\/div><script type=\"application\/json\" class=\"sgb-data\">{\"thumbClickAction\":\"useLightbox\",\"collectionColumns\":2,\"externalLink\":false,\"captions\":false,\"collectionThumbSubMenuDownload\":false,\"collectionThumbSubMenuShare\":false,\"galleryType\":\"pgc_sgb_masonry\",\"galleryId\":\"5f967429\",\"images\":[{\"id\":86,\"title\":\"idee_01\",\"url\":\"http:\/\/pfaddervisionaere.de\/wp-content\/uploads\/2021\/10\/idee_01.jpeg\",\"link\":\"http:\/\/pfaddervisionaere.de\/idee\/idee_01\",\"alt\":\"\",\"description\":\"\",\"caption\":\"\",\"mime\":\"image\/jpeg\",\"type\":\"image\",\"width\":260,\"height\":212,\"sizes\":{\"thumbnail\":{\"height\":150,\"width\":150,\"url\":\"http:\/\/pfaddervisionaere.de\/wp-content\/uploads\/2021\/10\/idee_01-150x150.jpeg\",\"orientation\":\"landscape\"},\"full\":{\"url\":\"http:\/\/pfaddervisionaere.de\/wp-content\/uploads\/2021\/10\/idee_01.jpeg\",\"height\":212,\"width\":260,\"orientation\":\"landscape\"}},\"meta\":false,\"postlink\":\"http:\/\/pfaddervisionaere.de\/idee\/idee_01\"},{\"id\":87,\"title\":\"BAP_ Luftbild um 1935\",\"url\":\"http:\/\/pfaddervisionaere.de\/wp-content\/uploads\/2021\/10\/BAP_-Luftbild-um-1935.png\",\"link\":\"http:\/\/pfaddervisionaere.de\/idee\/bap_-luftbild-um-1935\",\"alt\":\"\",\"description\":\"\",\"caption\":\"\",\"mime\":\"image\/png\",\"type\":\"image\",\"width\":260,\"height\":212,\"sizes\":{\"thumbnail\":{\"height\":150,\"width\":150,\"url\":\"http:\/\/pfaddervisionaere.de\/wp-content\/uploads\/2021\/10\/BAP_-Luftbild-um-1935-150x150.png\",\"orientation\":\"landscape\"},\"full\":{\"url\":\"http:\/\/pfaddervisionaere.de\/wp-content\/uploads\/2021\/10\/BAP_-Luftbild-um-1935.png\",\"height\":212,\"width\":260,\"orientation\":\"landscape\"}},\"meta\":false,\"postlink\":\"http:\/\/pfaddervisionaere.de\/idee\/bap_-luftbild-um-1935\"}],\"itemsMetaDataCollection\":[],\"galleryData\":\"{\\u0022copyRProtection\\u0022:false,\\u0022copyRAlert\\u0022:\\u0022Hello, this photo is mine!\\u0022,\\u0022sliderScrollNavi\\u0022:false,\\u0022sliderNextPrevAnimation\\u0022:\\u0022animation\\u0022,\\u0022galleryScrollPositionControll\\u0022:false,\\u0022sliderVideoAutoPlay\\u0022:false,\\u0022sliderVideoLoop\\u0022:false,\\u0022sliderItemCounterEnable\\u0022:true,\\u0022sliderCaptionSrc\\u0022:\\u0022caption\\u0022,\\u0022sliderItemTitleEnable\\u0022:false,\\u0022sliderItemTitleFontSize\\u0022:18,\\u0022sliderItemTitleTextColor\\u0022:\\u0022rgba(255,255,255,1)\\u0022,\\u0022itemCounterColor\\u0022:\\u0022rgba(255,255,255,1)\\u0022,\\u0022sliderThumbBarEnable\\u0022:true,\\u0022sliderThumbBarHoverColor\\u0022:\\u0022rgba(240,240,240,1)\\u0022,\\u0022sliderBgColor\\u0022:\\u0022rgba(0,0,0,0.8)\\u0022,\\u0022sliderPreloaderColor\\u0022:\\u0022rgba(240,240,240,1)\\u0022,\\u0022sliderHeaderFooterBgColor\\u0022:\\u0022rgba(0,0,0,0.4)\\u0022,\\u0022sliderNavigationColor\\u0022:\\u0022rgba(0,0,0,1)\\u0022,\\u0022sliderNavigationColorOver\\u0022:\\u0022rgba(255,255,255,1)\\u0022,\\u0022sliderNavigationIconColor\\u0022:\\u0022rgba(255,255,255,1)\\u0022,\\u0022sliderNavigationIconColorOver\\u0022:\\u0022rgba(0,0,0,1)\\u0022,\\u0022sliderSlideshow\\u0022:true,\\u0022sliderSlideshowDelay\\u0022:8,\\u0022slideshowIndicatorColor\\u0022:\\u0022rgba(255,255,255,1)\\u0022,\\u0022slideshowIndicatorColorBg\\u0022:\\u0022rgba(255,255,255,0.5)\\u0022,\\u0022sliderThumbSubMenuBackgroundColor\\u0022:\\u0022rgba(255,255,255,0)\\u0022,\\u0022sliderThumbSubMenuBackgroundColorOver\\u0022:\\u0022rgba(255,255,255,1)\\u0022,\\u0022sliderThumbSubMenuIconColor\\u0022:\\u0022rgba(255,255,255,1)\\u0022,\\u0022sliderThumbSubMenuIconHoverColor\\u0022:\\u0022rgba(0,0,0,1)\\u0022,\\u0022sliderSocialShareEnabled\\u0022:true,\\u0022sliderZoomEnable\\u0022:true,\\u0022sliderFullscreenEnabled\\u0022:true,\\u0022modaBgColor\\u0022:\\u0022rgba(0,0,0,0.8)\\u0022,\\u0022modalIconColor\\u0022:\\u0022rgba(255,255,255,1)\\u0022,\\u0022modalIconColorHover\\u0022:\\u0022rgba(255,255,255,0.8)\\u0022,\\u0022shareFacebook\\u0022:true,\\u0022shareTwitter\\u0022:true,\\u0022sharePinterest\\u0022:true,\\u0022sliderItemDownload\\u0022:true,\\u0022shareCopyLink\\u0022:true,\\u0022sharePost\\u0022:\\u0022sharelink\\u0022,\\u0022tagsFilter\\u0022:false,\\u0022tagCloudAll\\u0022:\\u0022All\\u0022,\\u0022tagCloudBgColor\\u0022:\\u0022rgba(153,153,153,1)\\u0022,\\u0022tagCloudBgColorOver\\u0022:\\u0022rgba(253,253,253,1)\\u0022,\\u0022tagCloudTextColor\\u0022:\\u0022rgba(253,253,253,1)\\u0022,\\u0022tagCloudTextColorOver\\u0022:\\u0022rgba(153,153,153,1)\\u0022,\\u0022tagCloudFontSize\\u0022:16,\\u0022deepLinking\\u0022:false,\\u0022useLightbox\\u0022:true,\\u0022thumbClickAction\\u0022:\\u0022useLightbox\\u0022,\\u0022numItemsDisplayed\\u0022:0,\\u0022lazyLoading\\u0022:true,\\u0022contentNoPadding\\u0022:false,\\u0022galleryPreloaderColor\\u0022:\\u0022rgba(230,230,230,1)\\u0022,\\u0022galleryBgColor\\u0022:\\u0022rgba(0,0,0,0)\\u0022,\\u0022galleryBorderRadius\\u0022:0,\\u0022customCSS\\u0022:\\u0022\\u0022,\\u0022collectionColumns\\u0022:2,\\u0022collectionThumbRecomendedWidth\\u0022:200,\\u0022thumbSpacing\\u0022:5,\\u0022externalLink\\u0022:false,\\u0022externalLinkDefName\\u0022:\\u0022Read More\\u0022,\\u0022externalLinkTextColor\\u0022:\\u0022rgba(0,0,0,1)\\u0022,\\u0022externalLinkBgColor\\u0022:\\u0022rgba(255,255,255,1)\\u0022,\\u0022externalLinkFontSize\\u0022:18,\\u0022captions\\u0022:false,\\u0022captionSrc\\u0022:\\u0022caption\\u0022,\\u0022captionHAlign\\u0022:\\u0022top\\u0022,\\u0022collectionthumbHoverTitleFontSize\\u0022:18,\\u0022collectionthumbRoundedCorners\\u0022:0,\\u0022collectionthumbHoverTitleTextColor\\u0022:\\u0022rgba(255,255,255,1)\\u0022,\\u0022collectionthumbHoverTitleTextBgColor\\u0022:\\u0022rgba(0,0,0,0.8)\\u0022,\\u0022collectionthumbHoverBgColor\\u0022:\\u0022rgba(0,0,0,0.4)\\u0022,\\u0022collectionThumbSubMenuDownload\\u0022:false,\\u0022collectionThumbSubMenuShare\\u0022:false,\\u0022collectionThumbSubMenuBgColor\\u0022:\\u0022rgba(0,0,0,0.4)\\u0022,\\u0022collectionThumbSubMenuBgColorHover\\u0022:\\u0022rgba(255,255,255,1)\\u0022,\\u0022collectionThumbSubMenuIconColor\\u0022:\\u0022rgba(255,255,255,1)\\u0022,\\u0022collectionThumbSubMenuIconColorHover\\u0022:\\u0022rgba(0,0,0,1)\\u0022,\\u0022galleryType\\u0022:\\u0022pgc_sgb_masonry\\u0022,\\u0022align\\u0022:\\u0022\\u0022,\\u0022galleryId\\u0022:\\u00225f967429\\u0022,\\u0022tagsListCustomMode\\u0022:false,\\u0022initGalleryByFirstTag\\u0022:false,\\u0022deepLinkingForTag\\u0022:false,\\u0022galleryTagsList\\u0022:[],\\u0022useClobalSettings\\u0022:false,\\u0022orderBy\\u0022:\\u0022custom\\u0022,\\u0022settingsModalIsOpen\\u0022:false}\"}<\/script><script>(function(){if(window.PGC_SGB && window.PGC_SGB.searcher){window.PGC_SGB.searcher.initBlocks()}})()<\/script><\/div>\n\n\n<p>Der PFAD DER VISION\u00c4RE (m\/w\/d) befindet sich am Halleschen Tor, nahe dem Mehringplatz. Der Mehringplatz, ehemals Belle-Alliance-Platz, bildete zusammen mit dem Halleschen Tor das s\u00fcdliche Stadttor im friederizianischen Berlin.<\/p>\n\n\n\n<p>Der Belle-Alliance-Platz erhielt seinen Namen in Folge der Freiheitskriege und unterstrich auf besondere Weise das Streben der europ\u00e4ischen Nationen nach Souver\u00e4nit\u00e4t. Bis heute \u00fcberragt die 19m hohe Brunnenskulptur des &#8222;Friedensengels&#8220; den Platz.<\/p>\n\n\n\n<p>Der Engel als Friedensg\u00f6ttin Irene und Siegesg\u00f6ttin Viktoria zugleich, stand f\u00fcr eine Idee von Frieden des 19. Jahrhunderts, dass Frieden und Krieg sich einander bedingen w\u00fcrden. Der PFAD DER VISION\u00c4RE (m\/w\/d) setzt eine zeitgem\u00e4\u00dfe moderne Interpretation: Frieden als handeln im Dialog, in Anerkennung und Respekt gegen\u00fcber der Vielf\u00e4ltigkeit der Kulturen. Der Engel, als Friedensstifter, wurde das Sinnbild f\u00fcr das Stadtkunstprojekt.<\/p>\n\n\n\n<p>Der PFAD DER VISION\u00c4RE (m\/w\/d) l\u00e4dt ein, sich von vision\u00e4ren Gedanken prominenter Europ\u00e4er und Europ\u00e4erinnen inspirieren zu lassen und die Vielf\u00e4ltigkeit der Kulturen zu erleben.<\/p>\n\n\n\n<p><strong>CONCEPT and PROJECT MANAGEMENT: <\/strong><a rel=\"noreferrer noopener\" href=\"http:\/\/bonger.de\/\" target=\"_blank\">Bonger Voges<\/a><br><strong>DESIGN and VISUAL CONCEPT:<\/strong>&nbsp;Daniela Haitzler and Marcel Fleiner<br><strong>REALIZATION:<\/strong>&nbsp;<a href=\"http:\/\/www.rainerfest.de\" data-type=\"URL\" data-id=\"www.rainerfest.de\">Rainer Fest<\/a><br><strong>SUPPORTING ASSOCIATION KUNSWELT e.V. BERLIN:<\/strong>&nbsp;Vorstand&nbsp;<a rel=\"noreferrer noopener\" href=\"http:\/\/kristijanapenava.de\/\" target=\"_blank\">RA Kristijana Penava<\/a><\/p>","protected":false},"excerpt":{"rendered":"<p>Der PFAD DER VISION\u00c4RE &#8211; ZEICHEN F\u00dcR EUROPA (m\/w\/d) in der Fu\u00dfg\u00e4ngerzone der Friedrichstra\u00dfe im Herzen Berlins. Jedes EU-Mitgliedsland wird mit einem Zitat einer herausragenden Pers\u00f6nlichkeit&#46;&#46;&#46;<\/p>","protected":false},"author":1,"featured_media":0,"parent":0,"menu_order":0,"comment_status":"closed","ping_status":"closed","template":"","meta":{"ub_ctt_via":"","pgc_sgb_lightbox_settings":"","footnotes":""},"class_list":["post-19","page","type-page","status-publish","hentry"],"featured_image_src":null,"_links":{"self":[{"href":"https:\/\/pfaddervisionaere.de\/en\/wp-json\/wp\/v2\/pages\/19","targetHints":{"allow":["GET"]}}],"collection":[{"href":"https:\/\/pfaddervisionaere.de\/en\/wp-json\/wp\/v2\/pages"}],"about":[{"href":"https:\/\/pfaddervisionaere.de\/en\/wp-json\/wp\/v2\/types\/page"}],"author":[{"embeddable":true,"href":"https:\/\/pfaddervisionaere.de\/en\/wp-json\/wp\/v2\/users\/1"}],"replies":[{"embeddable":true,"href":"https:\/\/pfaddervisionaere.de\/en\/wp-json\/wp\/v2\/comments?post=19"}],"version-history":[{"count":16,"href":"https:\/\/pfaddervisionaere.de\/en\/wp-json\/wp\/v2\/pages\/19\/revisions"}],"predecessor-version":[{"id":798,"href":"https:\/\/pfaddervisionaere.de\/en\/wp-json\/wp\/v2\/pages\/19\/revisions\/798"}],"wp:attachment":[{"href":"https:\/\/pfaddervisionaere.de\/en\/wp-json\/wp\/v2\/media?parent=19"}],"curies":[{"name":"wp","href":"https:\/\/api.w.org\/{rel}","templated":true}]}}