{"id":12,"date":"2021-10-06T17:45:11","date_gmt":"2021-10-06T17:45:11","guid":{"rendered":"http:\/\/pfaddervisionaere.de\/wp\/?page_id=12"},"modified":"2025-06-13T19:58:56","modified_gmt":"2025-06-13T19:58:56","slug":"home","status":"publish","type":"page","link":"https:\/\/pfaddervisionaere.de\/en\/","title":{"rendered":"Home"},"content":{"rendered":"<div class=\"wp-block-image\">\n<figure class=\"aligncenter size-large\"><img loading=\"lazy\" decoding=\"async\" width=\"1024\" height=\"683\" src=\"http:\/\/pfaddervisionaere.de\/wp-content\/uploads\/2022\/08\/MGL1972-Bearbeitet-1024x683.jpg\" alt=\"\" class=\"wp-image-721\" style=\"object-fit:contain\" srcset=\"https:\/\/pfaddervisionaere.de\/wp-content\/uploads\/2022\/08\/MGL1972-Bearbeitet-1024x683.jpg 1024w, https:\/\/pfaddervisionaere.de\/wp-content\/uploads\/2022\/08\/MGL1972-Bearbeitet-300x200.jpg 300w, https:\/\/pfaddervisionaere.de\/wp-content\/uploads\/2022\/08\/MGL1972-Bearbeitet-768x512.jpg 768w, https:\/\/pfaddervisionaere.de\/wp-content\/uploads\/2022\/08\/MGL1972-Bearbeitet-1536x1024.jpg 1536w, https:\/\/pfaddervisionaere.de\/wp-content\/uploads\/2022\/08\/MGL1972-Bearbeitet-2048x1365.jpg 2048w, https:\/\/pfaddervisionaere.de\/wp-content\/uploads\/2022\/08\/MGL1972-Bearbeitet-18x12.jpg 18w, https:\/\/pfaddervisionaere.de\/wp-content\/uploads\/2022\/08\/MGL1972-Bearbeitet-720x480.jpg 720w, https:\/\/pfaddervisionaere.de\/wp-content\/uploads\/2022\/08\/MGL1972-Bearbeitet-520x347.jpg 520w\" sizes=\"auto, (max-width: 1024px) 100vw, 1024px\" \/><\/figure>\n<\/div>\n\n\n<p><strong>SIGNS FOR EUROPE, FOR FREEDOM, DIVERSITY, PEACE AND INTERNATIONAL UNDERSTANDING<\/strong><br>REPRESENTATIONS OF THE EU - MEMBER STATES DISPLAY VISIONARY QUOTATIONS OF OUTSTANDING NATIONAL PERSONALITIES<\/p>\n\n\n\n<p>Patrons: Miss Irina Bokova, Director-General of UNESCO, Dr. Jean-Claude Juncker, former President of the European Commission, Franziska Giffey, former Governing Mayor of Berlin <\/p>\n\n\n\n<p><\/p>\n\n\n\n<p>The art installation is a permanent installation and open 24 hours a day. <\/p>\n\n\n\n<p>Location: Pedestrian zone of Berlin's Friedrichstra\u00dfe, near Hallesches Tor (U1, U3, U6), from Checkpoint Charlie it is a 10min walk. The installation is particularly impressive at dusk. <\/p>\n\n\n\n<p><\/p>\n\n\n\n<p><\/p>","protected":false},"excerpt":{"rendered":"<p>ZEICHEN F\u00dcR EUROPA, F\u00dcR FREIHEIT, VIELFALT, FRIEDEN UND V\u00d6LKERVERST\u00c4NDIGUNGVERTRETUNGEN DER EU &#8211; MITGLIEDSTAATEN PR\u00c4SENTIEREN ZITATE HERAUSRAGENDER NATIONALER PERS\u00d6NLICHKEITEN Schirmherren des PFAD DER VISION\u00c4RE (m\/w\/d): Irina Bukowa,&#46;&#46;&#46;<\/p>","protected":false},"author":1,"featured_media":0,"parent":0,"menu_order":0,"comment_status":"closed","ping_status":"closed","template":"","meta":{"ub_ctt_via":"","pgc_sgb_lightbox_settings":"","footnotes":""},"class_list":["post-12","page","type-page","status-publish","hentry"],"featured_image_src":null,"_links":{"self":[{"href":"https:\/\/pfaddervisionaere.de\/en\/wp-json\/wp\/v2\/pages\/12","targetHints":{"allow":["GET"]}}],"collection":[{"href":"https:\/\/pfaddervisionaere.de\/en\/wp-json\/wp\/v2\/pages"}],"about":[{"href":"https:\/\/pfaddervisionaere.de\/en\/wp-json\/wp\/v2\/types\/page"}],"author":[{"embeddable":true,"href":"https:\/\/pfaddervisionaere.de\/en\/wp-json\/wp\/v2\/users\/1"}],"replies":[{"embeddable":true,"href":"https:\/\/pfaddervisionaere.de\/en\/wp-json\/wp\/v2\/comments?post=12"}],"version-history":[{"count":41,"href":"https:\/\/pfaddervisionaere.de\/en\/wp-json\/wp\/v2\/pages\/12\/revisions"}],"predecessor-version":[{"id":822,"href":"https:\/\/pfaddervisionaere.de\/en\/wp-json\/wp\/v2\/pages\/12\/revisions\/822"}],"wp:attachment":[{"href":"https:\/\/pfaddervisionaere.de\/en\/wp-json\/wp\/v2\/media?parent=12"}],"curies":[{"name":"wp","href":"https:\/\/api.w.org\/{rel}","templated":true}]}}