{"id":1062,"date":"2025-10-10T12:33:35","date_gmt":"2025-10-10T12:33:35","guid":{"rendered":"https:\/\/pfaddervisionaere.de\/?page_id=1062"},"modified":"2025-10-10T13:08:35","modified_gmt":"2025-10-10T13:08:35","slug":"kroatien","status":"publish","type":"page","link":"https:\/\/pfaddervisionaere.de\/en\/kroatien","title":{"rendered":"Kroatien"},"content":{"rendered":"<figure class=\"wp-block-image size-full\"><img loading=\"lazy\" decoding=\"async\" width=\"600\" height=\"400\" src=\"https:\/\/pfaddervisionaere.de\/wp-content\/uploads\/2025\/09\/Flag_of_Croatia.png\" alt=\"\" class=\"wp-image-893\" srcset=\"https:\/\/pfaddervisionaere.de\/wp-content\/uploads\/2025\/09\/Flag_of_Croatia.png 600w, https:\/\/pfaddervisionaere.de\/wp-content\/uploads\/2025\/09\/Flag_of_Croatia-300x200.png 300w, https:\/\/pfaddervisionaere.de\/wp-content\/uploads\/2025\/09\/Flag_of_Croatia-18x12.png 18w, https:\/\/pfaddervisionaere.de\/wp-content\/uploads\/2025\/09\/Flag_of_Croatia-520x347.png 520w\" sizes=\"auto, (max-width: 600px) 100vw, 600px\" \/><\/figure>\n\n\n\n<p><em>For english version see below<\/em><\/p>\n\n\n\n<p><\/p>\n\n\n\n<p><strong>In der EU-Politik wird zu viel geredet und zu wenig getan! Ist das so?<\/strong><\/p>\n\n\n\n<p>Wussten Sie, dass die EU oft langsam ist, weil sie gr\u00fcndlich, demokratisch und fair handeln will? Die Diskussionen sind wichtig, um fundierte Entscheidungen zu treffen, denn wenn die EU handelt, setzt sie Ma\u00dfst\u00e4be f\u00fcr \u00fcber 450 Millionen Menschen \u2013 sei es im Verbraucherschutz, der Klimapolitik oder den Menschenrechten. Konkrete Ma\u00dfnahmen, die die EU umgesetzt hat, sind zum Beispiel g\u00fcnstigeres Roaming oder einheitliche Ladekabel, einheitliche Vertragsverletzungsverfahren, u.v.m.<\/p>\n\n\n\n<p>Wenn wir es gemeinsam schaffen, das demokratische Mehrheitsprinzip in der EU einzuf\u00fchren, wird die EU zusammen auf allen Feldern schlagkr\u00e4ftiger. Einzelne Staaten und Interessengruppen m\u00fcssten dann aber sicher kurzfristige Nachteile f\u00fcr den gemeinsamen Gewinn hinnehmen.<\/p>\n\n\n\n<p><\/p>\n\n\n\n<p><em>Sie befinden sich an der <strong>kroatischen Tafel<\/strong> des PFAD DER VISION\u00c4RE (m\/w\/d).<\/em><\/p>\n\n\n\n<p><\/p>\n\n\n\n<p>Kroatien ist das j\u00fcngste EU-Mitglied \u2013 Beitritt war am 1. Juli 2013.<\/p>\n\n\n\n<p>Wussten Sie, dass die Krawatte aus Kroatien kommt? \u201ecravate\u201c stammt vom kroatischen Milit\u00e4rstil. Kroatien hat \u00fcber 1\u202f000 Inseln und war Drehort f\u00fcr Serien wie <em>Game of Thrones<\/em>. Die Altstadt von Dubrovnik z\u00e4hlt zu den bekanntesten UNESCO-Weltkulturerbest\u00e4tten Europas.<br>Seit dem EU-Beitritt 2013 boomt der Tr\u00fcffelhandel in Istrien \u2013 mit EU-Zertifikaten f\u00fcr Herkunft und Qualit\u00e4t exportiert Kroatien nun edle Tr\u00fcffel bis nach Japan.<\/p>\n\n\n\n<p><\/p>\n\n\n\n<p><strong>Was verbindet uns?<\/strong><br>Berlin und Kroatien sind eng durch Tourismus und Kultur verkn\u00fcpft. Viele Deutsche reisen jedes Jahr an die Adria. Innerhalb der EU arbeiten wir gemeinsam an Themen wie Digitalisierung, Meerespolitik und Jugendf\u00f6rderung.<\/p>\n\n\n\n<p>Europa steht aktuell vor gro\u00dfen Herausforderungen. ZUSAMMEN k\u00f6nnen wir die Herausforderungen BESSER bestehen\u2013 gemeinsam k\u00f6nnen wir mehr bewegen! Mischen Sie sich ein und sprechen Sie zum Beispiel Ihre EU-Beauftragten in den Bezirks\u00e4mtern an.<\/p>\n\n\n\n<p><\/p>\n\n\n\n<p><\/p>\n\n\n\n<p><strong>In EU politics, there\u2019s too much talk and too little action! Is that true?<br><\/strong>Did you know that the EU is often slow because it strives to act <strong>thoroughly, democratically and fairly<\/strong>? Debate is essential for well-founded decisions \u2014 and when the EU acts, it sets standards for <strong>over 450 million people<\/strong> in areas like <strong>consumer protection, climate policy<\/strong> and <strong>human rights<\/strong>. Concrete EU achievements include <strong>cheaper roaming<\/strong>, <strong>standardized charging cables<\/strong>, and <strong>harmonized infringement procedures<\/strong>, among others.<\/p>\n\n\n\n<p>If we were to introduce <strong>majority voting<\/strong> at EU level, the Union would become <strong>more effective<\/strong> across policy fields. In return, individual states and interest groups would sometimes need to accept <strong>short-term drawbacks<\/strong> for the <strong>common good<\/strong>.<\/p>\n\n\n\n<p><\/p>\n\n\n\n<p> <em>You are standing at the <strong>Croatian plaque<\/strong> of the PATH OF VISIONARIES.<\/em><\/p>\n\n\n\n<p><\/p>\n\n\n\n<p>Croatia is the youngest EU member state \u2013 accession was on July 1, 2013.<\/p>\n\n\n\n<p>Did you know that the <strong>necktie<\/strong> comes from Croatia? The word <strong>\u201ccravate\u201d<\/strong> derives from a Croatian military style. Croatia has <strong>over 1,000 islands<\/strong> and served as a filming location for <strong>Game of Thrones<\/strong>. The <strong>Old Town of Dubrovnik<\/strong> is one of Europe\u2019s most famous <strong>UNESCO World Heritage Sites<\/strong>.<br>Since joining the EU in 2013, <strong>truffle trade in Istria<\/strong> has boomed \u2013 with EU certificates for origin and quality, Croatia now exports <strong>fine truffles as far as Japan<\/strong>.<\/p>\n\n\n\n<p><\/p>\n\n\n\n<p><strong>What connects us?<\/strong><br>Berlin and Croatia are closely linked through <strong>tourism and culture<\/strong>. Many Germans travel to the <strong>Adriatic<\/strong> every year. Within the EU, we work together on <strong>digitalization, maritime policy<\/strong> and <strong>youth promotion<\/strong>.<\/p>\n\n\n\n<p>Europe is currently facing major challenges. TOGETHER we can face them BETTER \u2013 united, we can achieve more! Get involved and talk to your EU representatives in the district offices, for example.<\/p>","protected":false},"excerpt":{"rendered":"<p>For english version see below In der EU-Politik wird zu viel geredet und zu wenig getan! Ist das so? Wussten Sie, dass die EU oft langsam&#46;&#46;&#46;<\/p>","protected":false},"author":2,"featured_media":0,"parent":0,"menu_order":0,"comment_status":"closed","ping_status":"closed","template":"","meta":{"ub_ctt_via":"","pgc_sgb_lightbox_settings":"","footnotes":""},"class_list":["post-1062","page","type-page","status-publish","hentry"],"featured_image_src":null,"_links":{"self":[{"href":"https:\/\/pfaddervisionaere.de\/en\/wp-json\/wp\/v2\/pages\/1062","targetHints":{"allow":["GET"]}}],"collection":[{"href":"https:\/\/pfaddervisionaere.de\/en\/wp-json\/wp\/v2\/pages"}],"about":[{"href":"https:\/\/pfaddervisionaere.de\/en\/wp-json\/wp\/v2\/types\/page"}],"author":[{"embeddable":true,"href":"https:\/\/pfaddervisionaere.de\/en\/wp-json\/wp\/v2\/users\/2"}],"replies":[{"embeddable":true,"href":"https:\/\/pfaddervisionaere.de\/en\/wp-json\/wp\/v2\/comments?post=1062"}],"version-history":[{"count":2,"href":"https:\/\/pfaddervisionaere.de\/en\/wp-json\/wp\/v2\/pages\/1062\/revisions"}],"predecessor-version":[{"id":1101,"href":"https:\/\/pfaddervisionaere.de\/en\/wp-json\/wp\/v2\/pages\/1062\/revisions\/1101"}],"wp:attachment":[{"href":"https:\/\/pfaddervisionaere.de\/en\/wp-json\/wp\/v2\/media?parent=1062"}],"curies":[{"name":"wp","href":"https:\/\/api.w.org\/{rel}","templated":true}]}}