{"id":1060,"date":"2025-10-10T12:32:12","date_gmt":"2025-10-10T12:32:12","guid":{"rendered":"https:\/\/pfaddervisionaere.de\/?page_id=1060"},"modified":"2025-10-10T13:13:33","modified_gmt":"2025-10-10T13:13:33","slug":"rumaenien","status":"publish","type":"page","link":"https:\/\/pfaddervisionaere.de\/en\/rumaenien","title":{"rendered":"Rum\u00e4nien"},"content":{"rendered":"<figure class=\"wp-block-image size-full\"><img loading=\"lazy\" decoding=\"async\" width=\"600\" height=\"400\" src=\"https:\/\/pfaddervisionaere.de\/wp-content\/uploads\/2025\/09\/Flag_of_Romania.png\" alt=\"\" class=\"wp-image-904\" srcset=\"https:\/\/pfaddervisionaere.de\/wp-content\/uploads\/2025\/09\/Flag_of_Romania.png 600w, https:\/\/pfaddervisionaere.de\/wp-content\/uploads\/2025\/09\/Flag_of_Romania-300x200.png 300w, https:\/\/pfaddervisionaere.de\/wp-content\/uploads\/2025\/09\/Flag_of_Romania-18x12.png 18w, https:\/\/pfaddervisionaere.de\/wp-content\/uploads\/2025\/09\/Flag_of_Romania-520x347.png 520w\" sizes=\"auto, (max-width: 600px) 100vw, 600px\" \/><\/figure>\n\n\n\n<p><em>For english version see below<\/em><\/p>\n\n\n\n<p><\/p>\n\n\n\n<p><strong>Die EU gibt zusammen mehr Geld f\u00fcr R\u00fcstung aus als Russland. Warum also noch mehr R\u00fcstungsausgaben? Das durchbricht die bisherige Fragestruktur und sollte anders formuliert werden, oder raus.<\/strong><\/p>\n\n\n\n<p>Wussten Sie, dass die EU in der R\u00fcstungspolitik immer noch nicht als gemeinsames Sicherheitskonzept funktioniert?<\/p>\n\n\n\n<p>Die EU ist nicht in Besitz vieler Waffen, die Russland bereits auf EU-Staaten richtet. (z.B. Anufkl\u00e4rung und Nachrichtendienst, Satelliten, Mittel und Langstreckenraketen. Nach wie vor existieren oft 27 verschiedene Verteidigungsstrukturen und Waffensysteme. Die gro\u00dfe L\u00fccke der Verteidigungsf\u00e4higkeit f\u00fcllt ein inzwischen unzuverl\u00e4ssiger Partner, die USA.<\/p>\n\n\n\n<p>Nationale wirtschaftliche Interessen halten die Verteidigung ineffizient und teuer. Durch die Bedrohung Russlands f\u00fcr die EU ist ein schmerzlicher Lernprozess angesto\u00dfen: Gemeinsame Strategie und Eink\u00e4ufe der EU sind gefordert.<\/p>\n\n\n\n<p>F\u00fcr den einzelnen bedeutet das z.B.: Ein autorit\u00e4res Regime, eine Gro\u00dfmacht k\u00f6nnte Deutschland und der EU gro\u00dfe wirtschaftliche Nachteile, seine \u201eWerte\u201c und Regeln, sogar ohne Besetzung, diktieren (siehe Trumps Zollpolitik und Handelsvereinbarungen 2025 mit der EU).<\/p>\n\n\n\n<p>Dies w\u00fcrde sich deutlich auf den Alltag jedes einzelnen auswirken, die Lebensqualit\u00e4t und den Schutz unserer gemeinsamen Werte einschr\u00e4nken. Korruption und damit verbundene weitere Einkommensnachnachteile den wirtschaftlichen Spielraum einschr\u00e4nken.<\/p>\n\n\n\n<p><\/p>\n\n\n\n<p><em>Sie befinden sich an der <strong>rum\u00e4nischen Tafel<\/strong> des PFAD DER VISION\u00c4RE (m\/w\/d).<\/em><\/p>\n\n\n\n<p><\/p>\n\n\n\n<p>Rum\u00e4nien ist seit dem 1. Januar 2007 EU-Mitglied \u2013 zusammen mit Bulgarien.<\/p>\n\n\n\n<p>Wussten Sie, dass Rum\u00e4nien das gr\u00f6\u00dfte zusammenh\u00e4ngende Urwaldgebiet Europas hat? Teile der Karpaten sind noch v\u00f6llig unber\u00fchrt. Das Donaudelta ist eines der artenreichsten Feuchtgebiete der Welt. Au\u00dferdem stammt Graf Dracula aus Siebenb\u00fcrgen \u2013 zumindest als literarische Figur.<br>Dank EU-Geldern wurde das Dracula-Schloss in Bran restauriert \u2013 heute ist es ein Touristenmagnet.<\/p>\n\n\n\n<p><\/p>\n\n\n\n<p><strong>Was verbindet uns?<\/strong><br>Viele rum\u00e4nische B\u00fcrger*innen leben und arbeiten in Deutschland \u2013 auch in Berlin. \u00dcber EU-Programme kooperieren wir in den Bereichen Forschung, Umwelt- und Regionalf\u00f6rderung. Und kulturell? Rum\u00e4nien bereichert Berlins Kunst-, Musik- und Literaturszene deutlich.<\/p>\n\n\n\n<p>Europa steht aktuell vor gro\u00dfen Herausforderungen. ZUSAMMEN k\u00f6nnen wir die Herausforderungen BESSER bestehen\u2013 gemeinsam k\u00f6nnen wir mehr bewegen! Mischen Sie sich ein und sprechen Sie zum Beispiel Ihre EU-Beauftragten in den Bezirks\u00e4mtern an.<\/p>\n\n\n\n<p><\/p>\n\n\n\n<p><strong>The EU already spends more on defense together than Russia. So why increase defense spending?<br><\/strong>Did you know that the EU still <strong>does not function as a single common security framework<\/strong>? The EU does <strong>not possess many of the weapons systems<\/strong> that Russia already aims at EU states (e.g. reconnaissance and intelligence capacities, satellites, medium- and long-range missiles). There are still, in many cases, <strong>27 different defense structures and weapons systems<\/strong>. A major gap in European defense capability has long been filled by a partner that has become <strong>less reliable<\/strong>: the <strong>USA<\/strong>.<\/p>\n\n\n\n<p><\/p>\n\n\n\n<p><strong>National economic interests<\/strong> keep defense <strong>inefficient and expensive<\/strong>. Russia\u2019s threat to the EU has triggered a <strong>painful learning process<\/strong>: a <strong>common strategy<\/strong> and <strong>joint procurement<\/strong> are needed.<\/p>\n\n\n\n<p>For individuals, this can mean: an <strong>authoritarian great power<\/strong> could impose significant <strong>economic disadvantages<\/strong> and its <strong>\u201cvalues\u201d and rules<\/strong> on Germany and the EU <strong>even without occupation<\/strong> (see, for example, <strong>Trump\u2019s 2025 tariff policy and trade arrangements<\/strong> with the EU). This would <strong>noticeably affect daily life<\/strong>, reduce <strong>quality of life<\/strong>, and <strong>weaken protection of our common values<\/strong>. <strong>Corruption<\/strong> and resulting income losses would further <strong>reduce economic room for maneuver<\/strong>.<\/p>\n\n\n\n<p><\/p>\n\n\n\n<p><em>You are standing at the <strong>Romanian plaque<\/strong> of the PATH OF VISIONARIES.<\/em><\/p>\n\n\n\n<p><\/p>\n\n\n\n<p>Romania has been an EU member since January 1, 2007, together with Bulgaria.<\/p>\n\n\n\n<p>Did you know that Romania has <strong>Europe\u2019s largest contiguous primeval forest area<\/strong>? Parts of the <strong>Carpathians<\/strong> are still completely untouched. The <strong>Danube Delta<\/strong> is one of the <strong>most biodiverse wetlands<\/strong> in the world. And <strong>Count Dracula<\/strong> hails from <strong>Transylvania<\/strong> \u2013 at least as a literary figure.<br>Thanks to EU funds, <strong>Bran Castle<\/strong> (the \u201cDracula Castle\u201d) was restored \u2013 today it is a major tourist attraction.<\/p>\n\n\n\n<p><\/p>\n\n\n\n<p><strong>What connects us?<\/strong><br>Many Romanian citizens <strong>live and work in Germany<\/strong> \u2013 including in Berlin. Through EU programs, we cooperate in <strong>research, environmental protection and regional development<\/strong>. Culturally, Romania <strong>enriches Berlin\u2019s art, music and literary scene<\/strong>.<\/p>\n\n\n\n<p>Europe is currently facing major challenges. TOGETHER we can face them BETTER \u2013 united, we can achieve more! Get involved and talk to your EU representatives in the district offices, for example.<\/p>","protected":false},"excerpt":{"rendered":"<p>For english version see below Die EU gibt zusammen mehr Geld f\u00fcr R\u00fcstung aus als Russland. Warum also noch mehr R\u00fcstungsausgaben? Das durchbricht die bisherige Fragestruktur&#46;&#46;&#46;<\/p>","protected":false},"author":2,"featured_media":0,"parent":0,"menu_order":0,"comment_status":"closed","ping_status":"closed","template":"","meta":{"ub_ctt_via":"","pgc_sgb_lightbox_settings":"","footnotes":""},"class_list":["post-1060","page","type-page","status-publish","hentry"],"featured_image_src":null,"_links":{"self":[{"href":"https:\/\/pfaddervisionaere.de\/en\/wp-json\/wp\/v2\/pages\/1060","targetHints":{"allow":["GET"]}}],"collection":[{"href":"https:\/\/pfaddervisionaere.de\/en\/wp-json\/wp\/v2\/pages"}],"about":[{"href":"https:\/\/pfaddervisionaere.de\/en\/wp-json\/wp\/v2\/types\/page"}],"author":[{"embeddable":true,"href":"https:\/\/pfaddervisionaere.de\/en\/wp-json\/wp\/v2\/users\/2"}],"replies":[{"embeddable":true,"href":"https:\/\/pfaddervisionaere.de\/en\/wp-json\/wp\/v2\/comments?post=1060"}],"version-history":[{"count":2,"href":"https:\/\/pfaddervisionaere.de\/en\/wp-json\/wp\/v2\/pages\/1060\/revisions"}],"predecessor-version":[{"id":1110,"href":"https:\/\/pfaddervisionaere.de\/en\/wp-json\/wp\/v2\/pages\/1060\/revisions\/1110"}],"wp:attachment":[{"href":"https:\/\/pfaddervisionaere.de\/en\/wp-json\/wp\/v2\/media?parent=1060"}],"curies":[{"name":"wp","href":"https:\/\/api.w.org\/{rel}","templated":true}]}}