{"id":1058,"date":"2025-10-10T12:30:40","date_gmt":"2025-10-10T12:30:40","guid":{"rendered":"https:\/\/pfaddervisionaere.de\/?page_id=1058"},"modified":"2025-10-10T13:03:50","modified_gmt":"2025-10-10T13:03:50","slug":"bulgarien","status":"publish","type":"page","link":"https:\/\/pfaddervisionaere.de\/en\/bulgarien","title":{"rendered":"Bulgarien"},"content":{"rendered":"<figure class=\"wp-block-image size-full\"><img loading=\"lazy\" decoding=\"async\" width=\"600\" height=\"400\" src=\"https:\/\/pfaddervisionaere.de\/wp-content\/uploads\/2025\/09\/Flag_of_Bulgaria.png\" alt=\"\" class=\"wp-image-879\" srcset=\"https:\/\/pfaddervisionaere.de\/wp-content\/uploads\/2025\/09\/Flag_of_Bulgaria.png 600w, https:\/\/pfaddervisionaere.de\/wp-content\/uploads\/2025\/09\/Flag_of_Bulgaria-300x200.png 300w, https:\/\/pfaddervisionaere.de\/wp-content\/uploads\/2025\/09\/Flag_of_Bulgaria-18x12.png 18w, https:\/\/pfaddervisionaere.de\/wp-content\/uploads\/2025\/09\/Flag_of_Bulgaria-520x347.png 520w\" sizes=\"auto, (max-width: 600px) 100vw, 600px\" \/><\/figure>\n\n\n\n<p><em>For english version see below<\/em><\/p>\n\n\n\n<p><\/p>\n\n\n\n<p><strong>Deutschland hat weniger Geld, kann nicht mal Stra\u00dfen, Br\u00fccken, Renten finanzieren, aber wir zahlen am meisten Geld als reiches Land f\u00fcr die \u00e4rmeren EU-L\u00e4nder! Ist das so?<\/strong><\/p>\n\n\n\n<p>Wussten Sie, dass in der EU die St\u00e4rkeren nicht F\u00f6rderungen f\u00fcr die \u00e4rmeren L\u00e4nder zahlen, weil sie m\u00fcssen, sondern weil wir zusammen gemeinsam mehr erreichen? Bei den finanziellen Transferleistungen und F\u00f6rderprogrammen handelt es sich um eine gemeinsame Investition in die Stabilit\u00e4t und den Erfolg der gesamten Union. Diese Transfers sind also eine Art solidarische Unterst\u00fctzung, die langfristig allen Mitgliedstaaten zugutekommt, weil eine stabile und wohlhabende Union auch f\u00fcr die reichen L\u00e4nder Vorteile bringt.<\/p>\n\n\n\n<p><\/p>\n\n\n\n<p><em>Sie befinden sich an der <strong>bulgarischen Tafel<\/strong> des PFAD DER VISION\u00c4RE (m\/w\/d).<\/em><\/p>\n\n\n\n<p><\/p>\n\n\n\n<p>Bulgarien trat ebenfalls am 1. Januar 2007 der EU bei \u2013 zusammen mit Rum\u00e4nien.<\/p>\n\n\n\n<p>Wussten Sie, dass Bulgarien ein eigenes Alphabet hat? Es handelt sich um das kyrillische Alphabet. Das Land produziert eines der weltweit besten Rosen\u00f6le aus Rosen aus dem Tal von Kazanlak. Bulgarien beansprucht au\u00dferdem den \u00e4ltesten Goldschatz der Welt \u2013 gefunden wurde er bei Warna und er ist \u00fcber 6\u202f000 Jahre alt!<br>EU-Gelder halfen dabei, das Rhodopen-Gebirge touristisch zu erschlie\u00dfen \u2013 heute kann man dort mit EU-finanzierten E-Bikes durch B\u00e4renreservate radeln.<\/p>\n\n\n\n<p><\/p>\n\n\n\n<p><strong>Was verbindet uns?<\/strong><br>Bulgarien und Deutschland arbeiten eng zusammen \u2013 z.\u202fB. in der Energiepolitik und im Tourismus. Viele Berliner*innen entdecken die bulgarische Schwarzmeerk\u00fcste. In der EU teilen wir Ziele in Bildung, Innovation und Kulturerbe-Schutz.<\/p>\n\n\n\n<p>Europa steht aktuell vor gro\u00dfen Herausforderungen. ZUSAMMEN k\u00f6nnen wir die Herausforderungen BESSER bestehen\u2013 gemeinsam k\u00f6nnen wir mehr bewegen! Mischen Sie sich ein und sprechen Sie zum Beispiel Ihre EU-Beauftragten in den Bezirks\u00e4mtern an.<\/p>\n\n\n\n<p><\/p>\n\n\n\n<p><strong>Germany has less money, can\u2019t even finance roads, bridges or pensions\u2014yet we pay the most as a rich country for poorer EU states! Is that true?<br><\/strong>Did you know that in the EU, the stronger members don\u2019t fund support for less affluent countries <strong>because they \u201chave to,\u201d<\/strong> but because <strong>we achieve more together<\/strong>? Financial transfers and funding programs are <strong>joint investments<\/strong> in the <strong>stability and success<\/strong> of the entire Union. These transfers are a form of <strong>solidarity<\/strong> that <strong>benefits all member states in the long term<\/strong>, because a stable and prosperous Union is also in the <strong>interest of the richer countries<\/strong>.<\/p>\n\n\n\n<p><\/p>\n\n\n\n<p><em>You are standing at the <strong>Bulgarian plaque<\/strong> of the PATH OF VISIONARIES.<\/em><\/p>\n\n\n\n<p><\/p>\n\n\n\n<p>Bulgaria joined the EU on <strong>January 1, 2007<\/strong>, together with Romania.<\/p>\n\n\n\n<p>Did you know that Bulgaria has its <strong>own alphabet<\/strong> \u2013 the <strong>Cyrillic script<\/strong>? The country produces one of the world\u2019s <strong>finest rose oils<\/strong> from the <strong>Valley of Roses<\/strong> near Kazanlak. Bulgaria also claims the <strong>world\u2019s oldest gold treasure<\/strong>, discovered near <strong>Varna<\/strong> and <strong>over 6,000 years old<\/strong>!<br>EU funds helped to develop the <strong>Rhodope Mountains<\/strong> for tourism \u2013 today you can ride <strong>EU-funded e-bikes<\/strong> through <strong>bear reserves<\/strong>.<\/p>\n\n\n\n<p><\/p>\n\n\n\n<p><strong>What connects us?<\/strong><br>Bulgaria and Germany cooperate closely \u2013 for example in <strong>energy policy<\/strong> and <strong>tourism<\/strong>. Many Berliners discover <strong>Bulgaria\u2019s Black Sea coast<\/strong>. Within the EU, we share goals in <strong>education, innovation<\/strong> and <strong>cultural heritage protection<\/strong>.<\/p>\n\n\n\n<p>Europe is currently facing major challenges. TOGETHER we can face them BETTER \u2013 united, we can achieve more! Get involved and talk to your EU representatives in the district offices, for example.<\/p>","protected":false},"excerpt":{"rendered":"<p>For english version see below Deutschland hat weniger Geld, kann nicht mal Stra\u00dfen, Br\u00fccken, Renten finanzieren, aber wir zahlen am meisten Geld als reiches Land f\u00fcr&#46;&#46;&#46;<\/p>","protected":false},"author":2,"featured_media":0,"parent":0,"menu_order":0,"comment_status":"closed","ping_status":"closed","template":"","meta":{"ub_ctt_via":"","pgc_sgb_lightbox_settings":"","footnotes":""},"class_list":["post-1058","page","type-page","status-publish","hentry"],"featured_image_src":null,"_links":{"self":[{"href":"https:\/\/pfaddervisionaere.de\/en\/wp-json\/wp\/v2\/pages\/1058","targetHints":{"allow":["GET"]}}],"collection":[{"href":"https:\/\/pfaddervisionaere.de\/en\/wp-json\/wp\/v2\/pages"}],"about":[{"href":"https:\/\/pfaddervisionaere.de\/en\/wp-json\/wp\/v2\/types\/page"}],"author":[{"embeddable":true,"href":"https:\/\/pfaddervisionaere.de\/en\/wp-json\/wp\/v2\/users\/2"}],"replies":[{"embeddable":true,"href":"https:\/\/pfaddervisionaere.de\/en\/wp-json\/wp\/v2\/comments?post=1058"}],"version-history":[{"count":2,"href":"https:\/\/pfaddervisionaere.de\/en\/wp-json\/wp\/v2\/pages\/1058\/revisions"}],"predecessor-version":[{"id":1091,"href":"https:\/\/pfaddervisionaere.de\/en\/wp-json\/wp\/v2\/pages\/1058\/revisions\/1091"}],"wp:attachment":[{"href":"https:\/\/pfaddervisionaere.de\/en\/wp-json\/wp\/v2\/media?parent=1058"}],"curies":[{"name":"wp","href":"https:\/\/api.w.org\/{rel}","templated":true}]}}