{"id":1056,"date":"2025-10-10T12:29:24","date_gmt":"2025-10-10T12:29:24","guid":{"rendered":"https:\/\/pfaddervisionaere.de\/?page_id=1056"},"modified":"2025-10-10T13:17:04","modified_gmt":"2025-10-10T13:17:04","slug":"zypern","status":"publish","type":"page","link":"https:\/\/pfaddervisionaere.de\/en\/zypern","title":{"rendered":"Zypern"},"content":{"rendered":"<figure class=\"wp-block-image size-full\"><img loading=\"lazy\" decoding=\"async\" width=\"600\" height=\"400\" src=\"https:\/\/pfaddervisionaere.de\/wp-content\/uploads\/2025\/09\/Flag_of_Cyprus.png\" alt=\"\" class=\"wp-image-911\" srcset=\"https:\/\/pfaddervisionaere.de\/wp-content\/uploads\/2025\/09\/Flag_of_Cyprus.png 600w, https:\/\/pfaddervisionaere.de\/wp-content\/uploads\/2025\/09\/Flag_of_Cyprus-300x200.png 300w, https:\/\/pfaddervisionaere.de\/wp-content\/uploads\/2025\/09\/Flag_of_Cyprus-18x12.png 18w, https:\/\/pfaddervisionaere.de\/wp-content\/uploads\/2025\/09\/Flag_of_Cyprus-520x347.png 520w\" sizes=\"auto, (max-width: 600px) 100vw, 600px\" \/><\/figure>\n\n\n\n<p><em>For english version see below<\/em><\/p>\n\n\n\n<p><\/p>\n\n\n\n<p><strong>Welches dieser L\u00e4nder nutzt den Euro noch nicht \u2013 obwohl es in der EU ist?<\/strong><br>A) Rum\u00e4nien<br>B) Belgien<br>C) Estland<br>Notieren Sie sich bitte den Anfangsbuchstaben der richtigen Antwort.<\/p>\n\n\n\n<p><\/p>\n\n\n\n<p><em>Sie befinden sich an der <strong>zypriotischen Tafel<\/strong> des PFAD DER VISION\u00c4RE (m\/w\/d).<\/em><\/p>\n\n\n\n<p><\/p>\n\n\n\n<p>Zypern trat 2004 der EU bei, als Teil der gro\u00dfen Erweiterungsrunde der EU-Osterweiterung, und hat seitdem den Weg der europ\u00e4ischen Integration mitgestaltet \u2013 auch im Hinblick auf den Binnenmarkt, Agrarpolitik und Rechtsstaatlichkeit.<\/p>\n\n\n\n<p>Wussten Sie, dass Zypern eine Insel mit drei Zeitzonen-Geschichte ist? Nein, nat\u00fcrlich nicht w\u00f6rtlich; derzeit hat Zypern eine einzige Zeitzone, aber die geographische Lage im \u00f6stlichen Mittelmeer hat historisch viele Kulturen und Einfl\u00fcsse hervorgebracht. Zudem ist Zypern die paidische Heimat eines der \u00e4ltesten Gottheiten-Mythos-Szenarien der Welt \u2013 und bekannt f\u00fcr seine zahllosen Olivenhaine und Weinberge.<br>Auch in Zypern finanzierte die EU ein Projekt, bei dem Algen auf Spielpl\u00e4tzen CO2 absorbieren \u2013 die Kinder spielen dort in frischer Luft, die von Mikroorganismen produziert wird.<\/p>\n\n\n\n<p><\/p>\n\n\n\n<p><strong>Was verbindet uns?<\/strong><br>Deutschland und Zypern arbeiten in Fragen der Migration, Sicherheit und wirtschaftlicher Zusammenarbeit eng zusammen. Austauschprogramme, parlamentarische Begegnungen und Kooperationen in Bereichen wie Tourismus, Energie und Bildung st\u00e4rken die deutsch-zypernische Partnerschaft. St\u00e4dtepartnerschaften und EU-Initiativen f\u00f6rdern den gemeinsamen europ\u00e4ischen Zusammenhalt.<\/p>\n\n\n\n<p>Europa steht aktuell vor gro\u00dfen Herausforderungen. ZUSAMMEN k\u00f6nnen wir die Herausforderungen BESSER bestehen\u2013 gemeinsam k\u00f6nnen wir mehr bewegen! Mischen Sie sich ein und sprechen Sie zum Beispiel Ihre EU-Beauftragten in den Bezirks\u00e4mtern an.<\/p>\n\n\n\n<p><\/p>\n\n\n\n<p><em>You are standing at the <strong>Cypriot plaque<\/strong> of the PATH OF VISIONARIES.<\/em><\/p>\n\n\n\n<p><\/p>\n\n\n\n<p>Cyprus joined the EU in 2004 as part of the major Eastern enlargement and has since helped shape European integration \u2013 including in the <strong>single market<\/strong>, <strong>agricultural policy<\/strong> and <strong>rule of law<\/strong>.<\/p>\n\n\n\n<p>Did you know that Cyprus could be called an island with a <strong>\u201cthree-time-zone history\u201d<\/strong>? Not literally\u2014today Cyprus has one time zone\u2014but its location in the Eastern Mediterranean has historically brought together many cultures and influences. Cyprus is also the mythic cradle of <strong>one of the world\u2019s oldest deity narratives<\/strong> \u2013 and is known for its countless <strong>olive groves<\/strong> and <strong>vineyards<\/strong>.<br>In Cyprus, the EU also funded a project where <strong>algae absorb CO\u2082 on playgrounds<\/strong> \u2013 children play in <strong>fresher air<\/strong> produced by microorganisms.<\/p>\n\n\n\n<p><\/p>\n\n\n\n<p><strong>What connects us?<\/strong><br>Germany and Cyprus work closely together on <strong>migration, security and economic cooperation<\/strong><strong>. <\/strong><strong>Exchange programs<\/strong>, parliamentary contacts and cooperation in <strong>tourism, energy and education<\/strong> strengthen the partnership. <strong>City twinnings<\/strong> and EU initiatives foster European cohesion.<\/p>\n\n\n\n<p>Europe is currently facing major challenges. TOGETHER we can face them BETTER \u2013 united, we can achieve more! Get involved and talk to your EU representatives in the district offices, for example.<\/p>","protected":false},"excerpt":{"rendered":"<p>For english version see below Welches dieser L\u00e4nder nutzt den Euro noch nicht \u2013 obwohl es in der EU ist?A) Rum\u00e4nienB) BelgienC) EstlandNotieren Sie sich bitte&#46;&#46;&#46;<\/p>","protected":false},"author":2,"featured_media":0,"parent":0,"menu_order":0,"comment_status":"closed","ping_status":"closed","template":"","meta":{"ub_ctt_via":"","pgc_sgb_lightbox_settings":"","footnotes":""},"class_list":["post-1056","page","type-page","status-publish","hentry"],"featured_image_src":null,"_links":{"self":[{"href":"https:\/\/pfaddervisionaere.de\/en\/wp-json\/wp\/v2\/pages\/1056","targetHints":{"allow":["GET"]}}],"collection":[{"href":"https:\/\/pfaddervisionaere.de\/en\/wp-json\/wp\/v2\/pages"}],"about":[{"href":"https:\/\/pfaddervisionaere.de\/en\/wp-json\/wp\/v2\/types\/page"}],"author":[{"embeddable":true,"href":"https:\/\/pfaddervisionaere.de\/en\/wp-json\/wp\/v2\/users\/2"}],"replies":[{"embeddable":true,"href":"https:\/\/pfaddervisionaere.de\/en\/wp-json\/wp\/v2\/comments?post=1056"}],"version-history":[{"count":2,"href":"https:\/\/pfaddervisionaere.de\/en\/wp-json\/wp\/v2\/pages\/1056\/revisions"}],"predecessor-version":[{"id":1117,"href":"https:\/\/pfaddervisionaere.de\/en\/wp-json\/wp\/v2\/pages\/1056\/revisions\/1117"}],"wp:attachment":[{"href":"https:\/\/pfaddervisionaere.de\/en\/wp-json\/wp\/v2\/media?parent=1056"}],"curies":[{"name":"wp","href":"https:\/\/api.w.org\/{rel}","templated":true}]}}