{"id":1054,"date":"2025-10-10T12:28:17","date_gmt":"2025-10-10T12:28:17","guid":{"rendered":"https:\/\/pfaddervisionaere.de\/?page_id=1054"},"modified":"2025-10-10T13:11:00","modified_gmt":"2025-10-10T13:11:00","slug":"malta","status":"publish","type":"page","link":"https:\/\/pfaddervisionaere.de\/en\/malta","title":{"rendered":"Malta"},"content":{"rendered":"<figure class=\"wp-block-image size-full\"><img loading=\"lazy\" decoding=\"async\" width=\"600\" height=\"400\" src=\"https:\/\/pfaddervisionaere.de\/wp-content\/uploads\/2025\/09\/Flag_of_Malta.png\" alt=\"\" class=\"wp-image-898\" srcset=\"https:\/\/pfaddervisionaere.de\/wp-content\/uploads\/2025\/09\/Flag_of_Malta.png 600w, https:\/\/pfaddervisionaere.de\/wp-content\/uploads\/2025\/09\/Flag_of_Malta-300x200.png 300w, https:\/\/pfaddervisionaere.de\/wp-content\/uploads\/2025\/09\/Flag_of_Malta-18x12.png 18w, https:\/\/pfaddervisionaere.de\/wp-content\/uploads\/2025\/09\/Flag_of_Malta-520x347.png 520w\" sizes=\"auto, (max-width: 600px) 100vw, 600px\" \/><\/figure>\n\n\n\n<p><em>For english version see below<\/em><\/p>\n\n\n\n<p><\/p>\n\n\n\n<p><strong>Die EU schreibt das Rezept der Pizza Napoletana vor! Ist das so?<\/strong><\/p>\n\n\n\n<p>Wussten Sie, dass die EU bei bestimmten Lebensmitteln deren traditionelle Zubereitung wahren will, so dass die Verbraucher wissen, dass sie ein authentisches Produkt kaufen? Bei der Pizza Napoletana gibt es eine spezielle gesch\u00fctzte Herstellungsbezeichnung in der Europ\u00e4ischen Union. Das bedeutet, dass nur Pizzen, die bestimmte Kriterien, wie die verwendeten Zutaten, die Zubereitungsmethoden und die Backtechnik erf\u00fcllen, offiziell als \u201ePizza Napoletana\u201c bezeichnet werden d\u00fcrfen. Wenn Sie also eine Pizza Napoletana bestellen, bekommen Sie auch eine!Das gleiche gilt f\u00fcr Festlegungen im Rahmen der Lebensmittelverordnungen. So d\u00fcrfen z.B. Getr\u00e4nke nur dann als \u201eS\u00e4fte\u201c bezeichnet werden, wenn sie ohne Zusatz von Zucker und anderen Fremdstoffen angeboten werden.<\/p>\n\n\n\n<p><\/p>\n\n\n\n<p><em>Sie befinden sich an der <strong>maltesischen Tafel<\/strong> des PFAD DER VISION\u00c4RE (m\/w\/d).<\/em><\/p>\n\n\n\n<p><\/p>\n\n\n\n<p>Malta ist seit dem 1. Mai 2004 Mitglied der EU.<\/p>\n\n\n\n<p>Wussten Sie, dass Malta das kleinste Mitgliedsland der EU ist, aber reich an Geschichte mit Megalithtempeln, die zu den \u00e4ltesten freistehenden Bauwerken der Welt geh\u00f6ren? Au\u00dferdem ist Malta bekannt f\u00fcr seine klare Mittelmeerluft und das warme Klima.<br>EU-Gelder halfen beim Schutz der Unterwasserarch\u00e4ologie \u2013 Taucher*innen k\u00f6nnen nun versunkene Tempel mit Audioguide erkunden.<\/p>\n\n\n\n<p><\/p>\n\n\n\n<p><strong>Was verbindet uns?<\/strong><br>Malta und Deutschland arbeiten zusammen bei Themen wie Tourismus, erneuerbare Energien und Bildung. Viele Deutsche besuchen Malta als Urlaubsziel. Im EU-Kontext kooperieren wir bei Digitalisierung und kulturellem Austausch.<\/p>\n\n\n\n<p>Europa steht aktuell vor gro\u00dfen Herausforderungen. ZUSAMMEN k\u00f6nnen wir die Herausforderungen BESSER bestehen\u2013 gemeinsam k\u00f6nnen wir mehr bewegen! Mischen Sie sich ein und sprechen Sie zum Beispiel Ihre EU-Beauftragten in den Bezirks\u00e4mtern an.<\/p>\n\n\n\n<p><\/p>\n\n\n\n<p><strong>The EU dictates the recipe for Pizza Napoletana! Is that true?<br><\/strong>Did you know that, for certain foods, the EU aims to <strong>preserve traditional methods<\/strong> so that consumers know they are buying an <strong>authentic product<\/strong>? For <strong>Pizza Napoletana<\/strong>, there is a special <strong>protected designation<\/strong> in the EU. This means only pizzas that meet specific criteria\u2014ingredients, preparation and baking methods\u2014may be officially called <strong>\u201cPizza Napoletana.\u201d<\/strong> So when you order one, you get the real thing!<\/p>\n\n\n\n<p>Similar rules exist in EU food regulations more generally. For example, beverages may only be labeled <strong>\u201cjuices\u201d<\/strong> if they are offered <strong>without added sugar or other foreign substances<\/strong>.<\/p>\n\n\n\n<p><\/p>\n\n\n\n<p><em>You are standing at the <strong>Maltese plaque<\/strong> of the PATH OF VISIONARIES.<\/em><\/p>\n\n\n\n<p><\/p>\n\n\n\n<p>Malta has been an EU member since May 1, 2004.<\/p>\n\n\n\n<p>Did you know that Malta is the <strong>smallest EU member state<\/strong>, yet rich in history, with <strong>megalithic temples<\/strong> among the <strong>oldest freestanding structures<\/strong> in the world? It is also known for its <strong>clear Mediterranean air<\/strong> and <strong>warm climate<\/strong>.<br>EU funds helped protect <strong>underwater archaeology<\/strong> \u2013 divers can now explore <strong>sunken temples with audio guides<\/strong>.<\/p>\n\n\n\n<p><strong>What connects us?<\/strong><br>Malta and Germany cooperate on <strong>tourism, renewable energy and education<\/strong>. Many Germans visit Malta as a holiday destination. In the EU context, we work together on <strong>digitalization<\/strong> and <strong>cultural exchange<\/strong>.<\/p>\n\n\n\n<p>Europe is currently facing major challenges. TOGETHER we can face them BETTER \u2013 united, we can achieve more! Get involved and talk to your EU representatives in the district offices, for example.<\/p>","protected":false},"excerpt":{"rendered":"<p>For english version see below Die EU schreibt das Rezept der Pizza Napoletana vor! Ist das so? Wussten Sie, dass die EU bei bestimmten Lebensmitteln deren&#46;&#46;&#46;<\/p>","protected":false},"author":2,"featured_media":0,"parent":0,"menu_order":0,"comment_status":"closed","ping_status":"closed","template":"","meta":{"ub_ctt_via":"","pgc_sgb_lightbox_settings":"","footnotes":""},"class_list":["post-1054","page","type-page","status-publish","hentry"],"featured_image_src":null,"_links":{"self":[{"href":"https:\/\/pfaddervisionaere.de\/en\/wp-json\/wp\/v2\/pages\/1054","targetHints":{"allow":["GET"]}}],"collection":[{"href":"https:\/\/pfaddervisionaere.de\/en\/wp-json\/wp\/v2\/pages"}],"about":[{"href":"https:\/\/pfaddervisionaere.de\/en\/wp-json\/wp\/v2\/types\/page"}],"author":[{"embeddable":true,"href":"https:\/\/pfaddervisionaere.de\/en\/wp-json\/wp\/v2\/users\/2"}],"replies":[{"embeddable":true,"href":"https:\/\/pfaddervisionaere.de\/en\/wp-json\/wp\/v2\/comments?post=1054"}],"version-history":[{"count":2,"href":"https:\/\/pfaddervisionaere.de\/en\/wp-json\/wp\/v2\/pages\/1054\/revisions"}],"predecessor-version":[{"id":1105,"href":"https:\/\/pfaddervisionaere.de\/en\/wp-json\/wp\/v2\/pages\/1054\/revisions\/1105"}],"wp:attachment":[{"href":"https:\/\/pfaddervisionaere.de\/en\/wp-json\/wp\/v2\/media?parent=1054"}],"curies":[{"name":"wp","href":"https:\/\/api.w.org\/{rel}","templated":true}]}}