{"id":1052,"date":"2025-10-10T12:26:44","date_gmt":"2025-10-10T12:26:44","guid":{"rendered":"https:\/\/pfaddervisionaere.de\/?page_id=1052"},"modified":"2025-10-10T13:15:04","modified_gmt":"2025-10-10T13:15:04","slug":"slowenien","status":"publish","type":"page","link":"https:\/\/pfaddervisionaere.de\/en\/slowenien","title":{"rendered":"Slowenien"},"content":{"rendered":"<figure class=\"wp-block-image size-full\"><img loading=\"lazy\" decoding=\"async\" width=\"600\" height=\"400\" src=\"https:\/\/pfaddervisionaere.de\/wp-content\/uploads\/2025\/09\/Flag_of_Slovenia.png\" alt=\"\" class=\"wp-image-907\" srcset=\"https:\/\/pfaddervisionaere.de\/wp-content\/uploads\/2025\/09\/Flag_of_Slovenia.png 600w, https:\/\/pfaddervisionaere.de\/wp-content\/uploads\/2025\/09\/Flag_of_Slovenia-300x200.png 300w, https:\/\/pfaddervisionaere.de\/wp-content\/uploads\/2025\/09\/Flag_of_Slovenia-18x12.png 18w, https:\/\/pfaddervisionaere.de\/wp-content\/uploads\/2025\/09\/Flag_of_Slovenia-520x347.png 520w\" sizes=\"auto, (max-width: 600px) 100vw, 600px\" \/><\/figure>\n\n\n\n<p><em>For english version see below<\/em><\/p>\n\n\n\n<p><\/p>\n\n\n\n<p><strong>Welches dieser L\u00e4nder hat mit \u201eP\u00f6tty\u00f6s T\u00far\u00f3 Rudi\u201c einen ber\u00fchmten Schokoriegel mit Quarkf\u00fcllung?<\/strong><br>A) Ungarn<br>B) Belgien<br>C) Litauen<br>Notieren Sie sich bitte den Anfangsbuchstaben der richtigen Antwort.<\/p>\n\n\n\n<p><\/p>\n\n\n\n<p><em>Sie befinden sich an der <strong>slowenischen Tafel<\/strong> des PFAD DER VISION\u00c4RE (m\/w\/d).<\/em><\/p>\n\n\n\n<p><\/p>\n\n\n\n<p>Slowenien ist seit dem 1. Mai 2004 EU-Mitglied \u2013 ebenfalls Teil der Osterweiterung.<\/p>\n\n\n\n<p>Wussten Sie, dass Slowenien das einzige EU-Land mit \u201elove\u201c im Namen ist? Es gilt als eines der gr\u00fcnsten L\u00e4nder Europas, denn \u00fcber 60\u202f% der Fl\u00e4che sind bewaldet. Slowenien hat ein eigenes Bienenschutzprogramm \u2013 Bienen sind dort sogar gesetzlich besonders gesch\u00fctzt!<br>Mit EU-Hilfe wurde ein B\u00e4renbeobachtungszentrum er\u00f6ffnet \u2013 inklusive EU-finanzierter Kuschelb\u00e4ren f\u00fcr Kinder.<\/p>\n\n\n\n<p><\/p>\n\n\n\n<p><strong>Was verbindet uns?<\/strong><br>Slowenien und Deutschland kooperieren bei Umwelt-, Energie- und Bildungsfragen. Viele Berliner*innen reisen in die Julischen Alpen oder nach Ljubljana. Im Rahmen der EU arbeiten wir zusammen an nachhaltiger Landwirtschaft und Biodiversit\u00e4tsschutz.<\/p>\n\n\n\n<p>Europa steht aktuell vor gro\u00dfen Herausforderungen. ZUSAMMEN k\u00f6nnen wir die Herausforderungen BESSER bestehen\u2013 gemeinsam k\u00f6nnen wir mehr bewegen! Mischen Sie sich ein und sprechen Sie zum Beispiel Ihre EU-Beauftragten in den Bezirks\u00e4mtern an.<\/p>\n\n\n\n<p><\/p>\n\n\n\n<p><em>You are standing at the <strong>Slovenian plaque<\/strong> of the PATH OF VISIONARIES.<\/em><\/p>\n\n\n\n<p><\/p>\n\n\n\n<p>Slovenia has been an EU member since May 1, 2004 \u2013 as part of the Eastern enlargement.<\/p>\n\n\n\n<p>Did you know that Slovenia is the only EU country with <strong>\u201clove\u201d<\/strong> in its name? It is considered one of Europe\u2019s <strong>greenest countries<\/strong>, with over <strong>60% forest cover<\/strong>. Slovenia has its own <strong>bee<\/strong><strong>protection program<\/strong><strong> \u2013 <\/strong>bees are even <strong>specially protected by law<\/strong><strong>!<br><\/strong>With EU support, a<strong>bear-watching center<\/strong> was opened \u2013 including EU-funded<strong>teddy bears for children<\/strong>.<\/p>\n\n\n\n<p><\/p>\n\n\n\n<p><strong>What connects us?<\/strong><br>Slovenia and Germany cooperate on <strong>environment, energy and education<\/strong><strong>. <\/strong>Many Berliners travel to the <strong>Julian Alps<\/strong>or to<strong>Ljubljana<\/strong><strong>. <\/strong>Within the EU, we work together on<strong>sustainable agriculture<\/strong> and<strong>biodiversity protection<\/strong>.<\/p>\n\n\n\n<p>Europe is currently facing major challenges. TOGETHER we can face them BETTER \u2013 united, we can achieve more! Get involved and talk to your EU representatives in the district offices, for example.<\/p>","protected":false},"excerpt":{"rendered":"<p>For english version see below Welches dieser L\u00e4nder hat mit \u201eP\u00f6tty\u00f6s T\u00far\u00f3 Rudi\u201c einen ber\u00fchmten Schokoriegel mit Quarkf\u00fcllung?A) UngarnB) BelgienC) LitauenNotieren Sie sich bitte den Anfangsbuchstaben&#46;&#46;&#46;<\/p>","protected":false},"author":2,"featured_media":0,"parent":0,"menu_order":0,"comment_status":"closed","ping_status":"closed","template":"","meta":{"ub_ctt_via":"","pgc_sgb_lightbox_settings":"","footnotes":""},"class_list":["post-1052","page","type-page","status-publish","hentry"],"featured_image_src":null,"_links":{"self":[{"href":"https:\/\/pfaddervisionaere.de\/en\/wp-json\/wp\/v2\/pages\/1052","targetHints":{"allow":["GET"]}}],"collection":[{"href":"https:\/\/pfaddervisionaere.de\/en\/wp-json\/wp\/v2\/pages"}],"about":[{"href":"https:\/\/pfaddervisionaere.de\/en\/wp-json\/wp\/v2\/types\/page"}],"author":[{"embeddable":true,"href":"https:\/\/pfaddervisionaere.de\/en\/wp-json\/wp\/v2\/users\/2"}],"replies":[{"embeddable":true,"href":"https:\/\/pfaddervisionaere.de\/en\/wp-json\/wp\/v2\/comments?post=1052"}],"version-history":[{"count":2,"href":"https:\/\/pfaddervisionaere.de\/en\/wp-json\/wp\/v2\/pages\/1052\/revisions"}],"predecessor-version":[{"id":1113,"href":"https:\/\/pfaddervisionaere.de\/en\/wp-json\/wp\/v2\/pages\/1052\/revisions\/1113"}],"wp:attachment":[{"href":"https:\/\/pfaddervisionaere.de\/en\/wp-json\/wp\/v2\/media?parent=1052"}],"curies":[{"name":"wp","href":"https:\/\/api.w.org\/{rel}","templated":true}]}}