{"id":1050,"date":"2025-10-10T12:25:13","date_gmt":"2025-10-10T12:25:13","guid":{"rendered":"https:\/\/pfaddervisionaere.de\/?page_id=1050"},"modified":"2025-10-10T13:16:37","modified_gmt":"2025-10-10T13:16:37","slug":"ungarn","status":"publish","type":"page","link":"https:\/\/pfaddervisionaere.de\/en\/ungarn","title":{"rendered":"Ungarn"},"content":{"rendered":"<figure class=\"wp-block-image size-full\"><img loading=\"lazy\" decoding=\"async\" width=\"600\" height=\"400\" src=\"https:\/\/pfaddervisionaere.de\/wp-content\/uploads\/2025\/09\/Flag_of_Hungary.png\" alt=\"\" class=\"wp-image-910\" srcset=\"https:\/\/pfaddervisionaere.de\/wp-content\/uploads\/2025\/09\/Flag_of_Hungary.png 600w, https:\/\/pfaddervisionaere.de\/wp-content\/uploads\/2025\/09\/Flag_of_Hungary-300x200.png 300w, https:\/\/pfaddervisionaere.de\/wp-content\/uploads\/2025\/09\/Flag_of_Hungary-18x12.png 18w, https:\/\/pfaddervisionaere.de\/wp-content\/uploads\/2025\/09\/Flag_of_Hungary-520x347.png 520w\" sizes=\"auto, (max-width: 600px) 100vw, 600px\" \/><\/figure>\n\n\n\n<p><em>For english version see below<\/em><\/p>\n\n\n\n<p><\/p>\n\n\n\n<p><strong>Die EU hat uns die gute alte Gl\u00fchbirne weggenommen! Ist das so?<\/strong><\/p>\n\n\n\n<p>Wussten Sie, dass es die alten Gl\u00fchbirnen in manchen Gesch\u00e4ften sogar noch zu kaufen gibt, wenn man nachfragt? Seit 2009 wurden in der EU schrittweise Vorschriften eingef\u00fchrt, die den Verkauf von Gl\u00fchbirnen mit geringerer Energieeffizienz einschr\u00e4nken. Das bedeutet, dass herk\u00f6mmliche Gl\u00fchbirnen, die viel Strom verbrauchen, in den meisten L\u00e4ndern nicht mehr neu verkauft werden d\u00fcrfen. Stattdessen wurden energiesparende Alternativen wie LED- oder Kompaktleuchtstofflampen (CFL) gef\u00f6rdert. Ziel war es, energieeffizientere Beleuchtung zu f\u00f6rdern, um Energie und Stromkosten radikal zu senken und den Umweltschutz zu verbessern.<\/p>\n\n\n\n<p><\/p>\n\n\n\n<p><em>Sie befinden sich an der <strong>ungarischen Tafel<\/strong> des PFAD DER VISION\u00c4RE (m\/w\/d).<\/em><\/p>\n\n\n\n<p><\/p>\n\n\n\n<p>Ungarn ist ebenfalls seit dem 1. Mai 2004 Mitglied der EU.<\/p>\n\n\n\n<p>Wussten Sie, dass Ungarn \u00fcber 1\u202f500 Thermalquellen hat? Das sind mehr als jedes andere europ\u00e4ische Land aufweisen kann. In Budapest gibt es riesige Thermalb\u00e4der mitten in der Stadt. Au\u00dferdem stammt der W\u00fcrfelklassiker \u201eRubik\u2019s Cube\u201c aus Ungarn \u2013 erfunden wurde er 1974.<br>EU-F\u00f6rderung erm\u00f6glichte die Restaurierung des Budapester Thermalbades Szechenyi \u2013 jetzt kann man dort im 38 Grad warmen Wasser Entspannung genie\u00dfen.<\/p>\n\n\n\n<p><\/p>\n\n\n\n<p><strong>Was verbindet uns?<\/strong><br>Ungarn und Deutschland sind durch Handel und Industrie stark verbunden \u2013 etwa in der Automobilbranche. Kulturell gibt es Austausch \u00fcber Musik, Film und Geschichte. Die EU verbindet uns auch \u00fcber Programme f\u00fcr Jugend, Forschung und Digitalisierung.<\/p>\n\n\n\n<p>Europa steht aktuell vor gro\u00dfen Herausforderungen. ZUSAMMEN k\u00f6nnen wir die Herausforderungen BESSER bestehen\u2013 gemeinsam k\u00f6nnen wir mehr bewegen! Mischen Sie sich ein und sprechen Sie zum Beispiel Ihre EU-Beauftragten in den Bezirks\u00e4mtern an.<\/p>\n\n\n\n<p><\/p>\n\n\n\n<p><strong>The EU took away our good old light bulbs! Is that true?<br><\/strong>Did you know that traditional light bulbs can <strong>still be found in some shops<\/strong> if you ask? Since 2009, the EU has gradually introduced regulations restricting the sale of <strong>low-efficiency light bulbs<\/strong>.<\/p>\n\n\n\n<p>This means that conventional bulbs, which consume a lot of electricity, can no longer be sold new in most countries. Instead, the EU promoted <strong>energy-saving alternatives<\/strong> such as <strong>LEDs<\/strong> and <strong>compact fluorescent lamps (CFLs)<\/strong>. The goal was to <strong>drastically reduce energy consumption and costs<\/strong> while improving environmental protection.<\/p>\n\n\n\n<p><\/p>\n\n\n\n<p><em>You are standing at the <strong>Hungarian plaque<\/strong> of the PATH OF VISIONARIES.<\/em><\/p>\n\n\n\n<p><\/p>\n\n\n\n<p>Hungary has been an EU member since May 1, 2004.<\/p>\n\n\n\n<p>Did you know that Hungary has <strong>over 1,500 thermal springs<\/strong> \u2013 more than any other European country? In Budapest, huge thermal baths sit right in the city center. And the legendary <strong>Rubik\u2019s Cube<\/strong>, invented in 1974, also comes from Hungary.<\/p>\n\n\n\n<p>EU funding made it possible to <strong>restore Budapest\u2019s Sz\u00e9chenyi Thermal Bath<\/strong> \u2013 today you can relax in 38\u00b0C warm water there.<\/p>\n\n\n\n<p><\/p>\n\n\n\n<p><strong>What connects us?<\/strong><br>Hungary and Germany are strongly linked through <strong>trade and industry<\/strong>, especially in the automotive sector. Culturally, there is vibrant exchange in music, film and history. EU programs further connect us through <strong>youth, research and digitalization<\/strong> initiatives.<\/p>\n\n\n\n<p>Europe is currently facing major challenges. TOGETHER we can face them BETTER \u2013 united, we can achieve more! Get involved and talk to your EU representatives in the district offices, for example.<\/p>","protected":false},"excerpt":{"rendered":"<p>For english version see below Die EU hat uns die gute alte Gl\u00fchbirne weggenommen! Ist das so? Wussten Sie, dass es die alten Gl\u00fchbirnen in manchen&#46;&#46;&#46;<\/p>","protected":false},"author":2,"featured_media":0,"parent":0,"menu_order":0,"comment_status":"closed","ping_status":"closed","template":"","meta":{"ub_ctt_via":"","pgc_sgb_lightbox_settings":"","footnotes":""},"class_list":["post-1050","page","type-page","status-publish","hentry"],"featured_image_src":null,"_links":{"self":[{"href":"https:\/\/pfaddervisionaere.de\/en\/wp-json\/wp\/v2\/pages\/1050","targetHints":{"allow":["GET"]}}],"collection":[{"href":"https:\/\/pfaddervisionaere.de\/en\/wp-json\/wp\/v2\/pages"}],"about":[{"href":"https:\/\/pfaddervisionaere.de\/en\/wp-json\/wp\/v2\/types\/page"}],"author":[{"embeddable":true,"href":"https:\/\/pfaddervisionaere.de\/en\/wp-json\/wp\/v2\/users\/2"}],"replies":[{"embeddable":true,"href":"https:\/\/pfaddervisionaere.de\/en\/wp-json\/wp\/v2\/comments?post=1050"}],"version-history":[{"count":2,"href":"https:\/\/pfaddervisionaere.de\/en\/wp-json\/wp\/v2\/pages\/1050\/revisions"}],"predecessor-version":[{"id":1116,"href":"https:\/\/pfaddervisionaere.de\/en\/wp-json\/wp\/v2\/pages\/1050\/revisions\/1116"}],"wp:attachment":[{"href":"https:\/\/pfaddervisionaere.de\/en\/wp-json\/wp\/v2\/media?parent=1050"}],"curies":[{"name":"wp","href":"https:\/\/api.w.org\/{rel}","templated":true}]}}