{"id":1048,"date":"2025-10-10T12:22:53","date_gmt":"2025-10-10T12:22:53","guid":{"rendered":"https:\/\/pfaddervisionaere.de\/?page_id=1048"},"modified":"2025-10-10T13:14:40","modified_gmt":"2025-10-10T13:14:40","slug":"slowakei","status":"publish","type":"page","link":"https:\/\/pfaddervisionaere.de\/en\/slowakei","title":{"rendered":"Slowakei"},"content":{"rendered":"<figure class=\"wp-block-image size-full\"><img loading=\"lazy\" decoding=\"async\" width=\"600\" height=\"400\" src=\"https:\/\/pfaddervisionaere.de\/wp-content\/uploads\/2025\/09\/Flag_of_Slovakia.png\" alt=\"\" class=\"wp-image-906\" srcset=\"https:\/\/pfaddervisionaere.de\/wp-content\/uploads\/2025\/09\/Flag_of_Slovakia.png 600w, https:\/\/pfaddervisionaere.de\/wp-content\/uploads\/2025\/09\/Flag_of_Slovakia-300x200.png 300w, https:\/\/pfaddervisionaere.de\/wp-content\/uploads\/2025\/09\/Flag_of_Slovakia-18x12.png 18w, https:\/\/pfaddervisionaere.de\/wp-content\/uploads\/2025\/09\/Flag_of_Slovakia-520x347.png 520w\" sizes=\"auto, (max-width: 600px) 100vw, 600px\" \/><\/figure>\n\n\n\n<p><em>For english version see below<\/em><\/p>\n\n\n\n<p><\/p>\n\n\n\n<p><strong>Menschen aus \u00e4rmeren EU-L\u00e4ndern kommen nur hierher, um unsere Sozialsysteme auszunutzen! Ist das so?<\/strong><\/p>\n\n\n\n<p>Wussten Sie, dass die meisten EU-B\u00fcrger*innen, die in andere L\u00e4nder ziehen, dieses aus beruflichen oder famili\u00e4ren Gr\u00fcnden tun und die Systeme darauf ausgelegt sind, diese Bewegungen zu managen? Die EU und die einzelnen Mitgliedsstaaten haben Ma\u00dfnahmen ergriffen, um einen Missbrauch der Sozialsysteme zu verhindern und deren Integrit\u00e4t zu sch\u00fctzen. Die tats\u00e4chliche Belastung der Sozialsysteme durch EU-Ausl\u00e4nder*innen ist vergleichsweise gering und wird durch andere Faktoren wie demografische Ver\u00e4nderungen, Wirtschaftslage und besonders in Deutschland durch nationale Sozialpolitik beeinflusst.<\/p>\n\n\n\n<p><\/p>\n\n\n\n<p><em>Sie befinden sich an der <strong>slowakischen Tafel<\/strong> des PFAD DER VISION\u00c4RE (m\/w\/d).<\/em><\/p>\n\n\n\n<p><\/p>\n\n\n\n<p>Die Slowakei ist seit dem 1. Mai 2004 EU-Mitglied \u2013 als Teil der gro\u00dfen Osterweiterung.<\/p>\n\n\n\n<p>Wussten Sie, dass die Slowakei mehr als 6\u202f000 H\u00f6hlen hat? Viele davon sind UNESCO-Welterbe. Bratislava ist die einzige Hauptstadt der Welt, die an zwei Nachbarl\u00e4nder grenzt (\u00d6sterreich und Ungarn). Au\u00dferdem ist die Hohe Tatra das kleinste Hochgebirge der Welt \u2013 perfekt f\u00fcr Wanderfans!<br>EU-Investitionen f\u00fchrten zu einem Recycling-Boom \u2013 die Recyclingrate stieg um 40%.<\/p>\n\n\n\n<p><\/p>\n\n\n\n<p><strong>Was verbindet uns?<\/strong><br>Deutschland und die Slowakei sind wirtschaftlich eng verkn\u00fcpft \u2013 besonders in der Autoindustrie. Auch in Forschung, Bildung (Erasmus) und Umweltprojekten gibt es viele EU-Initiativen. Bratislava und Berlin teilen Austauschprogramme, St\u00e4dtepartnerschaften und kulturelle Br\u00fccken.<\/p>\n\n\n\n<p>Europa steht aktuell vor gro\u00dfen Herausforderungen. ZUSAMMEN k\u00f6nnen wir die Herausforderungen BESSER bestehen\u2013 gemeinsam k\u00f6nnen wir mehr bewegen! Mischen Sie sich ein und sprechen Sie zum Beispiel Ihre EU-Beauftragten in den Bezirks\u00e4mtern an.<\/p>\n\n\n\n<p><\/p>\n\n\n\n<p><strong>People from poorer EU countries only come here to exploit our social systems! Is that true?<br><\/strong>Did you know that <strong>most EU citizens who move to another member state do so for work or family reasons<\/strong>, and that systems are in place to <strong>manage and prevent abuse<\/strong>? Both the EU and individual member states have taken measures to protect the <strong>integrity of social systems<\/strong>.<\/p>\n\n\n\n<p>The actual <strong>impact of EU migrants on social systems is relatively small<\/strong>. Factors such as <strong>demographic change, economic trends<\/strong>, and especially <strong>national social policies<\/strong> in Germany play a much bigger role.<\/p>\n\n\n\n<p><\/p>\n\n\n\n<p><em>You are standing at the <strong>Slovak plaque<\/strong> of the PATH OF VISIONARIES.<\/em><\/p>\n\n\n\n<p><\/p>\n\n\n\n<p>Slovakia has been an EU member since May 1, 2004, as part of the major Eastern enlargement.<\/p>\n\n\n\n<p>Did you know that Slovakia has <strong>over 6,000 caves<\/strong>, many of which are UNESCO World Heritage Sites? <strong>Bratislava<\/strong> is the <strong>only capital city in the world bordering two neighboring countries<\/strong> (Austria and Hungary). The <strong>High Tatras<\/strong> are the world\u2019s <strong>smallest high mountain range<\/strong> \u2013 a paradise for hikers!<\/p>\n\n\n\n<p>EU investments led to a <strong>recycling boom<\/strong>, increasing recycling rates by 40%.<\/p>\n\n\n\n<p><\/p>\n\n\n\n<p><strong>What connects us?<\/strong><br>Germany and Slovakia are closely linked economically, especially through the <strong>automotive industry<\/strong>. There is also strong cooperation in <strong>research, education (Erasmus)<\/strong> and environmental projects. <strong>Bratislava and Berlin<\/strong> share exchange programs, city partnerships and cultural bridges.<\/p>\n\n\n\n<p>Europe is currently facing major challenges. TOGETHER we can face them BETTER \u2013 united, we can achieve more! Get involved and talk to your EU representatives in the district offices, for example.<\/p>","protected":false},"excerpt":{"rendered":"<p>For english version see below Menschen aus \u00e4rmeren EU-L\u00e4ndern kommen nur hierher, um unsere Sozialsysteme auszunutzen! Ist das so? Wussten Sie, dass die meisten EU-B\u00fcrger*innen, die&#46;&#46;&#46;<\/p>","protected":false},"author":2,"featured_media":0,"parent":0,"menu_order":0,"comment_status":"closed","ping_status":"closed","template":"","meta":{"ub_ctt_via":"","pgc_sgb_lightbox_settings":"","footnotes":""},"class_list":["post-1048","page","type-page","status-publish","hentry"],"featured_image_src":null,"_links":{"self":[{"href":"https:\/\/pfaddervisionaere.de\/en\/wp-json\/wp\/v2\/pages\/1048","targetHints":{"allow":["GET"]}}],"collection":[{"href":"https:\/\/pfaddervisionaere.de\/en\/wp-json\/wp\/v2\/pages"}],"about":[{"href":"https:\/\/pfaddervisionaere.de\/en\/wp-json\/wp\/v2\/types\/page"}],"author":[{"embeddable":true,"href":"https:\/\/pfaddervisionaere.de\/en\/wp-json\/wp\/v2\/users\/2"}],"replies":[{"embeddable":true,"href":"https:\/\/pfaddervisionaere.de\/en\/wp-json\/wp\/v2\/comments?post=1048"}],"version-history":[{"count":2,"href":"https:\/\/pfaddervisionaere.de\/en\/wp-json\/wp\/v2\/pages\/1048\/revisions"}],"predecessor-version":[{"id":1112,"href":"https:\/\/pfaddervisionaere.de\/en\/wp-json\/wp\/v2\/pages\/1048\/revisions\/1112"}],"wp:attachment":[{"href":"https:\/\/pfaddervisionaere.de\/en\/wp-json\/wp\/v2\/media?parent=1048"}],"curies":[{"name":"wp","href":"https:\/\/api.w.org\/{rel}","templated":true}]}}