{"id":1046,"date":"2025-10-10T12:21:28","date_gmt":"2025-10-10T12:21:28","guid":{"rendered":"https:\/\/pfaddervisionaere.de\/?page_id=1046"},"modified":"2025-10-10T13:16:14","modified_gmt":"2025-10-10T13:16:14","slug":"tschechien","status":"publish","type":"page","link":"https:\/\/pfaddervisionaere.de\/en\/tschechien","title":{"rendered":"Tschechien"},"content":{"rendered":"<figure class=\"wp-block-image size-full\"><img loading=\"lazy\" decoding=\"async\" width=\"600\" height=\"400\" src=\"https:\/\/pfaddervisionaere.de\/wp-content\/uploads\/2025\/09\/Flag_of_the_Czech_Republic.png\" alt=\"\" class=\"wp-image-909\" srcset=\"https:\/\/pfaddervisionaere.de\/wp-content\/uploads\/2025\/09\/Flag_of_the_Czech_Republic.png 600w, https:\/\/pfaddervisionaere.de\/wp-content\/uploads\/2025\/09\/Flag_of_the_Czech_Republic-300x200.png 300w, https:\/\/pfaddervisionaere.de\/wp-content\/uploads\/2025\/09\/Flag_of_the_Czech_Republic-18x12.png 18w, https:\/\/pfaddervisionaere.de\/wp-content\/uploads\/2025\/09\/Flag_of_the_Czech_Republic-520x347.png 520w\" sizes=\"auto, (max-width: 600px) 100vw, 600px\" \/><\/figure>\n\n\n\n<p><em>For english version see below<\/em><\/p>\n\n\n\n<p><\/p>\n\n\n\n<p><strong>Ich hab gar nichts davon, dass Deutschland f\u00fcr die \u00e4rmeren EU-L\u00e4nder zahlt! Ist das so?<\/strong><\/p>\n\n\n\n<p>Wussten Sie, dass es fr\u00fcher ein sehr starkes Ungleichgewicht zwischen den sogenannten reichen L\u00e4ndern Europas und den sogenannten armen L\u00e4ndern Europas gab? Dies f\u00fchrte dazu, dass viele billige Arbeitskr\u00e4fte nach Deutschland dr\u00e4ngten und tats\u00e4chlich vielen Deutschen Arbeitspl\u00e4tze wegnahmen. Gleichzeitig konnte man die St\u00e4rken der \u00e4rmeren L\u00e4nder, wie den Anbau von Nahrungsmitteln, nur sehr eingeschr\u00e4nkt nutzen, weil die Menschen dort vom Anbau nicht leben konnten. Die St\u00e4rkung der Infrastruktur der \u00e4rmeren L\u00e4nder hat dazu gef\u00fchrt, dass die Menschen dort bleiben k\u00f6nnen. Gleichzeitig hat es die Produktionsf\u00e4higkeit f\u00fcr Produkte erh\u00f6ht, die wir in Deutschland so nicht produzieren k\u00f6nnen, diese aber sehr hochsch\u00e4tzen, wie zum Beispiel Oliven\u00f6l, Getreide, Gem\u00fcse, K\u00e4se, Obst, u.v.m.<\/p>\n\n\n\n<p><\/p>\n\n\n\n<p><em>Sie befinden sich an der <strong>tschechischen Ta<\/strong>fel des PFAD DER VISION\u00c4RE (m\/w\/d).<\/em><\/p>\n\n\n\n<p><\/p>\n\n\n\n<p>Tschechien ist seit dem 1. Mai 2004 Teil der EU \u2013 nach erfolgreicher Abstimmung und Reformen.<\/p>\n\n\n\n<p>Wussten Sie, dass die Prager Astronomische Uhr aus dem Jahr 1410 immer noch l\u00e4uft? Sie ist ein technisches Wunder. Und die tschechische Sprache hat kein \u201eJ\u201c wie im Deutschen \u2013 aber viele W\u00f6rter ohne Vokale!<br>Dank EU-F\u00f6rderung wurde des tschechische Dorf Dolni Vestonice digitalisiert \u2013 inklusive WLAN auf dem Friedhof, damit Ahnenforschung direkt vor Ort m\u00f6glich ist.<\/p>\n\n\n\n<p><\/p>\n\n\n\n<p><strong>Was verbindet uns?<\/strong><br>Berlin und Prag sind nur vier Stunden entfernt \u2013 eng verbunden durch Bahn, Tourismus, Geschichte. Zahlreiche gemeinsame EU-Projekte st\u00e4rken Infrastruktur, Bildung und Kultur. Auch wirtschaftlich gibt es viele Kooperationen \u2013 besonders in Technologie und Maschinenbau.<\/p>\n\n\n\n<p>Europa steht aktuell vor gro\u00dfen Herausforderungen. ZUSAMMEN k\u00f6nnen wir die Herausforderungen BESSER bestehen\u2013 gemeinsam k\u00f6nnen wir mehr bewegen! Mischen Sie sich ein und sprechen Sie zum Beispiel Ihre EU-Beauftragten in den Bezirks\u00e4mtern an.<\/p>\n\n\n\n<p><\/p>\n\n\n\n<p><strong>I don\u2019t benefit at all from Germany paying for poorer EU countries! Is that true?<br><\/strong>Did you know that in the past there was a <strong>strong imbalance between Europe\u2019s so-called rich and poor countries<\/strong>? This led to many cheap laborers moving to Germany, taking jobs from local workers. At the same time, the strengths of poorer countries \u2013 such as agricultural production \u2013 could only be used to a limited extent, because people there <strong>couldn\u2019t make a living from farming<\/strong>.<\/p>\n\n\n\n<p>Strengthening the infrastructure of these countries has allowed more people to <strong>stay in their home regions<\/strong>, while also <strong>boosting production capacity<\/strong> for goods that are <strong>highly valued in Germany<\/strong> but not produced there \u2014 such as <strong>olive oil, grains, vegetables, cheese and fruit<\/strong>.<\/p>\n\n\n\n<p><\/p>\n\n\n\n<p><em>You are standing at the <strong>Czech plaque<\/strong> of the PATH OF VISIONARIES.<\/em><\/p>\n\n\n\n<p><\/p>\n\n\n\n<p>The Czech Republic joined the EU on May 1, 2004, after a successful referendum and reform process.<\/p>\n\n\n\n<p>Did you know that Prague\u2019s <strong>Astronomical Clock<\/strong> from 1410 is still ticking today? It\u2019s an engineering marvel. The Czech language has no letter \u201cJ\u201d as in German \u2013 but it does have words without vowels!<\/p>\n\n\n\n<p>With EU funding, the Czech village of <strong>Doln\u00ed V\u011bstonice<\/strong> was fully digitalized \u2013 including Wi-Fi in the cemetery, allowing people to do <strong>genealogical research on site<\/strong>.<\/p>\n\n\n\n<p><\/p>\n\n\n\n<p><strong>What connects us?<\/strong><br>Berlin and Prague are only <strong>four hours apart<\/strong><strong>, <\/strong>linked by rail, tourism and shared history. Numerous EU projects strengthen <strong>infrastructure, education and culture<\/strong>, while economic cooperation is particularly strong in<strong>technology and engineering<\/strong>.<\/p>\n\n\n\n<p>Europe is currently facing major challenges. TOGETHER we can face them BETTER \u2013 united, we can achieve more! Get involved and talk to your EU representatives in the district offices, for example.<\/p>","protected":false},"excerpt":{"rendered":"<p>For english version see below Ich hab gar nichts davon, dass Deutschland f\u00fcr die \u00e4rmeren EU-L\u00e4nder zahlt! Ist das so? Wussten Sie, dass es fr\u00fcher ein&#46;&#46;&#46;<\/p>","protected":false},"author":2,"featured_media":0,"parent":0,"menu_order":0,"comment_status":"closed","ping_status":"closed","template":"","meta":{"ub_ctt_via":"","pgc_sgb_lightbox_settings":"","footnotes":""},"class_list":["post-1046","page","type-page","status-publish","hentry"],"featured_image_src":null,"_links":{"self":[{"href":"https:\/\/pfaddervisionaere.de\/en\/wp-json\/wp\/v2\/pages\/1046","targetHints":{"allow":["GET"]}}],"collection":[{"href":"https:\/\/pfaddervisionaere.de\/en\/wp-json\/wp\/v2\/pages"}],"about":[{"href":"https:\/\/pfaddervisionaere.de\/en\/wp-json\/wp\/v2\/types\/page"}],"author":[{"embeddable":true,"href":"https:\/\/pfaddervisionaere.de\/en\/wp-json\/wp\/v2\/users\/2"}],"replies":[{"embeddable":true,"href":"https:\/\/pfaddervisionaere.de\/en\/wp-json\/wp\/v2\/comments?post=1046"}],"version-history":[{"count":2,"href":"https:\/\/pfaddervisionaere.de\/en\/wp-json\/wp\/v2\/pages\/1046\/revisions"}],"predecessor-version":[{"id":1115,"href":"https:\/\/pfaddervisionaere.de\/en\/wp-json\/wp\/v2\/pages\/1046\/revisions\/1115"}],"wp:attachment":[{"href":"https:\/\/pfaddervisionaere.de\/en\/wp-json\/wp\/v2\/media?parent=1046"}],"curies":[{"name":"wp","href":"https:\/\/api.w.org\/{rel}","templated":true}]}}