{"id":1044,"date":"2025-10-10T12:20:10","date_gmt":"2025-10-10T12:20:10","guid":{"rendered":"https:\/\/pfaddervisionaere.de\/?page_id=1044"},"modified":"2025-10-10T13:12:32","modified_gmt":"2025-10-10T13:12:32","slug":"polen","status":"publish","type":"page","link":"https:\/\/pfaddervisionaere.de\/en\/polen","title":{"rendered":"Polen"},"content":{"rendered":"<figure class=\"wp-block-image size-full\"><img loading=\"lazy\" decoding=\"async\" width=\"600\" height=\"400\" src=\"https:\/\/pfaddervisionaere.de\/wp-content\/uploads\/2025\/09\/Flag_of_Poland.png\" alt=\"\" class=\"wp-image-901\" srcset=\"https:\/\/pfaddervisionaere.de\/wp-content\/uploads\/2025\/09\/Flag_of_Poland.png 600w, https:\/\/pfaddervisionaere.de\/wp-content\/uploads\/2025\/09\/Flag_of_Poland-300x200.png 300w, https:\/\/pfaddervisionaere.de\/wp-content\/uploads\/2025\/09\/Flag_of_Poland-18x12.png 18w, https:\/\/pfaddervisionaere.de\/wp-content\/uploads\/2025\/09\/Flag_of_Poland-520x347.png 520w\" sizes=\"auto, (max-width: 600px) 100vw, 600px\" \/><\/figure>\n\n\n\n<p><em>For english version see below<\/em><\/p>\n\n\n\n<p><\/p>\n\n\n\n<p><strong>Deutschland st\u00fcnde mit der D-Mark besser da! Ist das so?<\/strong><\/p>\n\n\n\n<p>Wussten Sie, dass Deutschland allein heute wirtschaftlich schlechter dastehen w\u00fcrde im Vergleich zu den gro\u00dfen Wirtschaftskr\u00e4ften wie USA und China? Die vereinten Kr\u00e4fte und St\u00e4rken der EU haben auch den Wettbewerbsvorteil von Deutschland stark unterst\u00fctzt, weil Deutschland von Exporten und Importen abh\u00e4ngig ist. Dies h\u00e4tte auch auf die D-Mark auf lange Sicht gro\u00dfe Auswirkungen gehabt. Mit der D Mark w\u00e4r Deutschland kein Exportweltmeister geworden. In einem sich rasch wandelnden, internationalen Umfeld kann Europa seine Wirtschaftskraft und sein Netz der sozialen Sicherheit nur mit einem starken Binnenmarkt und einer global bedeutsamen W\u00e4hrung wahren. Der Wechselkurs zu anderen W\u00e4hrungen hat sich deutlich verbilligt.<\/p>\n\n\n\n<p><\/p>\n\n\n\n<p><em>Sie befinden sich an der<strong> polnischen Tafel<\/strong> des PFAD DER VISION\u00c4RE (m\/w\/d).<\/em><\/p>\n\n\n\n<p><\/p>\n\n\n\n<p>Polen ist am\u202f1. Mai\u202f2004 durch die \u201eBig-Bang\u201c-Erweiterung beigetreten \u2013 zusammen mit neun anderen L\u00e4ndern aus Mittel- und Osteuropa.<\/p>\n\n\n\n<p>Wussten Sie, dass Polen nicht nur Pierogi und Geschichte ist? Es ist weltgr\u00f6\u00dfter Hersteller von Stra\u00dfenbahnen und hat die gr\u00f6\u00dfte Bunkeranlage aus dem Kalten Krieg, das Wlodzimierz-Feld. Au\u00dferdem zeigte der polnische, ber\u00fchmte Astronom, Nicolaus Copernicus, dass die Erde sich um die Sonne dreht.<br>Mit EU-Mitteln wurde ein luftreinigender Spielplatz in Warschau gebaut \u2013 die Kinder spielen dort in frischer Luft, die von Algen produziert wird.<\/p>\n\n\n\n<p><\/p>\n\n\n\n<p><strong>Was verbindet uns mit Polen?<\/strong><br>Berlin und Polen sind eng vernetzt: Wirtschaft, Pendler, Erasmus-Studierende, Kultur-Festivals und St\u00e4dtepartnerschaften. Gerade in Zeiten gemeinsamer EU-Initiativen f\u00fcr Infrastruktur und grenz\u00fcberschreitende Zusammenarbeit ist Polen ein zentraler Partner f\u00fcr uns.<\/p>\n\n\n\n<p>Europa steht aktuell vor gro\u00dfen Herausforderungen. ZUSAMMEN k\u00f6nnen wir die Herausforderungen BESSER bestehen\u2013 gemeinsam k\u00f6nnen wir mehr bewegen! Mischen Sie sich ein und sprechen Sie zum Beispiel Ihre EU-Beauftragten in den Bezirks\u00e4mtern an.<\/p>\n\n\n\n<p><\/p>\n\n\n\n<p><strong>Germany would be better off with the Deutsche Mark! Is that true?<br><\/strong>Did you know that Germany on its own would be economically weaker today compared to major global powers like the US and China? The <strong>combined strength of the EU<\/strong> has significantly boosted Germany\u2019s competitive advantage, as its economy depends heavily on <strong>exports and imports<\/strong>. Over time, the Deutsche Mark would also have been affected: without the Euro, <strong>Germany would not have become an export powerhouse<\/strong>.<\/p>\n\n\n\n<p>In a rapidly changing global environment, Europe can only maintain its <strong>economic strength and social security systems<\/strong> through a <strong>strong single market and a globally significant currency<\/strong>. Exchange rates with other currencies have become much more favorable thanks to this.<\/p>\n\n\n\n<p><\/p>\n\n\n\n<p><em>You are standing at the <strong>Polish plaque<\/strong> of the PATH OF VISIONARIES.<\/em><\/p>\n\n\n\n<p><\/p>\n\n\n\n<p>Poland joined the EU on May 1, 2004, during the \u201cBig Bang\u201d enlargement with nine other Central and Eastern European countries.<\/p>\n\n\n\n<p>Did you know that Poland is more than just pierogi and history? It is the <strong>world\u2019s largest tram producer<\/strong>, home to <strong>the biggest Cold War bunker complex<\/strong> (the W\u0142odzimierz Field), and the birthplace of <strong>astronomer Nicolaus Copernicus<\/strong>, who showed that the Earth orbits the sun.<\/p>\n\n\n\n<p>EU funding enabled the construction of a <strong>playground in Warsaw with algae-powered air purification<\/strong> \u2013 children now play in fresh, naturally filtered air.<\/p>\n\n\n\n<p><\/p>\n\n\n\n<p><strong>What connects us with Poland?<\/strong><br>Berlin and Poland are closely connected through <strong>business, commuters, Erasmus students, cultural festivals and city partnerships<\/strong><strong>. <\/strong>Especially within EU initiatives for infrastructure and cross-border cooperation, Poland is a<strong>key partner<\/strong> for Berlin.<\/p>\n\n\n\n<p>Europe is currently facing major challenges. TOGETHER we can face them BETTER \u2013 united, we can achieve more! Get involved and talk to your EU representatives in the district offices, for example.<\/p>","protected":false},"excerpt":{"rendered":"<p>For english version see below Deutschland st\u00fcnde mit der D-Mark besser da! Ist das so? Wussten Sie, dass Deutschland allein heute wirtschaftlich schlechter dastehen w\u00fcrde im&#46;&#46;&#46;<\/p>","protected":false},"author":2,"featured_media":0,"parent":0,"menu_order":0,"comment_status":"closed","ping_status":"closed","template":"","meta":{"ub_ctt_via":"","pgc_sgb_lightbox_settings":"","footnotes":""},"class_list":["post-1044","page","type-page","status-publish","hentry"],"featured_image_src":null,"_links":{"self":[{"href":"https:\/\/pfaddervisionaere.de\/en\/wp-json\/wp\/v2\/pages\/1044","targetHints":{"allow":["GET"]}}],"collection":[{"href":"https:\/\/pfaddervisionaere.de\/en\/wp-json\/wp\/v2\/pages"}],"about":[{"href":"https:\/\/pfaddervisionaere.de\/en\/wp-json\/wp\/v2\/types\/page"}],"author":[{"embeddable":true,"href":"https:\/\/pfaddervisionaere.de\/en\/wp-json\/wp\/v2\/users\/2"}],"replies":[{"embeddable":true,"href":"https:\/\/pfaddervisionaere.de\/en\/wp-json\/wp\/v2\/comments?post=1044"}],"version-history":[{"count":2,"href":"https:\/\/pfaddervisionaere.de\/en\/wp-json\/wp\/v2\/pages\/1044\/revisions"}],"predecessor-version":[{"id":1108,"href":"https:\/\/pfaddervisionaere.de\/en\/wp-json\/wp\/v2\/pages\/1044\/revisions\/1108"}],"wp:attachment":[{"href":"https:\/\/pfaddervisionaere.de\/en\/wp-json\/wp\/v2\/media?parent=1044"}],"curies":[{"name":"wp","href":"https:\/\/api.w.org\/{rel}","templated":true}]}}