{"id":1042,"date":"2025-10-10T12:18:48","date_gmt":"2025-10-10T12:18:48","guid":{"rendered":"https:\/\/pfaddervisionaere.de\/?page_id=1042"},"modified":"2025-10-10T13:09:43","modified_gmt":"2025-10-10T13:09:43","slug":"litauen","status":"publish","type":"page","link":"https:\/\/pfaddervisionaere.de\/en\/litauen","title":{"rendered":"Litauen"},"content":{"rendered":"<figure class=\"wp-block-image size-full\"><img loading=\"lazy\" decoding=\"async\" width=\"600\" height=\"400\" src=\"https:\/\/pfaddervisionaere.de\/wp-content\/uploads\/2025\/09\/Flag_of_Lithuania.png\" alt=\"\" class=\"wp-image-896\" srcset=\"https:\/\/pfaddervisionaere.de\/wp-content\/uploads\/2025\/09\/Flag_of_Lithuania.png 600w, https:\/\/pfaddervisionaere.de\/wp-content\/uploads\/2025\/09\/Flag_of_Lithuania-300x200.png 300w, https:\/\/pfaddervisionaere.de\/wp-content\/uploads\/2025\/09\/Flag_of_Lithuania-18x12.png 18w, https:\/\/pfaddervisionaere.de\/wp-content\/uploads\/2025\/09\/Flag_of_Lithuania-520x347.png 520w\" sizes=\"auto, (max-width: 600px) 100vw, 600px\" \/><\/figure>\n\n\n\n<p><em>For english version see below<\/em><\/p>\n\n\n\n<p><\/p>\n\n\n\n<p><strong>Welches dieser L\u00e4nder hat die h\u00f6chste Internet-Nutzung pro Kopf?<\/strong><br>A) Estland<br>B) Italien<br>C) Slowakei<\/p>\n\n\n\n<p>Notieren Sie sich bitte den Anfangsbuchstaben der richtigen Antwort.<\/p>\n\n\n\n<p><\/p>\n\n\n\n<p><em>Sie befinden sich an der <strong>litauischen Tafel<\/strong> des PFAD DER VISION\u00c4RE (m\/w\/d).<\/em><\/p>\n\n\n\n<p><\/p>\n\n\n\n<p>Litauen ist seit dem 1. Mai 2004 Mitglied der EU.<\/p>\n\n\n\n<p>Wussten Sie, dass Litauen ber\u00fchmt f\u00fcr seine mystischen Bernsteinfunde an der Ostsee ist, die seit Jahrhunderten gehandelt werden? Au\u00dferdem war es eines der ersten L\u00e4nder Europas, das den Wiedereintritt in die Demokratie vollzog und Litauen hat heute eine starke IT-Branche.<br>Mit EU-F\u00f6rderung wurde das erste Museum f\u00fcr Bienen er\u00f6ffnet \u2013 inklusive Honigverkostung und VR-Flug durch einen Bienenstock.<\/p>\n\n\n\n<p><\/p>\n\n\n\n<p><strong>Was verbindet uns?<\/strong><br>Berlin und Vilnius arbeiten zusammen bei Digitalisierung, Kultur und Bildung. Viele Litauer*innen leben in Deutschland. Im EU-Rahmen st\u00e4rken wir gemeinsam Projekte f\u00fcr erneuerbare Energien und Innovation.<\/p>\n\n\n\n<p>Europa steht aktuell vor gro\u00dfen Herausforderungen. ZUSAMMEN k\u00f6nnen wir die Herausforderungen BESSER bestehen\u2013 gemeinsam k\u00f6nnen wir mehr bewegen! Mischen Sie sich ein und sprechen Sie zum Beispiel Ihre EU-Beauftragten in den Bezirks\u00e4mtern an.<\/p>\n\n\n\n<p><\/p>\n\n\n\n<p><em>You are standing at the <strong>Lithuanian plaque<\/strong> of the PATH OF VISIONARIES.<\/em><\/p>\n\n\n\n<p><\/p>\n\n\n\n<p>Lithuania has been an EU member since May 1, 2004.<\/p>\n\n\n\n<p>Did you know that Lithuania is famous for its <strong>mystical Baltic amber<\/strong>, traded for centuries? It was also one of the first European countries to <strong>re-establish democracy<\/strong> and now has a thriving <strong>IT sector<\/strong>.<\/p>\n\n\n\n<p>With EU funding, the <strong>first museum dedicated to bees<\/strong> was created \u2013 including honey tasting and a VR flight through a beehive.<\/p>\n\n\n\n<p><strong>What connects us?<\/strong><br>Berlin and Vilnius cooperate in <strong>digitalization, culture and education<\/strong><strong>. <\/strong>Many Lithuanians live in Germany. Within the EU, we jointly strengthen<strong>renewable energy and innovation<\/strong> projects.<\/p>\n\n\n\n<p>Europe is currently facing major challenges. TOGETHER we can face them BETTER \u2013 united, we can achieve more! Get involved and talk to your EU representatives in the district offices, for example.<\/p>","protected":false},"excerpt":{"rendered":"<p>For english version see below Welches dieser L\u00e4nder hat die h\u00f6chste Internet-Nutzung pro Kopf?A) EstlandB) ItalienC) Slowakei Notieren Sie sich bitte den Anfangsbuchstaben der richtigen Antwort.&#46;&#46;&#46;<\/p>","protected":false},"author":2,"featured_media":0,"parent":0,"menu_order":0,"comment_status":"closed","ping_status":"closed","template":"","meta":{"ub_ctt_via":"","pgc_sgb_lightbox_settings":"","footnotes":""},"class_list":["post-1042","page","type-page","status-publish","hentry"],"featured_image_src":null,"_links":{"self":[{"href":"https:\/\/pfaddervisionaere.de\/en\/wp-json\/wp\/v2\/pages\/1042","targetHints":{"allow":["GET"]}}],"collection":[{"href":"https:\/\/pfaddervisionaere.de\/en\/wp-json\/wp\/v2\/pages"}],"about":[{"href":"https:\/\/pfaddervisionaere.de\/en\/wp-json\/wp\/v2\/types\/page"}],"author":[{"embeddable":true,"href":"https:\/\/pfaddervisionaere.de\/en\/wp-json\/wp\/v2\/users\/2"}],"replies":[{"embeddable":true,"href":"https:\/\/pfaddervisionaere.de\/en\/wp-json\/wp\/v2\/comments?post=1042"}],"version-history":[{"count":2,"href":"https:\/\/pfaddervisionaere.de\/en\/wp-json\/wp\/v2\/pages\/1042\/revisions"}],"predecessor-version":[{"id":1103,"href":"https:\/\/pfaddervisionaere.de\/en\/wp-json\/wp\/v2\/pages\/1042\/revisions\/1103"}],"wp:attachment":[{"href":"https:\/\/pfaddervisionaere.de\/en\/wp-json\/wp\/v2\/media?parent=1042"}],"curies":[{"name":"wp","href":"https:\/\/api.w.org\/{rel}","templated":true}]}}