{"id":1040,"date":"2025-10-10T12:17:22","date_gmt":"2025-10-10T12:17:22","guid":{"rendered":"https:\/\/pfaddervisionaere.de\/?page_id=1040"},"modified":"2025-10-10T13:09:05","modified_gmt":"2025-10-10T13:09:05","slug":"lettland","status":"publish","type":"page","link":"https:\/\/pfaddervisionaere.de\/en\/lettland","title":{"rendered":"Lettland"},"content":{"rendered":"<figure class=\"wp-block-image size-full\"><img loading=\"lazy\" decoding=\"async\" width=\"600\" height=\"400\" src=\"https:\/\/pfaddervisionaere.de\/wp-content\/uploads\/2025\/09\/Flag_of_Latvia.png\" alt=\"\" class=\"wp-image-894\" srcset=\"https:\/\/pfaddervisionaere.de\/wp-content\/uploads\/2025\/09\/Flag_of_Latvia.png 600w, https:\/\/pfaddervisionaere.de\/wp-content\/uploads\/2025\/09\/Flag_of_Latvia-300x200.png 300w, https:\/\/pfaddervisionaere.de\/wp-content\/uploads\/2025\/09\/Flag_of_Latvia-18x12.png 18w, https:\/\/pfaddervisionaere.de\/wp-content\/uploads\/2025\/09\/Flag_of_Latvia-520x347.png 520w\" sizes=\"auto, (max-width: 600px) 100vw, 600px\" \/><\/figure>\n\n\n\n<p><em>For english version see below<\/em><\/p>\n\n\n\n<p><\/p>\n\n\n\n<p><strong>Was geht mich die EU an \u2013 die ist ja total b\u00fcrgerfern! Ist das so?<\/strong><\/p>\n\n\n\n<p>Wussten Sie, dass viele Entscheidungen auf europ\u00e4ischer Ebene getroffen werden und nicht immer direkt sichtbar sind? Die gew\u00e4hlten Vertreter*innen vertreten die unterschiedlichsten Interessen von 450 Millionen Menschen und m\u00fcssen diese untereinander ausgleichen und abw\u00e4gen. Die Anzahl der Programme und F\u00f6rderungen, die direkt den Alltag der Menschen verbessern, sind zahlreich und werden oft als selbstverst\u00e4ndlich wahrgenommen, wie z.B. F\u00f6rderungen f\u00fcr Bildung, Umweltprojekte oder regionale Entwicklung.<\/p>\n\n\n\n<p>Wir k\u00f6nnen stolz auf die EU sein: Das Europ\u00e4ische Parlament ist das einzige supranationale Parlament der Welt und seit 2009 gibt es f\u00fcr B\u00fcrger*inneninitiativen die M\u00f6glichkeit, direkt Einfluss auf das Parlament auszu\u00fcben.<\/p>\n\n\n\n<p><\/p>\n\n\n\n<p><em>Sie befinden sich an der <strong>lettischen Tafel<\/strong> des PFAD DER VISION\u00c4RE (m\/w\/d).<\/em><\/p>\n\n\n\n<p><\/p>\n\n\n\n<p>Lettland trat der EU am 1. Mai 2004 bei.<\/p>\n\n\n\n<p>Wussten Sie, dass Lettland ein Land voller Naturwunder mit fast 50% Waldfl\u00e4che und wundersch\u00f6nen Sandstr\u00e4nden an der Ostsee ist? Riga, die Hauptstadt, besitzt eine der gr\u00f6\u00dften Sammlungen an Jugendstilarchitektur Europas.<br>EU-Mittel erm\u00f6glichten die Sanierung alter Holzh\u00e4user in Riga \u2013 heute sind sie hippe Caf\u00e9s mit WLAN und veganem Kuchen.<\/p>\n\n\n\n<p><\/p>\n\n\n\n<p><strong>Was verbindet uns?<\/strong><br>Deutschland und Lettland pflegen enge Beziehungen in Handel, Bildung und Kultur. Erasmus f\u00f6rdert Austauschprogramme. Gemeinsame EU-Initiativen verbinden uns im Bereich Umweltschutz und digitale Transformation.<\/p>\n\n\n\n<p>Europa steht aktuell vor gro\u00dfen Herausforderungen. ZUSAMMEN k\u00f6nnen wir die Herausforderungen BESSER bestehen\u2013 gemeinsam k\u00f6nnen wir mehr bewegen! Mischen Sie sich ein und sprechen Sie zum Beispiel Ihre EU-Beauftragten in den Bezirks\u00e4mtern an.<\/p>\n\n\n\n<p><\/p>\n\n\n\n<p><strong>What does the EU have to do with me \u2013 it\u2019s totally detached from citizens! Is that true?<br><\/strong>Did you know that many decisions are made at the <strong>European level<\/strong>, even if they are not always immediately visible? Elected representatives must balance the diverse interests of <strong>450 million people<\/strong>.<\/p>\n\n\n\n<p>There are countless <strong>EU programs and funding schemes<\/strong> that improve people\u2019s daily lives \u2013 often taken for granted. These include support for <strong>education, environmental projects and regional development<\/strong>.<\/p>\n\n\n\n<p>We can be proud of the EU: The <strong>European Parliament<\/strong> is the world\u2019s <strong>only supranational parliament<\/strong>. Since 2009, citizens\u2019 initiatives have been able to <strong>directly influence EU policy<\/strong>.<\/p>\n\n\n\n<p><\/p>\n\n\n\n<p><em>You are standing at the <strong>Latvian plaque<\/strong> of the PATH OF VISIONARIES.<\/em><\/p>\n\n\n\n<p><\/p>\n\n\n\n<p>Latvia joined the EU on May 1, 2004.<\/p>\n\n\n\n<p>Did you know that Latvia is a land of <strong>natural wonders<\/strong>, with almost <strong>50% forest cover<\/strong> and beautiful <strong>Baltic Sea beaches<\/strong>? Riga, the capital, boasts one of Europe\u2019s largest collections of <strong>Art Nouveau architecture<\/strong>.<\/p>\n\n\n\n<p>EU funds helped to <strong>restore old wooden houses in Riga<\/strong> \u2013 today, many are hip caf\u00e9s with Wi-Fi and vegan cakes.<\/p>\n\n\n\n<p><\/p>\n\n\n\n<p><strong>What connects us?<\/strong><br>Germany and Latvia enjoy <strong>close ties in trade, education and culture<\/strong><strong>. <\/strong>Erasmus programs foster exchanges. Joint EU initiatives connect us in<strong>environmental protection and digital transformation<\/strong>.<\/p>\n\n\n\n<p>Europe is currently facing major challenges. TOGETHER we can face them BETTER \u2013 united, we can achieve more! Get involved and talk to your EU representatives in the district offices, for example.<\/p>","protected":false},"excerpt":{"rendered":"<p>For english version see below Was geht mich die EU an \u2013 die ist ja total b\u00fcrgerfern! Ist das so? Wussten Sie, dass viele Entscheidungen auf&#46;&#46;&#46;<\/p>","protected":false},"author":2,"featured_media":0,"parent":0,"menu_order":0,"comment_status":"closed","ping_status":"closed","template":"","meta":{"ub_ctt_via":"","pgc_sgb_lightbox_settings":"","footnotes":""},"class_list":["post-1040","page","type-page","status-publish","hentry"],"featured_image_src":null,"_links":{"self":[{"href":"https:\/\/pfaddervisionaere.de\/en\/wp-json\/wp\/v2\/pages\/1040","targetHints":{"allow":["GET"]}}],"collection":[{"href":"https:\/\/pfaddervisionaere.de\/en\/wp-json\/wp\/v2\/pages"}],"about":[{"href":"https:\/\/pfaddervisionaere.de\/en\/wp-json\/wp\/v2\/types\/page"}],"author":[{"embeddable":true,"href":"https:\/\/pfaddervisionaere.de\/en\/wp-json\/wp\/v2\/users\/2"}],"replies":[{"embeddable":true,"href":"https:\/\/pfaddervisionaere.de\/en\/wp-json\/wp\/v2\/comments?post=1040"}],"version-history":[{"count":2,"href":"https:\/\/pfaddervisionaere.de\/en\/wp-json\/wp\/v2\/pages\/1040\/revisions"}],"predecessor-version":[{"id":1102,"href":"https:\/\/pfaddervisionaere.de\/en\/wp-json\/wp\/v2\/pages\/1040\/revisions\/1102"}],"wp:attachment":[{"href":"https:\/\/pfaddervisionaere.de\/en\/wp-json\/wp\/v2\/media?parent=1040"}],"curies":[{"name":"wp","href":"https:\/\/api.w.org\/{rel}","templated":true}]}}