{"id":1036,"date":"2025-10-10T12:13:29","date_gmt":"2025-10-10T12:13:29","guid":{"rendered":"https:\/\/pfaddervisionaere.de\/?page_id=1036"},"modified":"2025-10-10T13:06:03","modified_gmt":"2025-10-10T13:06:03","slug":"finnland","status":"publish","type":"page","link":"https:\/\/pfaddervisionaere.de\/en\/finnland","title":{"rendered":"Finnland"},"content":{"rendered":"<figure class=\"wp-block-image size-full\"><img loading=\"lazy\" decoding=\"async\" width=\"600\" height=\"400\" src=\"https:\/\/pfaddervisionaere.de\/wp-content\/uploads\/2025\/09\/Flag_of_Finland.png\" alt=\"\" class=\"wp-image-888\" srcset=\"https:\/\/pfaddervisionaere.de\/wp-content\/uploads\/2025\/09\/Flag_of_Finland.png 600w, https:\/\/pfaddervisionaere.de\/wp-content\/uploads\/2025\/09\/Flag_of_Finland-300x200.png 300w, https:\/\/pfaddervisionaere.de\/wp-content\/uploads\/2025\/09\/Flag_of_Finland-18x12.png 18w, https:\/\/pfaddervisionaere.de\/wp-content\/uploads\/2025\/09\/Flag_of_Finland-520x347.png 520w\" sizes=\"auto, (max-width: 600px) 100vw, 600px\" \/><\/figure>\n\n\n\n<p><em>For english version see below<\/em><\/p>\n\n\n\n<p><\/p>\n\n\n\n<p><strong>Die europ\u00e4ische Politik wird sowieso nur von Lobbyisten bestimmt! Ist das so?<\/strong><\/p>\n\n\n\n<p>Wussten Sie, dass Lobbyist*innen zwar Einfluss nehmen, dieser aber nicht unkontrolliert oder allm\u00e4chtig ist? Lobbyist*innen spielen eine wichtige Rolle in der EU. Sie vertreten die Interessen verschiedener Gruppen, wie Unternehmen, Verb\u00e4nde, NGOs oder andere Organisationen, und versuchen, Einfluss auf Gesetzgebungsprozesse zu nehmen. Das ist grunds\u00e4tzlich ein normaler Bestandteil demokratischer Prozesse, um unterschiedliche Perspektiven in die Entscheidungsfindung einzubringen. Die gew\u00e4hlten Vertreter*innen der EU-Institutionen, wie das Europ\u00e4ische Parlament, die Kommission und der Rat, treffen aber letztlich die Entscheidungen. Sie sind an Kontrollmechanismen, demokratische Prozesse gebunden und m\u00fcssen verschiedene Interessen abw\u00e4gen.<\/p>\n\n\n\n<p><\/p>\n\n\n\n<p><em>Sie befinden sich an der <strong>finnischen Tafel<\/strong> des PFAD DER VISION\u00c4RE (m\/w\/d).<\/em><\/p>\n\n\n\n<p><\/p>\n\n\n\n<p>Finnland trat der EU am 1. Januar 1995 bei \u2013 zusammen mit Schweden und \u00d6sterreich.<\/p>\n\n\n\n<p>Wussten Sie, dass Finnland \u00fcber 180\u202f000 Seen \u2013 und fast genauso viele Saunen hat? In Helsinki gibt es eine \u00f6ffentliche Bibliothek mit 3D-Druckern, K\u00fcchen und Musikstudios. Au\u00dferdem ist Finnland laut Studien eines der gl\u00fccklichsten L\u00e4nder der Welt \u2013 trotz (oder wegen) der langen Winter.<br>Mit EU-Geldern wurde ein Rentier-Tracking-System entwickelt \u2013 heute k\u00f6nnen Tourist*innen ihre Lieblingsrentierherde per App verfolgen.<\/p>\n\n\n\n<p><\/p>\n\n\n\n<p><strong>Was verbindet uns?<\/strong><br>Finnland und Deutschland arbeiten in der EU eng zusammen \u2013 etwa bei Bildung, Umwelt, Digitalisierung und Cybersicherheit. Viele Berliner*innen zieht es zum Studieren oder Reisen in den Norden. Auch kulturell gibt es zahlreiche Verbindungen, von Design bis Heavy Metal.<\/p>\n\n\n\n<p>Europa steht aktuell vor gro\u00dfen Herausforderungen. ZUSAMMEN k\u00f6nnen wir die Herausforderungen BESSER bestehen\u2013 gemeinsam k\u00f6nnen wir mehr bewegen! Mischen Sie sich ein und sprechen Sie zum Beispiel Ihre EU-Beauftragten in den Bezirks\u00e4mtern an.<\/p>\n\n\n\n<p><\/p>\n\n\n\n<p><strong>European politics is controlled by lobbyists anyway! Is that true?<br><\/strong>Did you know that while lobbyists <strong>do exert influence<\/strong>, it is neither uncontrolled nor all-powerful? Lobbyists play an important role in the EU: they represent the interests of different groups \u2013 companies, associations, NGOs and other organizations \u2013 and try to shape legislation.<\/p>\n\n\n\n<p>This is a <strong>normal part of democratic processes<\/strong>, bringing diverse perspectives into decision-making. Ultimately, however, decisions are made by <strong>elected EU representatives<\/strong> in institutions such as the <strong>European Parliament, the Commission and the Council<\/strong>. These are bound by democratic processes and oversight mechanisms, and must balance many different interests.<\/p>\n\n\n\n<p><\/p>\n\n\n\n<p><em>You are standing at the <strong>Finnish plaque<\/strong> of the PATH OF VISIONARIES.<\/em><\/p>\n\n\n\n<p><\/p>\n\n\n\n<p>Finland joined the EU on <strong>January 1, 1995<\/strong>, together with Sweden and Austria.<\/p>\n\n\n\n<p>Did you know that Finland has <strong>over 180,000 lakes and almost as many saunas<\/strong>? In Helsinki, there is a public library with 3D printers, kitchens and music studios. According to studies, Finland is one of the <strong>happiest countries in the world<\/strong> \u2013 perhaps because of, not despite, its long winters.<\/p>\n\n\n\n<p>With EU funding, a <strong>reindeer tracking system<\/strong> was developed \u2013 today tourists can follow their favorite reindeer herd via app.<\/p>\n\n\n\n<p><\/p>\n\n\n\n<p><strong>What connects us?<\/strong><br>Finland and Germany cooperate closely within the EU \u2013 for example in <strong>education, environment, digitalization and cybersecurity<\/strong>. Many Berliners travel or study in the North. Culturally, there are many links too \u2013 from design to heavy metal.<\/p>\n\n\n\n<p>Europe is currently facing major challenges. TOGETHER we can face them BETTER \u2013 united, we can achieve more! Get involved and talk to your EU representatives in the district offices, for example.<\/p>","protected":false},"excerpt":{"rendered":"<p>For english version see below Die europ\u00e4ische Politik wird sowieso nur von Lobbyisten bestimmt! Ist das so? Wussten Sie, dass Lobbyist*innen zwar Einfluss nehmen, dieser aber&#46;&#46;&#46;<\/p>","protected":false},"author":2,"featured_media":0,"parent":0,"menu_order":0,"comment_status":"closed","ping_status":"closed","template":"","meta":{"ub_ctt_via":"","pgc_sgb_lightbox_settings":"","footnotes":""},"class_list":["post-1036","page","type-page","status-publish","hentry"],"featured_image_src":null,"_links":{"self":[{"href":"https:\/\/pfaddervisionaere.de\/en\/wp-json\/wp\/v2\/pages\/1036","targetHints":{"allow":["GET"]}}],"collection":[{"href":"https:\/\/pfaddervisionaere.de\/en\/wp-json\/wp\/v2\/pages"}],"about":[{"href":"https:\/\/pfaddervisionaere.de\/en\/wp-json\/wp\/v2\/types\/page"}],"author":[{"embeddable":true,"href":"https:\/\/pfaddervisionaere.de\/en\/wp-json\/wp\/v2\/users\/2"}],"replies":[{"embeddable":true,"href":"https:\/\/pfaddervisionaere.de\/en\/wp-json\/wp\/v2\/comments?post=1036"}],"version-history":[{"count":2,"href":"https:\/\/pfaddervisionaere.de\/en\/wp-json\/wp\/v2\/pages\/1036\/revisions"}],"predecessor-version":[{"id":1096,"href":"https:\/\/pfaddervisionaere.de\/en\/wp-json\/wp\/v2\/pages\/1036\/revisions\/1096"}],"wp:attachment":[{"href":"https:\/\/pfaddervisionaere.de\/en\/wp-json\/wp\/v2\/media?parent=1036"}],"curies":[{"name":"wp","href":"https:\/\/api.w.org\/{rel}","templated":true}]}}