{"id":1034,"date":"2025-10-10T12:12:00","date_gmt":"2025-10-10T12:12:00","guid":{"rendered":"https:\/\/pfaddervisionaere.de\/?page_id=1034"},"modified":"2025-10-10T13:14:12","modified_gmt":"2025-10-10T13:14:12","slug":"schweden","status":"publish","type":"page","link":"https:\/\/pfaddervisionaere.de\/en\/schweden","title":{"rendered":"Schweden"},"content":{"rendered":"<figure class=\"wp-block-image size-full\"><img loading=\"lazy\" decoding=\"async\" width=\"600\" height=\"400\" src=\"https:\/\/pfaddervisionaere.de\/wp-content\/uploads\/2025\/09\/Flag_of_Sweden.png\" alt=\"\" class=\"wp-image-905\" srcset=\"https:\/\/pfaddervisionaere.de\/wp-content\/uploads\/2025\/09\/Flag_of_Sweden.png 600w, https:\/\/pfaddervisionaere.de\/wp-content\/uploads\/2025\/09\/Flag_of_Sweden-300x200.png 300w, https:\/\/pfaddervisionaere.de\/wp-content\/uploads\/2025\/09\/Flag_of_Sweden-18x12.png 18w, https:\/\/pfaddervisionaere.de\/wp-content\/uploads\/2025\/09\/Flag_of_Sweden-520x347.png 520w\" sizes=\"auto, (max-width: 600px) 100vw, 600px\" \/><\/figure>\n\n\n\n<p><em>For english version see below<\/em><\/p>\n\n\n\n<p><\/p>\n\n\n\n<p><strong>Die EU schreibt vor, wie krumm eine Gurke sein darf! Ist das so?<\/strong><\/p>\n\n\n\n<p>Wussten Sie, dass es in der Vergangenheit tats\u00e4chlich Vorschriften gab, die die Form von Gurken und anderen Gem\u00fcsearten regelten? Diese Vorschriften dienten vor allem dazu, den Handel zu erleichtern und Standards festzulegen, damit Produkte besser verpackt, transportiert und verkauft werden konnten. <strong>Die EU hat vielleicht mit Ihrer Stimme gelernt<\/strong>: Diese Vorschriften sind heute gr\u00f6\u00dftenteils aufgehoben oder stark gelockert. Die EU hat sich in den letzten Jahren mehr auf Qualit\u00e4ts- und Sicherheitsstandards konzentriert, ohne konkrete Vorgaben zur Form der Gurken zu machen.<\/p>\n\n\n\n<p><\/p>\n\n\n\n<p><em>Sie befinden sich an der <strong>schwedischen Tafel<\/strong> des PFAD DER VISION\u00c4RE (m\/w\/d).<\/em><\/p>\n\n\n\n<p><\/p>\n\n\n\n<p>Schweden trat am 1.\u202fJanuar\u202f1995 der EU bei \u2013 gemeinsam mit \u00d6sterreich und Finnland.<\/p>\n\n\n\n<p>Wussten Sie, dass Schweden die Pop- und Designwelt gepr\u00e4gt hat &#8211; ob Ikea, Spotify oder ABBA? Rund 75\u202f% des Landes sind unbewohnt \u2013 perfekte Naturerlebnisse garantiert! Und es gibt dort eine \u201eEis-Hotel\u201c-Saison \u2013 jedes Jahr wird ein Hotel aus Schnee neu gebaut.<br>EU-Gelder unterst\u00fctzen in Schweden die Entwicklung von Flugzeugen mit Biokraftstoff \u2013 heute fliegt man von Stockholm nach Berlin mit weniger CO2.<\/p>\n\n\n\n<p><\/p>\n\n\n\n<p><strong>Was verbindet uns?<\/strong><br>Schweden und Deutschland arbeiten eng zusammen beim Klimaschutz, in der Forschung und Digitalisierung. Viele schwedische Start-ups sind auch in Berlin aktiv. Au\u00dferdem profitieren wir von Erasmus und gemeinsamen Kultur- und Umweltinitiativen innerhalb der EU.<\/p>\n\n\n\n<p>Europa steht aktuell vor gro\u00dfen Herausforderungen. ZUSAMMEN k\u00f6nnen wir die Herausforderungen BESSER bestehen\u2013 gemeinsam k\u00f6nnen wir mehr bewegen! Mischen Sie sich ein und sprechen Sie zum Beispiel Ihre EU-Beauftragten in den Bezirks\u00e4mtern an.<\/p>\n\n\n\n<p><\/p>\n\n\n\n<p><strong>The EU dictates how curved a cucumber can be! Is that true?<br><\/strong>Did you know that in the past, there actually were regulations specifying the shape of cucumbers and other vegetables? These rules mainly aimed to <strong>facilitate trade and set common standards<\/strong>, making it easier to pack, transport and sell products across countries.<\/p>\n\n\n\n<p>The EU may have learned from experience \u2014 perhaps with your vote: these regulations have now been <strong>largely abolished or significantly relaxed<\/strong>. In recent years, the EU has focused more on <strong>quality and safety standards<\/strong>, without prescribing the exact shape of cucumbers.<\/p>\n\n\n\n<p><\/p>\n\n\n\n<p><em>You are standing at the <strong>Swedish plaque<\/strong> of the PATH OF VISIONARIES.<\/em><br><\/p>\n\n\n\n<p>Sweden joined the EU on January 1, 1995, together with Austria and Finland.<\/p>\n\n\n\n<p>Did you know that Sweden has shaped the <strong>worlds of pop culture and design<\/strong> \u2013 think Ikea, Spotify or ABBA? Around <strong>75% of the country is uninhabited<\/strong>, offering endless opportunities to experience nature. Sweden also has a unique \u201c<strong>ice hotel<\/strong>\u201d season \u2013 each year a hotel is built entirely from snow.<\/p>\n\n\n\n<p>EU funds support the development of <strong>biofuel aircraft<\/strong> in Sweden \u2013 today, you can fly from Stockholm to Berlin with lower CO\u2082 emissions.<\/p>\n\n\n\n<p><\/p>\n\n\n\n<p><strong>What connects us?<\/strong><br>Sweden and Germany work closely together on <strong>climate protection, research and digitalization<\/strong>. Many Swedish start-ups are active in Berlin. We also benefit from Erasmus and joint cultural and environmental initiatives within the EU.<\/p>\n\n\n\n<p>Europe is currently facing major challenges. TOGETHER we can face them BETTER \u2013 united, we can achieve more! Get involved and talk to your EU representatives in the district offices, for example.<\/p>","protected":false},"excerpt":{"rendered":"<p>For english version see below Die EU schreibt vor, wie krumm eine Gurke sein darf! Ist das so? Wussten Sie, dass es in der Vergangenheit tats\u00e4chlich&#46;&#46;&#46;<\/p>","protected":false},"author":2,"featured_media":0,"parent":0,"menu_order":0,"comment_status":"closed","ping_status":"closed","template":"","meta":{"ub_ctt_via":"","pgc_sgb_lightbox_settings":"","footnotes":""},"class_list":["post-1034","page","type-page","status-publish","hentry"],"featured_image_src":null,"_links":{"self":[{"href":"https:\/\/pfaddervisionaere.de\/en\/wp-json\/wp\/v2\/pages\/1034","targetHints":{"allow":["GET"]}}],"collection":[{"href":"https:\/\/pfaddervisionaere.de\/en\/wp-json\/wp\/v2\/pages"}],"about":[{"href":"https:\/\/pfaddervisionaere.de\/en\/wp-json\/wp\/v2\/types\/page"}],"author":[{"embeddable":true,"href":"https:\/\/pfaddervisionaere.de\/en\/wp-json\/wp\/v2\/users\/2"}],"replies":[{"embeddable":true,"href":"https:\/\/pfaddervisionaere.de\/en\/wp-json\/wp\/v2\/comments?post=1034"}],"version-history":[{"count":2,"href":"https:\/\/pfaddervisionaere.de\/en\/wp-json\/wp\/v2\/pages\/1034\/revisions"}],"predecessor-version":[{"id":1111,"href":"https:\/\/pfaddervisionaere.de\/en\/wp-json\/wp\/v2\/pages\/1034\/revisions\/1111"}],"wp:attachment":[{"href":"https:\/\/pfaddervisionaere.de\/en\/wp-json\/wp\/v2\/media?parent=1034"}],"curies":[{"name":"wp","href":"https:\/\/api.w.org\/{rel}","templated":true}]}}