{"id":1022,"date":"2025-10-10T11:57:09","date_gmt":"2025-10-10T11:57:09","guid":{"rendered":"https:\/\/pfaddervisionaere.de\/?page_id=1022"},"modified":"2025-10-10T13:07:39","modified_gmt":"2025-10-10T13:07:39","slug":"irland","status":"publish","type":"page","link":"https:\/\/pfaddervisionaere.de\/en\/irland","title":{"rendered":"Irland"},"content":{"rendered":"<figure class=\"wp-block-image size-full\"><img loading=\"lazy\" decoding=\"async\" width=\"600\" height=\"400\" src=\"https:\/\/pfaddervisionaere.de\/wp-content\/uploads\/2025\/09\/Flag_of_Ireland.png\" alt=\"\" class=\"wp-image-891\" srcset=\"https:\/\/pfaddervisionaere.de\/wp-content\/uploads\/2025\/09\/Flag_of_Ireland.png 600w, https:\/\/pfaddervisionaere.de\/wp-content\/uploads\/2025\/09\/Flag_of_Ireland-300x200.png 300w, https:\/\/pfaddervisionaere.de\/wp-content\/uploads\/2025\/09\/Flag_of_Ireland-18x12.png 18w, https:\/\/pfaddervisionaere.de\/wp-content\/uploads\/2025\/09\/Flag_of_Ireland-520x347.png 520w\" sizes=\"auto, (max-width: 600px) 100vw, 600px\" \/><\/figure>\n\n\n\n<p><em>For english version see below<\/em><\/p>\n\n\n\n<p><\/p>\n\n\n\n<p><strong>Welches dieser L\u00e4nder hat mehr Fahrr\u00e4der als Einwohner?<\/strong><br>A) Niederlande<br>B) Portugal<br>C) Tschechien<br>Notieren Sie sich bitte den Anfangsbuchstaben der richtigen Antwort.<\/p>\n\n\n\n<p><\/p>\n\n\n\n<p><em>Sie befinden sich an der <strong>irischen Tafel<\/strong> des PFAD DER VISION\u00c4RE (m\/w\/d).<\/em><\/p>\n\n\n\n<p><\/p>\n\n\n\n<p>Irland ist seit dem 1. Januar 1973 EU-Mitglied.<\/p>\n\n\n\n<p>Wussten Sie, dass Irland bekannt f\u00fcr seine atemberaubenden gr\u00fcnen Landschaften ist? Es regnet dort \u00f6fter, als man denkt! Au\u00dferdem hat Irland den weltweit gr\u00f6\u00dften Anteil an Schriftsteller*innen pro Kopf und ist Heimat von ber\u00fchmten Autor*innen wie James Joyce.<br>Dank EU-Investitionen wurde die irische Whiskey-Industrie modernisiert \u2013 heute exportiert Irland mehr Whiskey als je zuvor.<\/p>\n\n\n\n<p><\/p>\n\n\n\n<p><strong>Was verbindet uns?<\/strong><br>Irland und Deutschland sind enge Partner in Wirtschaft und Kultur. Berlin und Dublin kooperieren in Technologie und Bildung, viele junge Ir*innen studieren in Deutschland.<\/p>\n\n\n\n<p>Europa steht aktuell vor gro\u00dfen Herausforderungen. ZUSAMMEN k\u00f6nnen wir die Herausforderungen BESSER bestehen\u2013 gemeinsam k\u00f6nnen wir mehr bewegen! Mischen Sie sich ein und sprechen Sie zum Beispiel Ihre EU-Beauftragten in den Bezirks\u00e4mtern an.<\/p>\n\n\n\n<p><\/p>\n\n\n\n<p><em>You are at the <strong>Irish table<\/strong> of the PATH OF THE VISIONARIES.<\/em><\/p>\n\n\n\n<p><\/p>\n\n\n\n<p>Ireland has been an EU member since January 1, 1973.<\/p>\n\n\n\n<p>Did you know that Ireland is famous for its stunning green landscapes? It rains there more often than you think! It also has the world\u2019s largest share of writers per capita and is home to famous authors like James Joyce. Thanks to EU investments, the Irish whiskey industry has been modernized \u2013 today Ireland exports more whiskey than ever.<\/p>\n\n\n\n<p><\/p>\n\n\n\n<p><strong>What connects us?<\/strong> Ireland and Germany are close partners in economy and culture. Berlin and Dublin cooperate in technology and education; many young Irish study in Germany.<\/p>\n\n\n\n<p>Europe currently faces major challenges. TOGETHER we can better meet the challenges \u2013 together we can move more! Get involved and, for example, speak to your EU commissioners in the district offices.<\/p>","protected":false},"excerpt":{"rendered":"<p>For english version see below Welches dieser L\u00e4nder hat mehr Fahrr\u00e4der als Einwohner?A) NiederlandeB) PortugalC) TschechienNotieren Sie sich bitte den Anfangsbuchstaben der richtigen Antwort. Sie befinden&#46;&#46;&#46;<\/p>","protected":false},"author":2,"featured_media":0,"parent":0,"menu_order":0,"comment_status":"closed","ping_status":"closed","template":"","meta":{"ub_ctt_via":"","pgc_sgb_lightbox_settings":"","footnotes":""},"class_list":["post-1022","page","type-page","status-publish","hentry"],"featured_image_src":null,"_links":{"self":[{"href":"https:\/\/pfaddervisionaere.de\/en\/wp-json\/wp\/v2\/pages\/1022","targetHints":{"allow":["GET"]}}],"collection":[{"href":"https:\/\/pfaddervisionaere.de\/en\/wp-json\/wp\/v2\/pages"}],"about":[{"href":"https:\/\/pfaddervisionaere.de\/en\/wp-json\/wp\/v2\/types\/page"}],"author":[{"embeddable":true,"href":"https:\/\/pfaddervisionaere.de\/en\/wp-json\/wp\/v2\/users\/2"}],"replies":[{"embeddable":true,"href":"https:\/\/pfaddervisionaere.de\/en\/wp-json\/wp\/v2\/comments?post=1022"}],"version-history":[{"count":2,"href":"https:\/\/pfaddervisionaere.de\/en\/wp-json\/wp\/v2\/pages\/1022\/revisions"}],"predecessor-version":[{"id":1099,"href":"https:\/\/pfaddervisionaere.de\/en\/wp-json\/wp\/v2\/pages\/1022\/revisions\/1099"}],"wp:attachment":[{"href":"https:\/\/pfaddervisionaere.de\/en\/wp-json\/wp\/v2\/media?parent=1022"}],"curies":[{"name":"wp","href":"https:\/\/api.w.org\/{rel}","templated":true}]}}