{"id":1016,"date":"2025-10-10T11:51:03","date_gmt":"2025-10-10T11:51:03","guid":{"rendered":"https:\/\/pfaddervisionaere.de\/?page_id=1016"},"modified":"2025-10-10T13:03:33","modified_gmt":"2025-10-10T13:03:33","slug":"belgien","status":"publish","type":"page","link":"https:\/\/pfaddervisionaere.de\/en\/belgien","title":{"rendered":"Belgien"},"content":{"rendered":"<figure class=\"wp-block-image size-full\"><img loading=\"lazy\" decoding=\"async\" width=\"600\" height=\"400\" src=\"https:\/\/pfaddervisionaere.de\/wp-content\/uploads\/2025\/09\/Flag_of_Belgium.png\" alt=\"\" class=\"wp-image-871\" srcset=\"https:\/\/pfaddervisionaere.de\/wp-content\/uploads\/2025\/09\/Flag_of_Belgium.png 600w, https:\/\/pfaddervisionaere.de\/wp-content\/uploads\/2025\/09\/Flag_of_Belgium-300x200.png 300w, https:\/\/pfaddervisionaere.de\/wp-content\/uploads\/2025\/09\/Flag_of_Belgium-18x12.png 18w, https:\/\/pfaddervisionaere.de\/wp-content\/uploads\/2025\/09\/Flag_of_Belgium-520x347.png 520w\" sizes=\"auto, (max-width: 600px) 100vw, 600px\" \/><\/figure>\n\n\n\n<p><em>For english version see below<\/em><\/p>\n\n\n\n<p><\/p>\n\n\n\n<p><strong>Wir haben kein Geld, um unsere Schulen zu sanieren, aber Deutschland zahlt am meisten f\u00fcr B\u00fcrokratie und Verwaltung der EU! Ist das so?<\/strong><\/p>\n\n\n\n<p>Wussten Sie, dass in der EU die St\u00e4rkeren nicht mehr bezahlen, weil sie m\u00fcssen, sondern weil jeder proportional gleich viel bezahlt? Bei den finanziellen Transferleistungen und F\u00f6rderprogrammen handelt es sich um eine gemeinsame Investition in die Stabilit\u00e4t und den Erfolg der gesamten Union. Sehr viele Schulen in Deutschland werden mit Mittel der EU saniert. Gleichwohl gibt Deutschland national zu wenig f\u00fcr die Bildung aus und braucht nationale Reformen z.B. im sehr teuren f\u00f6deralen Bildungssystem.<\/p>\n\n\n\n<p><\/p>\n\n\n\n<p><em>Sie befinden sich an der <strong>belgischen Tafel<\/strong> des PFAD DER VISION\u00c4RE (m\/w\/d).<\/em><\/p>\n\n\n\n<p><\/p>\n\n\n\n<p>Belgien war von Anfang an dabei: Gr\u00fcndungsmitglied seit 1957.<\/p>\n\n\n\n<p>Wussten Sie, dass Belgien dreisprachig ist (Franz\u00f6sisch, Niederl\u00e4ndisch, Deutsch) und Heimat von Comics wie \u201eTim und Struppi\u201c? Es hat mehr Burgen pro Quadratkilometer als jedes andere Land Europas \u2013 und die Hauptstadt Br\u00fcssel ist gleichzeitig \u201eHauptstadt der EU\u201c, Sitz von Kommission, Parlament und NATO.<br>Die EU finanzierte die Restauration des Br\u00fcsseler Atomiums &#8211; das ikonische Bauwerk gl\u00e4nzt heute wieder wie zur EXPO 1958 und ist ein beliebter Selfie-Hotspot.<\/p>\n\n\n\n<p><\/p>\n\n\n\n<p><strong>Was verbindet uns?<\/strong><br>Br\u00fcssel ist auch f\u00fcr Berlin zentral \u2013 viele Entscheidungen, die uns betreffen, fallen dort. Belgien und Deutschland kooperieren eng bei Verkehr, Energie und Forschung. Auch kulinarisch sp\u00fcren wir die N\u00e4he: Schokolade, Bier, Pommes \u2013 belgischer Einfluss ist auch bei uns beliebt!<\/p>\n\n\n\n<p>Europa steht aktuell vor gro\u00dfen Herausforderungen. ZUSAMMEN k\u00f6nnen wir die Herausforderungen BESSER bestehen\u2013 gemeinsam k\u00f6nnen wir mehr bewegen! Mischen Sie sich ein und sprechen Sie zum Beispiel Ihre EU-Beauftragten in den Bezirks\u00e4mtern an.<\/p>\n\n\n\n<p><\/p>\n\n\n\n<p><strong>We have no money to renovate our schools, but Germany pays the most for bureaucracy and administration of the EU! Is that so?<\/strong><\/p>\n\n\n\n<p>Did you know that in the EU the stronger pay not because they must, but because everyone pays roughly the same amount? The financial transfers and funding programs are a joint investment in the stability and success of the entire Union. Many schools in Germany are renovated with EU funds. Nevertheless, Germany nationally spends too little on education and needs national reforms, e.g., in the very expensive federal education system.<\/p>\n\n\n\n<p><\/p>\n\n\n\n<p><em>You are at the <strong>Belgian table<\/strong> of the PATH OF THE VISIONARIES.<\/em><\/p>\n\n\n\n<p><\/p>\n\n\n\n<p>Belgium has been involved from the start: founding member since 1957.<\/p>\n\n\n\n<p>Did you know that Belgium is trilingual (French, Dutch, German) and home to comics like \u201cTintin\u201d? It has more castles per square kilometer than any other European country \u2013 and Brussels, the capital, is also the \u201cCapital of the EU,\u201d seat of the Commission, Parliament, and NATO. The EU financed the restoration of the Brussels Atomium &#8211; the iconic building gleams again as at EXPO 1958 and is a popular selfie hotspot.<\/p>\n\n\n\n<p><\/p>\n\n\n\n<p><strong>What connects us?<\/strong> Brussels is also central for Berlin \u2013 many decisions that affect us are made there. Belgium and Germany cooperate closely on transport, energy, and research. Culinary ties are also felt: chocolate, beer, fries \u2013 Belgian influence is popular with us too!<\/p>\n\n\n\n<p>Europe currently faces major challenges. TOGETHER we can better meet the challenges \u2013 together we can move more! Get involved and, for example, speak to your EU commissioners in the district offices.<\/p>","protected":false},"excerpt":{"rendered":"<p>For english version see below Wir haben kein Geld, um unsere Schulen zu sanieren, aber Deutschland zahlt am meisten f\u00fcr B\u00fcrokratie und Verwaltung der EU! Ist&#46;&#46;&#46;<\/p>","protected":false},"author":2,"featured_media":0,"parent":0,"menu_order":0,"comment_status":"closed","ping_status":"closed","template":"","meta":{"ub_ctt_via":"","pgc_sgb_lightbox_settings":"","footnotes":""},"class_list":["post-1016","page","type-page","status-publish","hentry"],"featured_image_src":null,"_links":{"self":[{"href":"https:\/\/pfaddervisionaere.de\/en\/wp-json\/wp\/v2\/pages\/1016","targetHints":{"allow":["GET"]}}],"collection":[{"href":"https:\/\/pfaddervisionaere.de\/en\/wp-json\/wp\/v2\/pages"}],"about":[{"href":"https:\/\/pfaddervisionaere.de\/en\/wp-json\/wp\/v2\/types\/page"}],"author":[{"embeddable":true,"href":"https:\/\/pfaddervisionaere.de\/en\/wp-json\/wp\/v2\/users\/2"}],"replies":[{"embeddable":true,"href":"https:\/\/pfaddervisionaere.de\/en\/wp-json\/wp\/v2\/comments?post=1016"}],"version-history":[{"count":2,"href":"https:\/\/pfaddervisionaere.de\/en\/wp-json\/wp\/v2\/pages\/1016\/revisions"}],"predecessor-version":[{"id":1090,"href":"https:\/\/pfaddervisionaere.de\/en\/wp-json\/wp\/v2\/pages\/1016\/revisions\/1090"}],"wp:attachment":[{"href":"https:\/\/pfaddervisionaere.de\/en\/wp-json\/wp\/v2\/media?parent=1016"}],"curies":[{"name":"wp","href":"https:\/\/api.w.org\/{rel}","templated":true}]}}